{"id":367,"date":"2014-01-14T10:29:45","date_gmt":"2014-01-14T15:29:45","guid":{"rendered":"http:\/\/www.aynisoft.com\/corporacion\/?page_id=367"},"modified":"2016-04-09T10:25:01","modified_gmt":"2016-04-09T15:25:01","slug":"aynipos","status":"publish","type":"page","link":"https:\/\/www.aynisoft.com\/corporacion\/aynipos\/","title":{"rendered":"AyniPOS"},"content":{"rendered":"<p><a href=\"http:\/\/www.aynisoft.com\/corporacion\/wp-content\/uploads\/2014\/01\/flyer.jpg\"><img decoding=\"async\" class=\"wp-image-390 aligncenter lazyload\" data-src=\"http:\/\/www.aynisoft.com\/corporacion\/wp-content\/uploads\/2014\/01\/flyer-1024x721.jpg\" alt=\"flyer\" width=\"550\" height=\"388\" data-srcset=\"https:\/\/www.aynisoft.com\/corporacion\/wp-content\/uploads\/2014\/01\/flyer-1024x721.jpg 1024w, https:\/\/www.aynisoft.com\/corporacion\/wp-content\/uploads\/2014\/01\/flyer-300x211.jpg 300w\" data-sizes=\"(max-width: 550px) 100vw, 550px\" src=\"data:image\/svg+xml;base64,PHN2ZyB3aWR0aD0iMSIgaGVpZ2h0PSIxIiB4bWxucz0iaHR0cDovL3d3dy53My5vcmcvMjAwMC9zdmciPjwvc3ZnPg==\" style=\"--smush-placeholder-width: 550px; --smush-placeholder-aspect-ratio: 550\/388;\" \/><\/a><\/p>\n<ul>\n<li>Operaci\u00f3n de la pantalla t\u00e1ctil intuitiva.<\/li>\n<li>Dise\u00f1o orientado al usuario para la venta al por menor y restaurantes.<\/li>\n<li>Mapa de Mesas.<\/li>\n<li>Divisi\u00f3n de cuentas y movimiento de mesas.<\/li>\n<li>Indicadores de Mesas: Ocupada, Libre, Atendido por, Cliente en la mesa.<\/li>\n<li>Sistema de descuentos y reservas.<\/li>\n<li>La verdadera multi-usuario y las capacidades terminales m\u00faltiples.<\/li>\n<li>Cierre de Caja Completos configurables.<\/li>\n<li>Base de datos Opensource.<\/li>\n<li>Disposici\u00f3n f\u00e1cilmente configurable (por ejemplo, tama\u00f1os de botones, im\u00e1genes, paneles categor\u00eda separada, sistema de plantilla para los dise\u00f1os de los billetes).<\/li>\n<li>Usuario y la administraci\u00f3n de funciones para el control de acceso a la funci\u00f3n.<\/li>\n<li>Muchos dispositivos compatibles (impresoras, balanzas, cajas registradoras, esc\u00e1neres, lectores de tarjetas).<\/li>\n<li>Gesti\u00f3n de recetas<\/li>\n<li>Gesti\u00f3n de existencias eficiente.<\/li>\n<li>Muchos lenguajes soportados.<\/li>\n<li>Apoyo Moneda extranjera: pago en efectivo en dos monedas.<\/li>\n<\/ul>\n<p>&nbsp;<\/p>\n<p>&nbsp;<\/p>\n","protected":false},"excerpt":{"rendered":"<p>Operaci\u00f3n de la pantalla t\u00e1ctil intuitiva. Dise\u00f1o orientado al usuario para la venta al por menor y restaurantes. Mapa de Mesas. Divisi\u00f3n de cuentas y movimiento de mesas. Indicadores de Mesas: Ocupada, Libre, Atendido por, Cliente en la mesa. Sistema de descuentos y reservas. La verdadera multi-usuario y las capacidades terminales m\u00faltiples. Cierre de Caja [&hellip;]<\/p>\n","protected":false},"author":1,"featured_media":389,"parent":0,"menu_order":0,"comment_status":"closed","ping_status":"open","template":"contentpage.php","meta":{"_et_pb_use_builder":"","_et_pb_old_content":"","_et_gb_content_width":"","_joinchat":[],"footnotes":""},"class_list":["post-367","page","type-page","status-publish","has-post-thumbnail","hentry"],"yoast_head":"<!-- This site is optimized with the Yoast SEO plugin v27.4 - https:\/\/yoast.com\/product\/yoast-seo-wordpress\/ -->\n<title>AyniPOS - AYNISOFT SAC<\/title>\n<meta name=\"robots\" content=\"index, follow, max-snippet:-1, max-image-preview:large, max-video-preview:-1\" \/>\n<link rel=\"canonical\" href=\"https:\/\/www.aynisoft.com\/corporacion\/aynipos\/\" \/>\n<meta property=\"og:locale\" content=\"es_ES\" \/>\n<meta property=\"og:type\" content=\"article\" \/>\n<meta property=\"og:title\" content=\"AyniPOS - AYNISOFT SAC\" \/>\n<meta property=\"og:description\" content=\"Operaci\u00f3n de la pantalla t\u00e1ctil intuitiva. Dise\u00f1o orientado al usuario para la venta al por menor y restaurantes. Mapa de Mesas. Divisi\u00f3n de cuentas y movimiento de mesas. Indicadores de Mesas: Ocupada, Libre, Atendido por, Cliente en la mesa. Sistema de descuentos y reservas. La verdadera multi-usuario y las capacidades terminales m\u00faltiples. Cierre de Caja [&hellip;]\" \/>\n<meta property=\"og:url\" content=\"https:\/\/www.aynisoft.com\/corporacion\/aynipos\/\" \/>\n<meta property=\"og:site_name\" content=\"AYNISOFT SAC\" \/>\n<meta property=\"article:publisher\" content=\"https:\/\/www.facebook.com\/aynisoft\" \/>\n<meta property=\"article:modified_time\" content=\"2016-04-09T15:25:01+00:00\" \/>\n<meta property=\"og:image\" content=\"https:\/\/www.aynisoft.com\/corporacion\/wp-content\/uploads\/2014\/01\/banner-aynipos.jpg\" \/>\n\t<meta property=\"og:image:width\" content=\"1366\" \/>\n\t<meta property=\"og:image:height\" content=\"768\" \/>\n\t<meta property=\"og:image:type\" content=\"image\/jpeg\" \/>\n<meta name=\"twitter:card\" content=\"summary_large_image\" \/>\n<meta name=\"twitter:site\" content=\"@aynisoft\" \/>\n<meta name=\"twitter:label1\" content=\"Tiempo de lectura\" \/>\n\t<meta name=\"twitter:data1\" content=\"1 minuto\" \/>\n<script type=\"application\/ld+json\" class=\"yoast-schema-graph\">{\"@context\":\"https:\\\/\\\/schema.org\",\"@graph\":[{\"@type\":\"WebPage\",\"@id\":\"https:\\\/\\\/www.aynisoft.com\\\/corporacion\\\/aynipos\\\/\",\"url\":\"https:\\\/\\\/www.aynisoft.com\\\/corporacion\\\/aynipos\\\/\",\"name\":\"AyniPOS - AYNISOFT SAC\",\"isPartOf\":{\"@id\":\"https:\\\/\\\/www.aynisoft.com\\\/corporacion\\\/#website\"},\"primaryImageOfPage\":{\"@id\":\"https:\\\/\\\/www.aynisoft.com\\\/corporacion\\\/aynipos\\\/#primaryimage\"},\"image\":{\"@id\":\"https:\\\/\\\/www.aynisoft.com\\\/corporacion\\\/aynipos\\\/#primaryimage\"},\"thumbnailUrl\":\"https:\\\/\\\/www.aynisoft.com\\\/corporacion\\\/wp-content\\\/uploads\\\/2014\\\/01\\\/banner-aynipos.jpg\",\"datePublished\":\"2014-01-14T15:29:45+00:00\",\"dateModified\":\"2016-04-09T15:25:01+00:00\",\"breadcrumb\":{\"@id\":\"https:\\\/\\\/www.aynisoft.com\\\/corporacion\\\/aynipos\\\/#breadcrumb\"},\"inLanguage\":\"es\",\"potentialAction\":[{\"@type\":\"ReadAction\",\"target\":[\"https:\\\/\\\/www.aynisoft.com\\\/corporacion\\\/aynipos\\\/\"]}]},{\"@type\":\"ImageObject\",\"inLanguage\":\"es\",\"@id\":\"https:\\\/\\\/www.aynisoft.com\\\/corporacion\\\/aynipos\\\/#primaryimage\",\"url\":\"https:\\\/\\\/www.aynisoft.com\\\/corporacion\\\/wp-content\\\/uploads\\\/2014\\\/01\\\/banner-aynipos.jpg\",\"contentUrl\":\"https:\\\/\\\/www.aynisoft.com\\\/corporacion\\\/wp-content\\\/uploads\\\/2014\\\/01\\\/banner-aynipos.jpg\",\"width\":1366,\"height\":768},{\"@type\":\"BreadcrumbList\",\"@id\":\"https:\\\/\\\/www.aynisoft.com\\\/corporacion\\\/aynipos\\\/#breadcrumb\",\"itemListElement\":[{\"@type\":\"ListItem\",\"position\":1,\"name\":\"Portada\",\"item\":\"https:\\\/\\\/www.aynisoft.com\\\/corporacion\\\/\"},{\"@type\":\"ListItem\",\"position\":2,\"name\":\"AyniPOS\"}]},{\"@type\":\"WebSite\",\"@id\":\"https:\\\/\\\/www.aynisoft.com\\\/corporacion\\\/#website\",\"url\":\"https:\\\/\\\/www.aynisoft.com\\\/corporacion\\\/\",\"name\":\"AYNISOFT SAC\",\"description\":\"Soluciones Inform\u00e1ticas\",\"publisher\":{\"@id\":\"https:\\\/\\\/www.aynisoft.com\\\/corporacion\\\/#organization\"},\"potentialAction\":[{\"@type\":\"SearchAction\",\"target\":{\"@type\":\"EntryPoint\",\"urlTemplate\":\"https:\\\/\\\/www.aynisoft.com\\\/corporacion\\\/?s={search_term_string}\"},\"query-input\":{\"@type\":\"PropertyValueSpecification\",\"valueRequired\":true,\"valueName\":\"search_term_string\"}}],\"inLanguage\":\"es\"},{\"@type\":\"Organization\",\"@id\":\"https:\\\/\\\/www.aynisoft.com\\\/corporacion\\\/#organization\",\"name\":\"AYNISOFT SAC\",\"url\":\"https:\\\/\\\/www.aynisoft.com\\\/corporacion\\\/\",\"logo\":{\"@type\":\"ImageObject\",\"inLanguage\":\"es\",\"@id\":\"https:\\\/\\\/www.aynisoft.com\\\/corporacion\\\/#\\\/schema\\\/logo\\\/image\\\/\",\"url\":\"https:\\\/\\\/www.aynisoft.com\\\/corporacion\\\/wp-content\\\/uploads\\\/2020\\\/02\\\/aynisoft_icono.png\",\"contentUrl\":\"https:\\\/\\\/www.aynisoft.com\\\/corporacion\\\/wp-content\\\/uploads\\\/2020\\\/02\\\/aynisoft_icono.png\",\"width\":512,\"height\":512,\"caption\":\"AYNISOFT SAC\"},\"image\":{\"@id\":\"https:\\\/\\\/www.aynisoft.com\\\/corporacion\\\/#\\\/schema\\\/logo\\\/image\\\/\"},\"sameAs\":[\"https:\\\/\\\/www.facebook.com\\\/aynisoft\",\"https:\\\/\\\/x.com\\\/aynisoft\"]}]}<\/script>\n<!-- \/ Yoast SEO plugin. -->","yoast_head_json":{"title":"AyniPOS - AYNISOFT SAC","robots":{"index":"index","follow":"follow","max-snippet":"max-snippet:-1","max-image-preview":"max-image-preview:large","max-video-preview":"max-video-preview:-1"},"canonical":"https:\/\/www.aynisoft.com\/corporacion\/aynipos\/","og_locale":"es_ES","og_type":"article","og_title":"AyniPOS - AYNISOFT SAC","og_description":"Operaci\u00f3n de la pantalla t\u00e1ctil intuitiva. Dise\u00f1o orientado al usuario para la venta al por menor y restaurantes. Mapa de Mesas. Divisi\u00f3n de cuentas y movimiento de mesas. Indicadores de Mesas: Ocupada, Libre, Atendido por, Cliente en la mesa. Sistema de descuentos y reservas. La verdadera multi-usuario y las capacidades terminales m\u00faltiples. Cierre de Caja [&hellip;]","og_url":"https:\/\/www.aynisoft.com\/corporacion\/aynipos\/","og_site_name":"AYNISOFT SAC","article_publisher":"https:\/\/www.facebook.com\/aynisoft","article_modified_time":"2016-04-09T15:25:01+00:00","og_image":[{"width":1366,"height":768,"url":"https:\/\/www.aynisoft.com\/corporacion\/wp-content\/uploads\/2014\/01\/banner-aynipos.jpg","type":"image\/jpeg"}],"twitter_card":"summary_large_image","twitter_site":"@aynisoft","twitter_misc":{"Tiempo de lectura":"1 minuto"},"schema":{"@context":"https:\/\/schema.org","@graph":[{"@type":"WebPage","@id":"https:\/\/www.aynisoft.com\/corporacion\/aynipos\/","url":"https:\/\/www.aynisoft.com\/corporacion\/aynipos\/","name":"AyniPOS - AYNISOFT SAC","isPartOf":{"@id":"https:\/\/www.aynisoft.com\/corporacion\/#website"},"primaryImageOfPage":{"@id":"https:\/\/www.aynisoft.com\/corporacion\/aynipos\/#primaryimage"},"image":{"@id":"https:\/\/www.aynisoft.com\/corporacion\/aynipos\/#primaryimage"},"thumbnailUrl":"https:\/\/www.aynisoft.com\/corporacion\/wp-content\/uploads\/2014\/01\/banner-aynipos.jpg","datePublished":"2014-01-14T15:29:45+00:00","dateModified":"2016-04-09T15:25:01+00:00","breadcrumb":{"@id":"https:\/\/www.aynisoft.com\/corporacion\/aynipos\/#breadcrumb"},"inLanguage":"es","potentialAction":[{"@type":"ReadAction","target":["https:\/\/www.aynisoft.com\/corporacion\/aynipos\/"]}]},{"@type":"ImageObject","inLanguage":"es","@id":"https:\/\/www.aynisoft.com\/corporacion\/aynipos\/#primaryimage","url":"https:\/\/www.aynisoft.com\/corporacion\/wp-content\/uploads\/2014\/01\/banner-aynipos.jpg","contentUrl":"https:\/\/www.aynisoft.com\/corporacion\/wp-content\/uploads\/2014\/01\/banner-aynipos.jpg","width":1366,"height":768},{"@type":"BreadcrumbList","@id":"https:\/\/www.aynisoft.com\/corporacion\/aynipos\/#breadcrumb","itemListElement":[{"@type":"ListItem","position":1,"name":"Portada","item":"https:\/\/www.aynisoft.com\/corporacion\/"},{"@type":"ListItem","position":2,"name":"AyniPOS"}]},{"@type":"WebSite","@id":"https:\/\/www.aynisoft.com\/corporacion\/#website","url":"https:\/\/www.aynisoft.com\/corporacion\/","name":"AYNISOFT SAC","description":"Soluciones Inform\u00e1ticas","publisher":{"@id":"https:\/\/www.aynisoft.com\/corporacion\/#organization"},"potentialAction":[{"@type":"SearchAction","target":{"@type":"EntryPoint","urlTemplate":"https:\/\/www.aynisoft.com\/corporacion\/?s={search_term_string}"},"query-input":{"@type":"PropertyValueSpecification","valueRequired":true,"valueName":"search_term_string"}}],"inLanguage":"es"},{"@type":"Organization","@id":"https:\/\/www.aynisoft.com\/corporacion\/#organization","name":"AYNISOFT SAC","url":"https:\/\/www.aynisoft.com\/corporacion\/","logo":{"@type":"ImageObject","inLanguage":"es","@id":"https:\/\/www.aynisoft.com\/corporacion\/#\/schema\/logo\/image\/","url":"https:\/\/www.aynisoft.com\/corporacion\/wp-content\/uploads\/2020\/02\/aynisoft_icono.png","contentUrl":"https:\/\/www.aynisoft.com\/corporacion\/wp-content\/uploads\/2020\/02\/aynisoft_icono.png","width":512,"height":512,"caption":"AYNISOFT SAC"},"image":{"@id":"https:\/\/www.aynisoft.com\/corporacion\/#\/schema\/logo\/image\/"},"sameAs":["https:\/\/www.facebook.com\/aynisoft","https:\/\/x.com\/aynisoft"]}]}},"_links":{"self":[{"href":"https:\/\/www.aynisoft.com\/corporacion\/wp-json\/wp\/v2\/pages\/367","targetHints":{"allow":["GET"]}}],"collection":[{"href":"https:\/\/www.aynisoft.com\/corporacion\/wp-json\/wp\/v2\/pages"}],"about":[{"href":"https:\/\/www.aynisoft.com\/corporacion\/wp-json\/wp\/v2\/types\/page"}],"author":[{"embeddable":true,"href":"https:\/\/www.aynisoft.com\/corporacion\/wp-json\/wp\/v2\/users\/1"}],"replies":[{"embeddable":true,"href":"https:\/\/www.aynisoft.com\/corporacion\/wp-json\/wp\/v2\/comments?post=367"}],"version-history":[{"count":11,"href":"https:\/\/www.aynisoft.com\/corporacion\/wp-json\/wp\/v2\/pages\/367\/revisions"}],"predecessor-version":[{"id":394,"href":"https:\/\/www.aynisoft.com\/corporacion\/wp-json\/wp\/v2\/pages\/367\/revisions\/394"}],"wp:featuredmedia":[{"embeddable":true,"href":"https:\/\/www.aynisoft.com\/corporacion\/wp-json\/wp\/v2\/media\/389"}],"wp:attachment":[{"href":"https:\/\/www.aynisoft.com\/corporacion\/wp-json\/wp\/v2\/media?parent=367"}],"curies":[{"name":"wp","href":"https:\/\/api.w.org\/{rel}","templated":true}]}}