{"id":440,"date":"2016-09-16T09:23:53","date_gmt":"2016-09-16T14:23:53","guid":{"rendered":"http:\/\/www.aynisoft.com\/corporacion\/?page_id=440"},"modified":"2020-02-18T08:58:51","modified_gmt":"2020-02-18T13:58:51","slug":"la-empresa","status":"publish","type":"page","link":"https:\/\/www.aynisoft.com\/corporacion\/la-empresa\/","title":{"rendered":"LA EMPRESA"},"content":{"rendered":"<p>[et_pb_section fb_built=\u00bb1&#8243; next_background_color=\u00bb#ffffff\u00bb admin_label=\u00bbsection\u00bb _builder_version=\u00bb4.3.2&#8243; background_image=\u00bbhttps:\/\/www.aynisoft.com\/corporacion\/wp-content\/uploads\/2020\/02\/aynisoft_pages.jpg\u00bb bottom_divider_style=\u00bbwave2&#8243; hover_enabled=\u00bb0&#8243;][et_pb_row _builder_version=\u00bb4.3.2&#8243;][et_pb_column type=\u00bb4_4&#8243; _builder_version=\u00bb4.3.2&#8243;][et_pb_text _builder_version=\u00bb4.3.2&#8243; header_2_font=\u00bbSquada One|700||on|||||\u00bb header_2_text_align=\u00bbcenter\u00bb header_2_text_color=\u00bb#ffffff\u00bb header_2_font_size=\u00bb48px\u00bb header_2_line_height=\u00bb1.8em\u00bb header_2_text_shadow_style=\u00bbpreset1&#8243;]<\/p>\n<h2>La Empresa<\/h2>\n<p>[\/et_pb_text][\/et_pb_column][\/et_pb_row][\/et_pb_section][et_pb_section fb_built=\u00bb1&#8243; admin_label=\u00bbsection\u00bb _builder_version=\u00bb3.22&#8243; custom_padding=\u00bb0px|||||\u00bb][et_pb_row admin_label=\u00bbrow\u00bb _builder_version=\u00bb3.25&#8243; background_size=\u00bbinitial\u00bb background_position=\u00bbtop_left\u00bb background_repeat=\u00bbrepeat\u00bb][et_pb_column type=\u00bb4_4&#8243; _builder_version=\u00bb3.25&#8243; custom_padding=\u00bb|||\u00bb custom_padding__hover=\u00bb|||\u00bb][et_pb_text admin_label=\u00bbText\u00bb _builder_version=\u00bb4.3.2&#8243; background_size=\u00bbinitial\u00bb background_position=\u00bbtop_left\u00bb background_repeat=\u00bbrepeat\u00bb]<\/p>\n<p>El trabajo en equipo es nuestra estrategia para mejorar constantemente<\/p>\n<p><strong>AYNISOFT<\/strong> es la uni\u00f3n de dos palabras de distintos idiomas <strong>AYNI<\/strong> y <strong>SOFT<\/strong>.<\/p>\n<ul>\n<li><strong>AYNI<\/strong>.- Es una palabra tomada del Quechua la cual significa: \u00abAyudar al otro de manera desinteresada\u00bb.<\/li>\n<li><strong>SOFT<\/strong>.- Palabra inglesa que significa: \u00abBlando o intangible\u00bb, en inform\u00e1tica se refiere a toda la parte l\u00f3gica de las computadoras es decir a los programas o aplicaciones.<\/li>\n<\/ul>\n<h4><\/h4>\n<p>[\/et_pb_text][\/et_pb_column][\/et_pb_row][et_pb_row column_structure=\u00bb1_2,1_2&#8243; _builder_version=\u00bb4.3.2&#8243;][et_pb_column type=\u00bb1_2&#8243; _builder_version=\u00bb4.3.2&#8243;][et_pb_blurb title=\u00bbQuienes Somos\u00bb use_icon=\u00bbon\u00bb _builder_version=\u00bb4.3.2&#8243; header_level=\u00bbh3&#8243; header_font=\u00bbAllerta|700||on|||||\u00bb header_text_color=\u00bb#000000&#8243;]<\/p>\n<ul>\n<li>Somos una empresa Ique\u00f1a comprometida con el cambio y desarrollo de la regi\u00f3n y nuestro pa\u00eds, conformada por profesionales en el \u00e1rea Inform\u00e1tica, Educaci\u00f3n, y Comercial con s\u00f3lidos y amplios conocimientos en desarrollo, dise\u00f1o, programaci\u00f3n, educaci\u00f3n, marketing y publicidad en Internet.<\/li>\n<li>Desarrollamos, implementamos, e integramos soluciones tecnol\u00f3gicas y educativas basadas en la inform\u00e1tica y las comunicaciones, utilizando las \u00faltimas aplicaciones existentes en el mercado.<\/li>\n<\/ul>\n<p>[\/et_pb_blurb][et_pb_blurb title=\u00bbMisi\u00f3n\u00bb use_icon=\u00bbon\u00bb _builder_version=\u00bb4.3.2&#8243; header_level=\u00bbh3&#8243; header_font=\u00bbAllerta|700||on|||||\u00bb header_text_color=\u00bb#000000&#8243;]<\/p>\n<ul>\n<li>Convertir la tecnolog\u00eda inform\u00e1tica y de comunicaci\u00f3n, en una soluci\u00f3n estrat\u00e9gica y rentable para nuestros clientes, mediante la innovaci\u00f3n y aplicaci\u00f3n constante de nuevas tecnolog\u00edas, coloc\u00e1ndonos de esta manera como referentes del mercado.<\/li>\n<\/ul>\n<p>[\/et_pb_blurb][\/et_pb_column][et_pb_column type=\u00bb1_2&#8243; _builder_version=\u00bb4.3.2&#8243;][et_pb_blurb title=\u00bbVisi\u00f3n\u00bb use_icon=\u00bbon\u00bb _builder_version=\u00bb4.3.2&#8243; header_level=\u00bbh3&#8243; header_font=\u00bbAllerta|700||on|||||\u00bb header_text_color=\u00bb#000000&#8243;]<\/p>\n<ul>\n<li>Ser una empresa que se desarrolle de forma confiable, segura, s\u00f3lida, flexible y rentable, acorde a la era actual: \u201cLa Era del Conocimiento\u201d. Para llegar a consolidarnos como una empresa l\u00edder a nivel regional en brindar soluciones Inform\u00e1ticas y Educativas.<\/li>\n<\/ul>\n<p>[\/et_pb_blurb][et_pb_blurb title=\u00bbValores\u00bb use_icon=\u00bbon\u00bb _builder_version=\u00bb4.3.2&#8243; header_level=\u00bbh3&#8243; header_font=\u00bbAllerta|700||on|||||\u00bb header_text_color=\u00bb#000000&#8243;]<\/p>\n<ul>\n<li>Innovaci\u00f3n.<\/li>\n<li>Honradez.<\/li>\n<li>Sentido de Urgencia.<\/li>\n<li>Respeto.<\/li>\n<li>Puntualidad.<\/li>\n<li>Orden y Limpieza.<\/li>\n<\/ul>\n<p>[\/et_pb_blurb][\/et_pb_column][\/et_pb_row][\/et_pb_section]<\/p>\n","protected":false},"excerpt":{"rendered":"<p>La EmpresaEl trabajo en equipo es nuestra estrategia para mejorar constantemente AYNISOFT es la uni\u00f3n de dos palabras de distintos idiomas AYNI y SOFT. AYNI.- Es una palabra tomada del Quechua la cual significa: \u00abAyudar al otro de manera desinteresada\u00bb. SOFT.- Palabra inglesa que significa: \u00abBlando o intangible\u00bb, en inform\u00e1tica se refiere a toda la [&hellip;]<\/p>\n","protected":false},"author":1,"featured_media":0,"parent":0,"menu_order":0,"comment_status":"closed","ping_status":"closed","template":"","meta":{"_et_pb_use_builder":"on","_et_pb_old_content":"El trabajo en equipo es nuestra estrategia para mejorar constantemente\r\n\r\n<strong>AYNISOFT<\/strong> es la uni\u00f3n de dos palabras de distintos idiomas <strong>AYNI<\/strong> y <strong>SOFT<\/strong>.\r\n<ul>\r\n \t<li><strong>AYNI<\/strong>.- Es una palabra tomada del Quechua la cual significa: \u00abAyudar al otro de manera desinteresada\u00bb.<\/li>\r\n \t<li><strong>SOFT<\/strong>.- Palabra inglesa que significa: \u00abBlando o intangible\u00bb, en inform\u00e1tica se refiere a toda la parte l\u00f3gica de las computadoras es decir a los programas o aplicaciones.<\/li>\r\n<\/ul>\r\n<h4>Quienes Somos<\/h4>\r\n<ul>\r\n \t<li>Somos una empresa Ique\u00f1a comprometida con el cambio y desarrollo de la regi\u00f3n y nuestro pa\u00eds, conformada por profesionales en el \u00e1rea Inform\u00e1tica, Educaci\u00f3n, y Comercial con s\u00f3lidos y amplios conocimientos en desarrollo, dise\u00f1o, programaci\u00f3n, educaci\u00f3n, marketing y publicidad en Internet.<\/li>\r\n \t<li>Desarrollamos, implementamos, e integramos soluciones tecnol\u00f3gicas y educativas basadas en la inform\u00e1tica y las comunicaciones, utilizando las \u00faltimas aplicaciones existentes en el mercado.<\/li>\r\n<\/ul>\r\n<h4>Misi\u00f3n<\/h4>\r\n<ul>\r\n \t<li>Convertir la tecnolog\u00eda inform\u00e1tica y de comunicaci\u00f3n, en una soluci\u00f3n estrat\u00e9gica y rentable para nuestros clientes, mediante la innovaci\u00f3n y aplicaci\u00f3n constante de nuevas tecnolog\u00edas, coloc\u00e1ndonos de esta manera como referentes del mercado.<\/li>\r\n<\/ul>\r\n<h4>Visi\u00f3n<\/h4>\r\n<ul>\r\n \t<li>Ser una empresa que se desarrolle de forma confiable, segura, s\u00f3lida, flexible y rentable, acorde a la era actual: \u201cLa Era del Conocimiento\u201d. Para llegar a consolidarnos como una empresa l\u00edder a nivel regional en brindar soluciones Inform\u00e1ticas y Educativas.<\/li>\r\n<\/ul>\r\n<h4>Valores<\/h4>\r\n<ul>\r\n \t<li>Innovaci\u00f3n.<\/li>\r\n \t<li>Honradez.<\/li>\r\n \t<li>Sentido de Urgencia.<\/li>\r\n \t<li>Respeto.<\/li>\r\n \t<li>Puntualidad.<\/li>\r\n \t<li>Orden y Limpieza.<\/li>\r\n<\/ul>","_et_gb_content_width":"","_joinchat":[],"footnotes":""},"class_list":["post-440","page","type-page","status-publish","hentry"],"yoast_head":"<!-- This site is optimized with the Yoast SEO plugin v27.3 - https:\/\/yoast.com\/product\/yoast-seo-wordpress\/ -->\n<title>LA EMPRESA - AYNISOFT SAC<\/title>\n<meta name=\"robots\" content=\"index, follow, max-snippet:-1, max-image-preview:large, max-video-preview:-1\" \/>\n<link rel=\"canonical\" href=\"https:\/\/www.aynisoft.com\/corporacion\/la-empresa\/\" \/>\n<meta property=\"og:locale\" content=\"es_ES\" \/>\n<meta property=\"og:type\" content=\"article\" \/>\n<meta property=\"og:title\" content=\"LA EMPRESA - AYNISOFT SAC\" \/>\n<meta property=\"og:description\" content=\"La EmpresaEl trabajo en equipo es nuestra estrategia para mejorar constantemente AYNISOFT es la uni\u00f3n de dos palabras de distintos idiomas AYNI y SOFT. AYNI.- Es una palabra tomada del Quechua la cual significa: \u00abAyudar al otro de manera desinteresada\u00bb. SOFT.- Palabra inglesa que significa: \u00abBlando o intangible\u00bb, en inform\u00e1tica se refiere a toda la [&hellip;]\" \/>\n<meta property=\"og:url\" content=\"https:\/\/www.aynisoft.com\/corporacion\/la-empresa\/\" \/>\n<meta property=\"og:site_name\" content=\"AYNISOFT SAC\" \/>\n<meta property=\"article:publisher\" content=\"https:\/\/www.facebook.com\/aynisoft\" \/>\n<meta property=\"article:modified_time\" content=\"2020-02-18T13:58:51+00:00\" \/>\n<meta name=\"twitter:card\" content=\"summary_large_image\" \/>\n<meta name=\"twitter:site\" content=\"@aynisoft\" \/>\n<meta name=\"twitter:label1\" content=\"Tiempo de lectura\" \/>\n\t<meta name=\"twitter:data1\" content=\"3 minutos\" \/>\n<script type=\"application\/ld+json\" class=\"yoast-schema-graph\">{\"@context\":\"https:\\\/\\\/schema.org\",\"@graph\":[{\"@type\":\"WebPage\",\"@id\":\"https:\\\/\\\/www.aynisoft.com\\\/corporacion\\\/la-empresa\\\/\",\"url\":\"https:\\\/\\\/www.aynisoft.com\\\/corporacion\\\/la-empresa\\\/\",\"name\":\"LA EMPRESA - AYNISOFT SAC\",\"isPartOf\":{\"@id\":\"https:\\\/\\\/www.aynisoft.com\\\/corporacion\\\/#website\"},\"datePublished\":\"2016-09-16T14:23:53+00:00\",\"dateModified\":\"2020-02-18T13:58:51+00:00\",\"breadcrumb\":{\"@id\":\"https:\\\/\\\/www.aynisoft.com\\\/corporacion\\\/la-empresa\\\/#breadcrumb\"},\"inLanguage\":\"es\",\"potentialAction\":[{\"@type\":\"ReadAction\",\"target\":[\"https:\\\/\\\/www.aynisoft.com\\\/corporacion\\\/la-empresa\\\/\"]}]},{\"@type\":\"BreadcrumbList\",\"@id\":\"https:\\\/\\\/www.aynisoft.com\\\/corporacion\\\/la-empresa\\\/#breadcrumb\",\"itemListElement\":[{\"@type\":\"ListItem\",\"position\":1,\"name\":\"Portada\",\"item\":\"https:\\\/\\\/www.aynisoft.com\\\/corporacion\\\/\"},{\"@type\":\"ListItem\",\"position\":2,\"name\":\"LA EMPRESA\"}]},{\"@type\":\"WebSite\",\"@id\":\"https:\\\/\\\/www.aynisoft.com\\\/corporacion\\\/#website\",\"url\":\"https:\\\/\\\/www.aynisoft.com\\\/corporacion\\\/\",\"name\":\"AYNISOFT SAC\",\"description\":\"Soluciones Inform\u00e1ticas\",\"publisher\":{\"@id\":\"https:\\\/\\\/www.aynisoft.com\\\/corporacion\\\/#organization\"},\"potentialAction\":[{\"@type\":\"SearchAction\",\"target\":{\"@type\":\"EntryPoint\",\"urlTemplate\":\"https:\\\/\\\/www.aynisoft.com\\\/corporacion\\\/?s={search_term_string}\"},\"query-input\":{\"@type\":\"PropertyValueSpecification\",\"valueRequired\":true,\"valueName\":\"search_term_string\"}}],\"inLanguage\":\"es\"},{\"@type\":\"Organization\",\"@id\":\"https:\\\/\\\/www.aynisoft.com\\\/corporacion\\\/#organization\",\"name\":\"AYNISOFT SAC\",\"url\":\"https:\\\/\\\/www.aynisoft.com\\\/corporacion\\\/\",\"logo\":{\"@type\":\"ImageObject\",\"inLanguage\":\"es\",\"@id\":\"https:\\\/\\\/www.aynisoft.com\\\/corporacion\\\/#\\\/schema\\\/logo\\\/image\\\/\",\"url\":\"https:\\\/\\\/www.aynisoft.com\\\/corporacion\\\/wp-content\\\/uploads\\\/2020\\\/02\\\/aynisoft_icono.png\",\"contentUrl\":\"https:\\\/\\\/www.aynisoft.com\\\/corporacion\\\/wp-content\\\/uploads\\\/2020\\\/02\\\/aynisoft_icono.png\",\"width\":512,\"height\":512,\"caption\":\"AYNISOFT SAC\"},\"image\":{\"@id\":\"https:\\\/\\\/www.aynisoft.com\\\/corporacion\\\/#\\\/schema\\\/logo\\\/image\\\/\"},\"sameAs\":[\"https:\\\/\\\/www.facebook.com\\\/aynisoft\",\"https:\\\/\\\/x.com\\\/aynisoft\"]}]}<\/script>\n<!-- \/ Yoast SEO plugin. -->","yoast_head_json":{"title":"LA EMPRESA - AYNISOFT SAC","robots":{"index":"index","follow":"follow","max-snippet":"max-snippet:-1","max-image-preview":"max-image-preview:large","max-video-preview":"max-video-preview:-1"},"canonical":"https:\/\/www.aynisoft.com\/corporacion\/la-empresa\/","og_locale":"es_ES","og_type":"article","og_title":"LA EMPRESA - AYNISOFT SAC","og_description":"La EmpresaEl trabajo en equipo es nuestra estrategia para mejorar constantemente AYNISOFT es la uni\u00f3n de dos palabras de distintos idiomas AYNI y SOFT. AYNI.- Es una palabra tomada del Quechua la cual significa: \u00abAyudar al otro de manera desinteresada\u00bb. SOFT.- Palabra inglesa que significa: \u00abBlando o intangible\u00bb, en inform\u00e1tica se refiere a toda la [&hellip;]","og_url":"https:\/\/www.aynisoft.com\/corporacion\/la-empresa\/","og_site_name":"AYNISOFT SAC","article_publisher":"https:\/\/www.facebook.com\/aynisoft","article_modified_time":"2020-02-18T13:58:51+00:00","twitter_card":"summary_large_image","twitter_site":"@aynisoft","twitter_misc":{"Tiempo de lectura":"3 minutos"},"schema":{"@context":"https:\/\/schema.org","@graph":[{"@type":"WebPage","@id":"https:\/\/www.aynisoft.com\/corporacion\/la-empresa\/","url":"https:\/\/www.aynisoft.com\/corporacion\/la-empresa\/","name":"LA EMPRESA - AYNISOFT SAC","isPartOf":{"@id":"https:\/\/www.aynisoft.com\/corporacion\/#website"},"datePublished":"2016-09-16T14:23:53+00:00","dateModified":"2020-02-18T13:58:51+00:00","breadcrumb":{"@id":"https:\/\/www.aynisoft.com\/corporacion\/la-empresa\/#breadcrumb"},"inLanguage":"es","potentialAction":[{"@type":"ReadAction","target":["https:\/\/www.aynisoft.com\/corporacion\/la-empresa\/"]}]},{"@type":"BreadcrumbList","@id":"https:\/\/www.aynisoft.com\/corporacion\/la-empresa\/#breadcrumb","itemListElement":[{"@type":"ListItem","position":1,"name":"Portada","item":"https:\/\/www.aynisoft.com\/corporacion\/"},{"@type":"ListItem","position":2,"name":"LA EMPRESA"}]},{"@type":"WebSite","@id":"https:\/\/www.aynisoft.com\/corporacion\/#website","url":"https:\/\/www.aynisoft.com\/corporacion\/","name":"AYNISOFT SAC","description":"Soluciones Inform\u00e1ticas","publisher":{"@id":"https:\/\/www.aynisoft.com\/corporacion\/#organization"},"potentialAction":[{"@type":"SearchAction","target":{"@type":"EntryPoint","urlTemplate":"https:\/\/www.aynisoft.com\/corporacion\/?s={search_term_string}"},"query-input":{"@type":"PropertyValueSpecification","valueRequired":true,"valueName":"search_term_string"}}],"inLanguage":"es"},{"@type":"Organization","@id":"https:\/\/www.aynisoft.com\/corporacion\/#organization","name":"AYNISOFT SAC","url":"https:\/\/www.aynisoft.com\/corporacion\/","logo":{"@type":"ImageObject","inLanguage":"es","@id":"https:\/\/www.aynisoft.com\/corporacion\/#\/schema\/logo\/image\/","url":"https:\/\/www.aynisoft.com\/corporacion\/wp-content\/uploads\/2020\/02\/aynisoft_icono.png","contentUrl":"https:\/\/www.aynisoft.com\/corporacion\/wp-content\/uploads\/2020\/02\/aynisoft_icono.png","width":512,"height":512,"caption":"AYNISOFT SAC"},"image":{"@id":"https:\/\/www.aynisoft.com\/corporacion\/#\/schema\/logo\/image\/"},"sameAs":["https:\/\/www.facebook.com\/aynisoft","https:\/\/x.com\/aynisoft"]}]}},"_links":{"self":[{"href":"https:\/\/www.aynisoft.com\/corporacion\/wp-json\/wp\/v2\/pages\/440","targetHints":{"allow":["GET"]}}],"collection":[{"href":"https:\/\/www.aynisoft.com\/corporacion\/wp-json\/wp\/v2\/pages"}],"about":[{"href":"https:\/\/www.aynisoft.com\/corporacion\/wp-json\/wp\/v2\/types\/page"}],"author":[{"embeddable":true,"href":"https:\/\/www.aynisoft.com\/corporacion\/wp-json\/wp\/v2\/users\/1"}],"replies":[{"embeddable":true,"href":"https:\/\/www.aynisoft.com\/corporacion\/wp-json\/wp\/v2\/comments?post=440"}],"version-history":[{"count":7,"href":"https:\/\/www.aynisoft.com\/corporacion\/wp-json\/wp\/v2\/pages\/440\/revisions"}],"predecessor-version":[{"id":617,"href":"https:\/\/www.aynisoft.com\/corporacion\/wp-json\/wp\/v2\/pages\/440\/revisions\/617"}],"wp:attachment":[{"href":"https:\/\/www.aynisoft.com\/corporacion\/wp-json\/wp\/v2\/media?parent=440"}],"curies":[{"name":"wp","href":"https:\/\/api.w.org\/{rel}","templated":true}]}}