{"id":445,"date":"2016-09-16T09:29:19","date_gmt":"2016-09-16T14:29:19","guid":{"rendered":"http:\/\/www.aynisoft.com\/corporacion\/?page_id=445"},"modified":"2020-02-18T09:05:14","modified_gmt":"2020-02-18T14:05:14","slug":"servicios","status":"publish","type":"page","link":"https:\/\/www.aynisoft.com\/corporacion\/servicios\/","title":{"rendered":"SERVICIOS"},"content":{"rendered":"<p>[et_pb_section fb_built=\u00bb1&#8243; next_background_color=\u00bb#ffffff\u00bb admin_label=\u00bbsection\u00bb _builder_version=\u00bb4.3.2&#8243; background_image=\u00bbhttps:\/\/www.aynisoft.com\/corporacion\/wp-content\/uploads\/2020\/02\/aynisoft_pages.jpg\u00bb bottom_divider_style=\u00bbwave2&#8243;][et_pb_row _builder_version=\u00bb4.3.2&#8243;][et_pb_column type=\u00bb4_4&#8243; _builder_version=\u00bb4.3.2&#8243;][et_pb_text _builder_version=\u00bb4.3.2&#8243; header_2_font=\u00bbSquada One|700||on|||||\u00bb header_2_text_align=\u00bbcenter\u00bb header_2_text_color=\u00bb#ffffff\u00bb header_2_font_size=\u00bb48px\u00bb header_2_line_height=\u00bb1.8em\u00bb header_2_text_shadow_style=\u00bbpreset1&#8243;]<\/p>\n<h2>Servicios<\/h2>\n<p>[\/et_pb_text][\/et_pb_column][\/et_pb_row][\/et_pb_section][et_pb_section fb_built=\u00bb1&#8243; admin_label=\u00bbsection\u00bb _builder_version=\u00bb3.22&#8243; custom_padding=\u00bb0px|||||\u00bb][et_pb_row column_structure=\u00bb1_2,1_2&#8243; admin_label=\u00bbrow\u00bb _builder_version=\u00bb4.3.2&#8243; background_size=\u00bbinitial\u00bb background_position=\u00bbtop_left\u00bb background_repeat=\u00bbrepeat\u00bb][et_pb_column type=\u00bb1_2&#8243; _builder_version=\u00bb3.25&#8243; custom_padding=\u00bb|||\u00bb custom_padding__hover=\u00bb|||\u00bb][et_pb_blurb title=\u00bbNuestros Servicios:\u00bb use_icon=\u00bbon\u00bb _builder_version=\u00bb4.3.2&#8243; header_level=\u00bbh3&#8243; header_font=\u00bbAllerta|700||on|||||\u00bb header_text_color=\u00bb#000000&#8243;]<\/p>\n<ul>\n<li>Servicios de web hosting para tu negocio.<\/li>\n<li>Servicio de Dominio Nacional y Dominio Americano.<\/li>\n<li>Telefon\u00eda VoIP<\/li>\n<li>Correo Electr\u00f3nico corporativo.<\/li>\n<li>Servidores VPS<\/li>\n<li>Servidores Cloud<\/li>\n<li>Certificados SSL<\/li>\n<li>Servicio de Mensajeria WhatsApp<\/li>\n<li>Dise\u00f1o de P\u00e1ginas Web.<\/li>\n<li>Desarrollo de Aulas Virtuales<\/li>\n<li>L\u00edneas Nacionales, Saldo para llamadas.<\/li>\n<\/ul>\n<p>[\/et_pb_blurb][\/et_pb_column][et_pb_column type=\u00bb1_2&#8243; _builder_version=\u00bb3.25&#8243; custom_padding=\u00bb|||\u00bb custom_padding__hover=\u00bb|||\u00bb][et_pb_image src=\u00bbhttps:\/\/www.aynisoft.com\/corporacion\/wp-content\/uploads\/2020\/02\/nuestros_servicios.jpg\u00bb _builder_version=\u00bb4.3.2&#8243;][\/et_pb_image][\/et_pb_column][\/et_pb_row][\/et_pb_section]<\/p>\n","protected":false},"excerpt":{"rendered":"<p>Servicios Servicios de web hosting para tu negocio. Servicio de Dominio Nacional y Dominio Americano. Telefon\u00eda VoIP Correo Electr\u00f3nico corporativo. Servidores VPS Servidores Cloud Certificados SSL Servicio de Mensajeria WhatsApp Dise\u00f1o de P\u00e1ginas Web. Desarrollo de Aulas Virtuales L\u00edneas Nacionales, Saldo para llamadas.<\/p>\n","protected":false},"author":1,"featured_media":0,"parent":0,"menu_order":0,"comment_status":"closed","ping_status":"closed","template":"","meta":{"_et_pb_use_builder":"on","_et_pb_old_content":"Nuestros servicios:\r\n<ul>\r\n \t<li>Servicios de Internet para tu negocio<\/li>\r\n \t<li>Servicios Educativos<\/li>\r\n \t<li>Servicios Inform\u00e1ticos<\/li>\r\n \t<li>Telefon\u00eda VoIP<\/li>\r\n \t<li>Dominios, Alojamiento, Correo Electr\u00f3nico.<\/li>\r\n \t<li>Programas de Inform\u00e1tica Empresarial.<\/li>\r\n \t<li>Desarrollo de P\u00e1ginas Web y Programas.<\/li>\r\n \t<li>L\u00edneas Nacionales, Saldo para llamadas.<\/li>\r\n<\/ul>","_et_gb_content_width":"","_joinchat":[],"footnotes":""},"class_list":["post-445","page","type-page","status-publish","hentry"],"yoast_head":"<!-- This site is optimized with the Yoast SEO plugin v27.4 - https:\/\/yoast.com\/product\/yoast-seo-wordpress\/ -->\n<title>SERVICIOS - AYNISOFT SAC<\/title>\n<meta name=\"robots\" content=\"index, follow, max-snippet:-1, max-image-preview:large, max-video-preview:-1\" \/>\n<link rel=\"canonical\" href=\"https:\/\/www.aynisoft.com\/corporacion\/servicios\/\" \/>\n<meta property=\"og:locale\" content=\"es_ES\" \/>\n<meta property=\"og:type\" content=\"article\" \/>\n<meta property=\"og:title\" content=\"SERVICIOS - AYNISOFT SAC\" \/>\n<meta property=\"og:description\" content=\"Servicios Servicios de web hosting para tu negocio. Servicio de Dominio Nacional y Dominio Americano. Telefon\u00eda VoIP Correo Electr\u00f3nico corporativo. Servidores VPS Servidores Cloud Certificados SSL Servicio de Mensajeria WhatsApp Dise\u00f1o de P\u00e1ginas Web. Desarrollo de Aulas Virtuales L\u00edneas Nacionales, Saldo para llamadas.\" \/>\n<meta property=\"og:url\" content=\"https:\/\/www.aynisoft.com\/corporacion\/servicios\/\" \/>\n<meta property=\"og:site_name\" content=\"AYNISOFT SAC\" \/>\n<meta property=\"article:publisher\" content=\"https:\/\/www.facebook.com\/aynisoft\" \/>\n<meta property=\"article:modified_time\" content=\"2020-02-18T14:05:14+00:00\" \/>\n<meta name=\"twitter:card\" content=\"summary_large_image\" \/>\n<meta name=\"twitter:site\" content=\"@aynisoft\" \/>\n<meta name=\"twitter:label1\" content=\"Tiempo de lectura\" \/>\n\t<meta name=\"twitter:data1\" content=\"1 minuto\" \/>\n<script type=\"application\/ld+json\" class=\"yoast-schema-graph\">{\"@context\":\"https:\\\/\\\/schema.org\",\"@graph\":[{\"@type\":\"WebPage\",\"@id\":\"https:\\\/\\\/www.aynisoft.com\\\/corporacion\\\/servicios\\\/\",\"url\":\"https:\\\/\\\/www.aynisoft.com\\\/corporacion\\\/servicios\\\/\",\"name\":\"SERVICIOS - AYNISOFT SAC\",\"isPartOf\":{\"@id\":\"https:\\\/\\\/www.aynisoft.com\\\/corporacion\\\/#website\"},\"datePublished\":\"2016-09-16T14:29:19+00:00\",\"dateModified\":\"2020-02-18T14:05:14+00:00\",\"breadcrumb\":{\"@id\":\"https:\\\/\\\/www.aynisoft.com\\\/corporacion\\\/servicios\\\/#breadcrumb\"},\"inLanguage\":\"es\",\"potentialAction\":[{\"@type\":\"ReadAction\",\"target\":[\"https:\\\/\\\/www.aynisoft.com\\\/corporacion\\\/servicios\\\/\"]}]},{\"@type\":\"BreadcrumbList\",\"@id\":\"https:\\\/\\\/www.aynisoft.com\\\/corporacion\\\/servicios\\\/#breadcrumb\",\"itemListElement\":[{\"@type\":\"ListItem\",\"position\":1,\"name\":\"Portada\",\"item\":\"https:\\\/\\\/www.aynisoft.com\\\/corporacion\\\/\"},{\"@type\":\"ListItem\",\"position\":2,\"name\":\"SERVICIOS\"}]},{\"@type\":\"WebSite\",\"@id\":\"https:\\\/\\\/www.aynisoft.com\\\/corporacion\\\/#website\",\"url\":\"https:\\\/\\\/www.aynisoft.com\\\/corporacion\\\/\",\"name\":\"AYNISOFT SAC\",\"description\":\"Soluciones Inform\u00e1ticas\",\"publisher\":{\"@id\":\"https:\\\/\\\/www.aynisoft.com\\\/corporacion\\\/#organization\"},\"potentialAction\":[{\"@type\":\"SearchAction\",\"target\":{\"@type\":\"EntryPoint\",\"urlTemplate\":\"https:\\\/\\\/www.aynisoft.com\\\/corporacion\\\/?s={search_term_string}\"},\"query-input\":{\"@type\":\"PropertyValueSpecification\",\"valueRequired\":true,\"valueName\":\"search_term_string\"}}],\"inLanguage\":\"es\"},{\"@type\":\"Organization\",\"@id\":\"https:\\\/\\\/www.aynisoft.com\\\/corporacion\\\/#organization\",\"name\":\"AYNISOFT SAC\",\"url\":\"https:\\\/\\\/www.aynisoft.com\\\/corporacion\\\/\",\"logo\":{\"@type\":\"ImageObject\",\"inLanguage\":\"es\",\"@id\":\"https:\\\/\\\/www.aynisoft.com\\\/corporacion\\\/#\\\/schema\\\/logo\\\/image\\\/\",\"url\":\"https:\\\/\\\/www.aynisoft.com\\\/corporacion\\\/wp-content\\\/uploads\\\/2020\\\/02\\\/aynisoft_icono.png\",\"contentUrl\":\"https:\\\/\\\/www.aynisoft.com\\\/corporacion\\\/wp-content\\\/uploads\\\/2020\\\/02\\\/aynisoft_icono.png\",\"width\":512,\"height\":512,\"caption\":\"AYNISOFT SAC\"},\"image\":{\"@id\":\"https:\\\/\\\/www.aynisoft.com\\\/corporacion\\\/#\\\/schema\\\/logo\\\/image\\\/\"},\"sameAs\":[\"https:\\\/\\\/www.facebook.com\\\/aynisoft\",\"https:\\\/\\\/x.com\\\/aynisoft\"]}]}<\/script>\n<!-- \/ Yoast SEO plugin. -->","yoast_head_json":{"title":"SERVICIOS - AYNISOFT SAC","robots":{"index":"index","follow":"follow","max-snippet":"max-snippet:-1","max-image-preview":"max-image-preview:large","max-video-preview":"max-video-preview:-1"},"canonical":"https:\/\/www.aynisoft.com\/corporacion\/servicios\/","og_locale":"es_ES","og_type":"article","og_title":"SERVICIOS - AYNISOFT SAC","og_description":"Servicios Servicios de web hosting para tu negocio. Servicio de Dominio Nacional y Dominio Americano. Telefon\u00eda VoIP Correo Electr\u00f3nico corporativo. Servidores VPS Servidores Cloud Certificados SSL Servicio de Mensajeria WhatsApp Dise\u00f1o de P\u00e1ginas Web. Desarrollo de Aulas Virtuales L\u00edneas Nacionales, Saldo para llamadas.","og_url":"https:\/\/www.aynisoft.com\/corporacion\/servicios\/","og_site_name":"AYNISOFT SAC","article_publisher":"https:\/\/www.facebook.com\/aynisoft","article_modified_time":"2020-02-18T14:05:14+00:00","twitter_card":"summary_large_image","twitter_site":"@aynisoft","twitter_misc":{"Tiempo de lectura":"1 minuto"},"schema":{"@context":"https:\/\/schema.org","@graph":[{"@type":"WebPage","@id":"https:\/\/www.aynisoft.com\/corporacion\/servicios\/","url":"https:\/\/www.aynisoft.com\/corporacion\/servicios\/","name":"SERVICIOS - AYNISOFT SAC","isPartOf":{"@id":"https:\/\/www.aynisoft.com\/corporacion\/#website"},"datePublished":"2016-09-16T14:29:19+00:00","dateModified":"2020-02-18T14:05:14+00:00","breadcrumb":{"@id":"https:\/\/www.aynisoft.com\/corporacion\/servicios\/#breadcrumb"},"inLanguage":"es","potentialAction":[{"@type":"ReadAction","target":["https:\/\/www.aynisoft.com\/corporacion\/servicios\/"]}]},{"@type":"BreadcrumbList","@id":"https:\/\/www.aynisoft.com\/corporacion\/servicios\/#breadcrumb","itemListElement":[{"@type":"ListItem","position":1,"name":"Portada","item":"https:\/\/www.aynisoft.com\/corporacion\/"},{"@type":"ListItem","position":2,"name":"SERVICIOS"}]},{"@type":"WebSite","@id":"https:\/\/www.aynisoft.com\/corporacion\/#website","url":"https:\/\/www.aynisoft.com\/corporacion\/","name":"AYNISOFT SAC","description":"Soluciones Inform\u00e1ticas","publisher":{"@id":"https:\/\/www.aynisoft.com\/corporacion\/#organization"},"potentialAction":[{"@type":"SearchAction","target":{"@type":"EntryPoint","urlTemplate":"https:\/\/www.aynisoft.com\/corporacion\/?s={search_term_string}"},"query-input":{"@type":"PropertyValueSpecification","valueRequired":true,"valueName":"search_term_string"}}],"inLanguage":"es"},{"@type":"Organization","@id":"https:\/\/www.aynisoft.com\/corporacion\/#organization","name":"AYNISOFT SAC","url":"https:\/\/www.aynisoft.com\/corporacion\/","logo":{"@type":"ImageObject","inLanguage":"es","@id":"https:\/\/www.aynisoft.com\/corporacion\/#\/schema\/logo\/image\/","url":"https:\/\/www.aynisoft.com\/corporacion\/wp-content\/uploads\/2020\/02\/aynisoft_icono.png","contentUrl":"https:\/\/www.aynisoft.com\/corporacion\/wp-content\/uploads\/2020\/02\/aynisoft_icono.png","width":512,"height":512,"caption":"AYNISOFT SAC"},"image":{"@id":"https:\/\/www.aynisoft.com\/corporacion\/#\/schema\/logo\/image\/"},"sameAs":["https:\/\/www.facebook.com\/aynisoft","https:\/\/x.com\/aynisoft"]}]}},"_links":{"self":[{"href":"https:\/\/www.aynisoft.com\/corporacion\/wp-json\/wp\/v2\/pages\/445","targetHints":{"allow":["GET"]}}],"collection":[{"href":"https:\/\/www.aynisoft.com\/corporacion\/wp-json\/wp\/v2\/pages"}],"about":[{"href":"https:\/\/www.aynisoft.com\/corporacion\/wp-json\/wp\/v2\/types\/page"}],"author":[{"embeddable":true,"href":"https:\/\/www.aynisoft.com\/corporacion\/wp-json\/wp\/v2\/users\/1"}],"replies":[{"embeddable":true,"href":"https:\/\/www.aynisoft.com\/corporacion\/wp-json\/wp\/v2\/comments?post=445"}],"version-history":[{"count":8,"href":"https:\/\/www.aynisoft.com\/corporacion\/wp-json\/wp\/v2\/pages\/445\/revisions"}],"predecessor-version":[{"id":620,"href":"https:\/\/www.aynisoft.com\/corporacion\/wp-json\/wp\/v2\/pages\/445\/revisions\/620"}],"wp:attachment":[{"href":"https:\/\/www.aynisoft.com\/corporacion\/wp-json\/wp\/v2\/media?parent=445"}],"curies":[{"name":"wp","href":"https:\/\/api.w.org\/{rel}","templated":true}]}}