{"id":542,"date":"2020-02-17T23:31:49","date_gmt":"2020-02-18T04:31:49","guid":{"rendered":"http:\/\/www.aynisoft.com\/corporacion\/?page_id=542"},"modified":"2021-06-25T10:54:36","modified_gmt":"2021-06-25T15:54:36","slug":"certificado-ssl","status":"publish","type":"page","link":"https:\/\/www.aynisoft.com\/corporacion\/certificado-ssl\/","title":{"rendered":"Certificado SSL"},"content":{"rendered":"<p>[et_pb_section fb_built=\u00bb1&#8243; next_background_color=\u00bb#ffffff\u00bb _builder_version=\u00bb4.3.2&#8243; background_image=\u00bbhttps:\/\/www.aynisoft.com\/corporacion\/wp-content\/uploads\/2020\/02\/aynisoft_pages.jpg\u00bb bottom_divider_style=\u00bbwave2&#8243;][et_pb_row _builder_version=\u00bb4.3.2&#8243;][et_pb_column type=\u00bb4_4&#8243; _builder_version=\u00bb4.3.2&#8243;][et_pb_text _builder_version=\u00bb4.3.2&#8243; header_line_height=\u00bb1.7em\u00bb header_2_font=\u00bbSquada One|700||on|||||\u00bb header_2_text_align=\u00bbcenter\u00bb header_2_text_color=\u00bb#ffffff\u00bb header_2_font_size=\u00bb48px\u00bb header_2_line_height=\u00bb1.7em\u00bb header_2_text_shadow_style=\u00bbpreset1&#8243;]<\/p>\n<h2>Certificado SSL<\/h2>\n<p>[\/et_pb_text][\/et_pb_column][\/et_pb_row][\/et_pb_section][et_pb_section fb_built=\u00bb1&#8243; _builder_version=\u00bb4.3.2&#8243;][et_pb_row _builder_version=\u00bb4.3.2&#8243;][et_pb_column type=\u00bb4_4&#8243; _builder_version=\u00bb4.3.2&#8243;][et_pb_text _builder_version=\u00bb4.3.2&#8243;]<\/p>\n<p><strong>Un certificado SSL sirve para brindar seguridad al visitante de su sitio web, una manera de decirles a sus clientes que el sitio es aut\u00e9ntico, real y confiable para ingresar datos y realizar transacciones en Internet.<\/strong><\/p>\n<p>Las siglas SSL responden a los t\u00e9rminos en ingl\u00e9s (Secure Socket Layer) el cual es un protocolo de seguridad que hace que los datos entre un servidor y navegador web, y en retroalimentaci\u00f3n, viajen de manera integra y segura. Un certificado SSL confiable garantiza que nuestros datos est\u00e1n encriptados, en ese momento podemos asegurar que nadie puede leer su contenido. Esto nos lleva a entender que la tecnolog\u00eda que brinda un Certificado SSL es la transmisi\u00f3n segura de informaci\u00f3n a trav\u00e9s de Internet y as\u00ed confirmar que los datos est\u00e1n libres de personas no deseadas.<\/p>\n<p>&nbsp;<\/p>\n<h3 style=\"text-align: center;\"><span style=\"color: #ff0000;\"><strong>IMPORTANTE:<\/strong> Los precios no incluyen IGV.<\/span><\/h3>\n<p>[\/et_pb_text][\/et_pb_column][\/et_pb_row][et_pb_row _builder_version=\u00bb4.3.2&#8243;][et_pb_column type=\u00bb4_4&#8243; _builder_version=\u00bb4.3.2&#8243;][et_pb_pricing_tables header_background_color=\u00bb#7cda24&#8243; _builder_version=\u00bb4.4.2&#8243; currency_frequency_text_color=\u00bb#000000&#8243; price_text_color=\u00bb#7cda24&#8243; body_text_color=\u00bb#000000&#8243; header_text_color=\u00bb#ffffff\u00bb header_font=\u00bbAllerta|700||on|||||\u00bb body_font_size=\u00bb16px\u00bb body_line_height=\u00bb1em\u00bb price_font=\u00bbAbel||||||||\u00bb currency_frequency_font=\u00bb|700|||||||\u00bb custom_button=\u00bbon\u00bb button_text_color=\u00bb#ffffff\u00bb button_bg_color=\u00bb#7cda24&#8243; button_border_width=\u00bb0px\u00bb button_border_radius=\u00bb15px\u00bb button_font=\u00bbAllerta|700||on|||||\u00bb button_icon=\u00bb%%24%%\u00bb link_option_url=\u00bbhttps:\/\/www.webhostperu.net\/clientes\/cart.php?a=confproduct&#038;i=1&#8243; link_option_url_new_window=\u00bbon\u00bb header_text_shadow_style=\u00bbpreset1&#8243;][et_pb_pricing_table title=\u00bbPositive SSL\u00bb currency=\u00bbS\/ \u00bb per=\u00bbA\u00f1o\u00bb sum=\u00bb86&#8243; button_url=\u00bbhttps:\/\/www.webhostperu.net\/clientes\/cart.php?a=confproduct&#038;i=0&#8243; url_new_window=\u00bbon\u00bb button_text=\u00bbContratar Plan\u00bb _builder_version=\u00bb4.4.2&#8243; sticky_transition=\u00bbon\u00bb button_icon_default=\u00bb%%24%%\u00bb]<\/p>\n<p><span>Encriptaci\u00f3n 128\/256 bits<\/span><br \/> <span>Sello de confianza<\/span><br \/> <span>Soporte IDN<\/span><br \/> <span>Seguridad para tu Dominio<\/span><\/p>\n<p>[\/et_pb_pricing_table][et_pb_pricing_table featured=\u00bbon\u00bb title=\u00bbComodo SSL\u00bb currency=\u00bbS\/ \u00bb per=\u00bbA\u00f1o\u00bb sum=\u00bb198&#8243; button_url=\u00bbhttps:\/\/www.webhostperu.net\/clientes\/cart.php?a=confproduct&#038;i=4&#8243; url_new_window=\u00bbon\u00bb button_text=\u00bbContratar Plan\u00bb _builder_version=\u00bb4.4.2&#8243; sticky_transition=\u00bbon\u00bb button_icon_default=\u00bb%%24%%\u00bb]<\/p>\n<p>Validaci\u00f3n de dominio 1<br \/> Subdominio SHA2 y ECC 128\/256 bits Cifrado<br \/> Logotipo de confianza admitido<br \/> Emitido en 2 d\u00edas<br \/> Reedici\u00f3n gratuita<br \/> Garant\u00eda de $ 250,000<br \/> <strong>S\/ 100.00 Coste de Instalaci\u00f3n<\/strong><\/p>\n<p>[\/et_pb_pricing_table][et_pb_pricing_table title=\u00bbGeoTrust True BusinessID\u00bb currency=\u00bbS\/ \u00bb per=\u00bbA\u00f1o\u00bb sum=\u00bb319.35&#8243; button_url=\u00bbhttps:\/\/www.webhostperu.net\/clientes\/store\/order?pid=44&#8243; url_new_window=\u00bbon\u00bb button_text=\u00bbContratar Plan\u00bb _builder_version=\u00bb4.4.2&#8243; sticky_transition=\u00bbon\u00bb button_icon_default=\u00bb%%24%%\u00bb]<\/p>\n<p>SSL de clase empresarial, solo que mejor.<br \/> Cuando se trata de seleccionar la seguridad SSL para su negocio, tiene muchas opciones.<br \/> Con GeoTrust, la decisi\u00f3n es f\u00e1cil.<br \/> Los certificados SSL GeoTrust\u00ae True BusinessID le permiten a sus clientes saber que su sitio es confiable y que usted toma su seguridad lo suficientemente en serio como para obtener su certificado de una autoridad de certificaci\u00f3n de confianza global.<\/p>\n<p>[\/et_pb_pricing_table][\/et_pb_pricing_tables][\/et_pb_column][\/et_pb_row][et_pb_row _builder_version=\u00bb4.3.2&#8243;][et_pb_column type=\u00bb4_4&#8243; _builder_version=\u00bb4.3.2&#8243;][et_pb_pricing_tables header_background_color=\u00bb#7cda24&#8243; _builder_version=\u00bb4.3.2&#8243; currency_frequency_text_color=\u00bb#000000&#8243; price_text_color=\u00bb#7cda24&#8243; body_text_color=\u00bb#000000&#8243; header_text_color=\u00bb#ffffff\u00bb header_font=\u00bbAllerta|700||on|||||\u00bb body_font_size=\u00bb16px\u00bb body_line_height=\u00bb1em\u00bb price_font=\u00bbAbel||||||||\u00bb currency_frequency_font=\u00bb|700|||||||\u00bb custom_button=\u00bbon\u00bb button_text_color=\u00bb#ffffff\u00bb button_bg_color=\u00bb#7cda24&#8243; button_border_width=\u00bb0px\u00bb button_border_radius=\u00bb15px\u00bb button_font=\u00bbAllerta|700||on|||||\u00bb button_icon=\u00bb%%24%%\u00bb link_option_url=\u00bbhttps:\/\/www.webhostperu.net\/clientes\/cart.php?a=confproduct&#038;i=1&#8243; link_option_url_new_window=\u00bbon\u00bb header_text_shadow_style=\u00bbpreset1&#8243;][et_pb_pricing_table title=\u00bbPositive Wildcard SSL\u00bb subtitle=\u00bbAsegure su sitio y agregue confianza para sus visitantes\u00bb currency=\u00bbS\/ \u00bb per=\u00bbA\u00f1o\u00bb sum=\u00bb330&#8243; button_url=\u00bbhttps:\/\/www.webhostperu.net\/clientes\/cart.php?a=confproduct&#038;i=1&#8243; url_new_window=\u00bbon\u00bb button_text=\u00bbContratar Plan\u00bb _builder_version=\u00bb4.3.2&#8243; sticky_transition=\u00bbon\u00bb button_icon_default=\u00bb%%24%%\u00bb]<\/p>\n<p>Encriptaci\u00f3n 128\/256 bits<br \/> Sello de confianza<br \/> Soporte IDN<br \/> Seguridad para tu Dominio<\/p>\n<p>[\/et_pb_pricing_table][et_pb_pricing_table featured=\u00bbon\u00bb title=\u00bbRapidSSL Wildcard\u00bb subtitle=\u00bbAsegure su sitio y agregue confianza para sus visitantes\u00bb currency=\u00bbS\/ \u00bb per=\u00bbA\u00f1o\u00bb sum=\u00bb480.65&#8243; button_url=\u00bbhttps:\/\/www.webhostperu.net\/clientes\/store\/order?pid=42&#8243; url_new_window=\u00bbon\u00bb button_text=\u00bbContratar Plan\u00bb _builder_version=\u00bb4.3.2&#8243; sticky_transition=\u00bbon\u00bb button_icon_default=\u00bb%%24%%\u00bb]<\/p>\n<p>Los certificados comod\u00edn RapidSSL\u00ae lo ayudan a proteger m\u00faltiples subdominios con un certificado SSL de bajo costo emitido a * .yourdomain.com.<br \/> Proteja los datos personales de sus clientes con un cifrado de hasta 256 bits.<br \/> La validaci\u00f3n automatizada del control de dominio hace que la autenticaci\u00f3n del sitio sea muy sencilla.<br \/> En RapidSSL, creemos en proporcionar la protecci\u00f3n SSL que necesita a un precio competitivo.<\/p>\n<p>[\/et_pb_pricing_table][et_pb_pricing_table title=\u00bbGeoTrust True Business ID with EV\u00bb subtitle=\u00bbAsegure su sitio y agregue confianza para sus visitantes\u00bb currency=\u00bbS\/ \u00bb per=\u00bbA\u00f1o\u00bb sum=\u00bb577.42&#8243; button_url=\u00bbhttps:\/\/www.webhostperu.net\/clientes\/store\/order?pid=45&#8243; url_new_window=\u00bbon\u00bb button_text=\u00bbContratar Plan\u00bb _builder_version=\u00bb4.3.2&#8243; sticky_transition=\u00bbon\u00bb button_icon_default=\u00bb%%24%%\u00bb]<\/p>\n<p>Haga una fuerte declaraci\u00f3n de seguridad con la barra de direcciones verde.<br \/> GeoTrust\u00ae True BusinessID con EV (Extended Validation) es nuestro producto de seguridad SSL de clase empresarial premium, que confirma visualmente el nivel m\u00e1s alto de autenticaci\u00f3n disponible entre los certificados SSL.<br \/> La barra verde lo dice todo.<br \/> Los visitantes del sitio web realmente notan cuando la barra de direcciones se vuelve verde en sus navegadores de alta seguridad y el campo de organizaci\u00f3n comienza a rotar entre el nombre de su empresa y GeoTrust.<\/p>\n<p>[\/et_pb_pricing_table][\/et_pb_pricing_tables][\/et_pb_column][\/et_pb_row][et_pb_row _builder_version=\u00bb4.3.2&#8243;][et_pb_column type=\u00bb4_4&#8243; _builder_version=\u00bb4.3.2&#8243;][et_pb_text _builder_version=\u00bb4.3.2&#8243; header_3_font=\u00bbAllerta|700||on|||||\u00bb header_3_text_color=\u00bb#7cda24&#8243; header_3_text_shadow_style=\u00bbpreset1&#8243;]<\/p>\n<h3>FORMA DE PAGO<\/h3>\n<p><span>DEP\u00d3SITO \u00f3 TRANSFERENCIA BANCARIA a la Cta. Cte. de AYNISOFT SAC en el Banco de Cr\u00e9dito del Per\u00fa n\u00famero: 380-1570773-0-75 (C\u00f3digo Interbancario: 00238000157077307548).\u00a0<\/span><strong>Una vez realizado el dep\u00f3sito o transferencia por favor enviar copia scaneada del voucher del banco o copia del mail de la transferencia a la siguiente direcci\u00f3n:<span>\u00a0<\/span><a href=\"mailto:informes@aynisoft.com\" target=\"_blank\" rel=\"noopener noreferrer\">informes@aynisoft.com<\/a><span>\u00a0<\/span>para que su orden sea activada.<\/strong><\/p>\n<p>[\/et_pb_text][\/et_pb_column][\/et_pb_row][\/et_pb_section]<\/p>\n","protected":false},"excerpt":{"rendered":"<p>Certificado SSLUn certificado SSL sirve para brindar seguridad al visitante de su sitio web, una manera de decirles a sus clientes que el sitio es aut\u00e9ntico, real y confiable para ingresar datos y realizar transacciones en Internet. Las siglas SSL responden a los t\u00e9rminos en ingl\u00e9s (Secure Socket Layer) el cual es un protocolo de [&hellip;]<\/p>\n","protected":false},"author":1,"featured_media":0,"parent":0,"menu_order":0,"comment_status":"closed","ping_status":"closed","template":"","meta":{"_et_pb_use_builder":"on","_et_pb_old_content":"","_et_gb_content_width":"","_joinchat":[],"footnotes":""},"class_list":["post-542","page","type-page","status-publish","hentry"],"yoast_head":"<!-- This site is optimized with the Yoast SEO plugin v27.5 - https:\/\/yoast.com\/product\/yoast-seo-wordpress\/ -->\n<title>Certificado SSL - AYNISOFT SAC<\/title>\n<meta name=\"robots\" content=\"index, follow, max-snippet:-1, max-image-preview:large, max-video-preview:-1\" \/>\n<link rel=\"canonical\" href=\"https:\/\/www.aynisoft.com\/corporacion\/certificado-ssl\/\" \/>\n<meta property=\"og:locale\" content=\"es_ES\" \/>\n<meta property=\"og:type\" content=\"article\" \/>\n<meta property=\"og:title\" content=\"Certificado SSL - AYNISOFT SAC\" \/>\n<meta property=\"og:description\" content=\"Certificado SSLUn certificado SSL sirve para brindar seguridad al visitante de su sitio web, una manera de decirles a sus clientes que el sitio es aut\u00e9ntico, real y confiable para ingresar datos y realizar transacciones en Internet. Las siglas SSL responden a los t\u00e9rminos en ingl\u00e9s (Secure Socket Layer) el cual es un protocolo de [&hellip;]\" \/>\n<meta property=\"og:url\" content=\"https:\/\/www.aynisoft.com\/corporacion\/certificado-ssl\/\" \/>\n<meta property=\"og:site_name\" content=\"AYNISOFT SAC\" \/>\n<meta property=\"article:publisher\" content=\"https:\/\/www.facebook.com\/aynisoft\" \/>\n<meta property=\"article:modified_time\" content=\"2021-06-25T15:54:36+00:00\" \/>\n<meta name=\"twitter:card\" content=\"summary_large_image\" \/>\n<meta name=\"twitter:site\" content=\"@aynisoft\" \/>\n<meta name=\"twitter:label1\" content=\"Tiempo de lectura\" \/>\n\t<meta name=\"twitter:data1\" content=\"6 minutos\" \/>\n<script type=\"application\/ld+json\" class=\"yoast-schema-graph\">{\"@context\":\"https:\\\/\\\/schema.org\",\"@graph\":[{\"@type\":\"WebPage\",\"@id\":\"https:\\\/\\\/www.aynisoft.com\\\/corporacion\\\/certificado-ssl\\\/\",\"url\":\"https:\\\/\\\/www.aynisoft.com\\\/corporacion\\\/certificado-ssl\\\/\",\"name\":\"Certificado SSL - AYNISOFT SAC\",\"isPartOf\":{\"@id\":\"https:\\\/\\\/www.aynisoft.com\\\/corporacion\\\/#website\"},\"datePublished\":\"2020-02-18T04:31:49+00:00\",\"dateModified\":\"2021-06-25T15:54:36+00:00\",\"breadcrumb\":{\"@id\":\"https:\\\/\\\/www.aynisoft.com\\\/corporacion\\\/certificado-ssl\\\/#breadcrumb\"},\"inLanguage\":\"es\",\"potentialAction\":[{\"@type\":\"ReadAction\",\"target\":[\"https:\\\/\\\/www.aynisoft.com\\\/corporacion\\\/certificado-ssl\\\/\"]}]},{\"@type\":\"BreadcrumbList\",\"@id\":\"https:\\\/\\\/www.aynisoft.com\\\/corporacion\\\/certificado-ssl\\\/#breadcrumb\",\"itemListElement\":[{\"@type\":\"ListItem\",\"position\":1,\"name\":\"Portada\",\"item\":\"https:\\\/\\\/www.aynisoft.com\\\/corporacion\\\/\"},{\"@type\":\"ListItem\",\"position\":2,\"name\":\"Certificado SSL\"}]},{\"@type\":\"WebSite\",\"@id\":\"https:\\\/\\\/www.aynisoft.com\\\/corporacion\\\/#website\",\"url\":\"https:\\\/\\\/www.aynisoft.com\\\/corporacion\\\/\",\"name\":\"AYNISOFT SAC\",\"description\":\"Soluciones Inform\u00e1ticas\",\"publisher\":{\"@id\":\"https:\\\/\\\/www.aynisoft.com\\\/corporacion\\\/#organization\"},\"potentialAction\":[{\"@type\":\"SearchAction\",\"target\":{\"@type\":\"EntryPoint\",\"urlTemplate\":\"https:\\\/\\\/www.aynisoft.com\\\/corporacion\\\/?s={search_term_string}\"},\"query-input\":{\"@type\":\"PropertyValueSpecification\",\"valueRequired\":true,\"valueName\":\"search_term_string\"}}],\"inLanguage\":\"es\"},{\"@type\":\"Organization\",\"@id\":\"https:\\\/\\\/www.aynisoft.com\\\/corporacion\\\/#organization\",\"name\":\"AYNISOFT SAC\",\"url\":\"https:\\\/\\\/www.aynisoft.com\\\/corporacion\\\/\",\"logo\":{\"@type\":\"ImageObject\",\"inLanguage\":\"es\",\"@id\":\"https:\\\/\\\/www.aynisoft.com\\\/corporacion\\\/#\\\/schema\\\/logo\\\/image\\\/\",\"url\":\"https:\\\/\\\/www.aynisoft.com\\\/corporacion\\\/wp-content\\\/uploads\\\/2020\\\/02\\\/aynisoft_icono.png\",\"contentUrl\":\"https:\\\/\\\/www.aynisoft.com\\\/corporacion\\\/wp-content\\\/uploads\\\/2020\\\/02\\\/aynisoft_icono.png\",\"width\":512,\"height\":512,\"caption\":\"AYNISOFT SAC\"},\"image\":{\"@id\":\"https:\\\/\\\/www.aynisoft.com\\\/corporacion\\\/#\\\/schema\\\/logo\\\/image\\\/\"},\"sameAs\":[\"https:\\\/\\\/www.facebook.com\\\/aynisoft\",\"https:\\\/\\\/x.com\\\/aynisoft\"]}]}<\/script>\n<!-- \/ Yoast SEO plugin. -->","yoast_head_json":{"title":"Certificado SSL - AYNISOFT SAC","robots":{"index":"index","follow":"follow","max-snippet":"max-snippet:-1","max-image-preview":"max-image-preview:large","max-video-preview":"max-video-preview:-1"},"canonical":"https:\/\/www.aynisoft.com\/corporacion\/certificado-ssl\/","og_locale":"es_ES","og_type":"article","og_title":"Certificado SSL - AYNISOFT SAC","og_description":"Certificado SSLUn certificado SSL sirve para brindar seguridad al visitante de su sitio web, una manera de decirles a sus clientes que el sitio es aut\u00e9ntico, real y confiable para ingresar datos y realizar transacciones en Internet. Las siglas SSL responden a los t\u00e9rminos en ingl\u00e9s (Secure Socket Layer) el cual es un protocolo de [&hellip;]","og_url":"https:\/\/www.aynisoft.com\/corporacion\/certificado-ssl\/","og_site_name":"AYNISOFT SAC","article_publisher":"https:\/\/www.facebook.com\/aynisoft","article_modified_time":"2021-06-25T15:54:36+00:00","twitter_card":"summary_large_image","twitter_site":"@aynisoft","twitter_misc":{"Tiempo de lectura":"6 minutos"},"schema":{"@context":"https:\/\/schema.org","@graph":[{"@type":"WebPage","@id":"https:\/\/www.aynisoft.com\/corporacion\/certificado-ssl\/","url":"https:\/\/www.aynisoft.com\/corporacion\/certificado-ssl\/","name":"Certificado SSL - AYNISOFT SAC","isPartOf":{"@id":"https:\/\/www.aynisoft.com\/corporacion\/#website"},"datePublished":"2020-02-18T04:31:49+00:00","dateModified":"2021-06-25T15:54:36+00:00","breadcrumb":{"@id":"https:\/\/www.aynisoft.com\/corporacion\/certificado-ssl\/#breadcrumb"},"inLanguage":"es","potentialAction":[{"@type":"ReadAction","target":["https:\/\/www.aynisoft.com\/corporacion\/certificado-ssl\/"]}]},{"@type":"BreadcrumbList","@id":"https:\/\/www.aynisoft.com\/corporacion\/certificado-ssl\/#breadcrumb","itemListElement":[{"@type":"ListItem","position":1,"name":"Portada","item":"https:\/\/www.aynisoft.com\/corporacion\/"},{"@type":"ListItem","position":2,"name":"Certificado SSL"}]},{"@type":"WebSite","@id":"https:\/\/www.aynisoft.com\/corporacion\/#website","url":"https:\/\/www.aynisoft.com\/corporacion\/","name":"AYNISOFT SAC","description":"Soluciones Inform\u00e1ticas","publisher":{"@id":"https:\/\/www.aynisoft.com\/corporacion\/#organization"},"potentialAction":[{"@type":"SearchAction","target":{"@type":"EntryPoint","urlTemplate":"https:\/\/www.aynisoft.com\/corporacion\/?s={search_term_string}"},"query-input":{"@type":"PropertyValueSpecification","valueRequired":true,"valueName":"search_term_string"}}],"inLanguage":"es"},{"@type":"Organization","@id":"https:\/\/www.aynisoft.com\/corporacion\/#organization","name":"AYNISOFT SAC","url":"https:\/\/www.aynisoft.com\/corporacion\/","logo":{"@type":"ImageObject","inLanguage":"es","@id":"https:\/\/www.aynisoft.com\/corporacion\/#\/schema\/logo\/image\/","url":"https:\/\/www.aynisoft.com\/corporacion\/wp-content\/uploads\/2020\/02\/aynisoft_icono.png","contentUrl":"https:\/\/www.aynisoft.com\/corporacion\/wp-content\/uploads\/2020\/02\/aynisoft_icono.png","width":512,"height":512,"caption":"AYNISOFT SAC"},"image":{"@id":"https:\/\/www.aynisoft.com\/corporacion\/#\/schema\/logo\/image\/"},"sameAs":["https:\/\/www.facebook.com\/aynisoft","https:\/\/x.com\/aynisoft"]}]}},"_links":{"self":[{"href":"https:\/\/www.aynisoft.com\/corporacion\/wp-json\/wp\/v2\/pages\/542","targetHints":{"allow":["GET"]}}],"collection":[{"href":"https:\/\/www.aynisoft.com\/corporacion\/wp-json\/wp\/v2\/pages"}],"about":[{"href":"https:\/\/www.aynisoft.com\/corporacion\/wp-json\/wp\/v2\/types\/page"}],"author":[{"embeddable":true,"href":"https:\/\/www.aynisoft.com\/corporacion\/wp-json\/wp\/v2\/users\/1"}],"replies":[{"embeddable":true,"href":"https:\/\/www.aynisoft.com\/corporacion\/wp-json\/wp\/v2\/comments?post=542"}],"version-history":[{"count":19,"href":"https:\/\/www.aynisoft.com\/corporacion\/wp-json\/wp\/v2\/pages\/542\/revisions"}],"predecessor-version":[{"id":900,"href":"https:\/\/www.aynisoft.com\/corporacion\/wp-json\/wp\/v2\/pages\/542\/revisions\/900"}],"wp:attachment":[{"href":"https:\/\/www.aynisoft.com\/corporacion\/wp-json\/wp\/v2\/media?parent=542"}],"curies":[{"name":"wp","href":"https:\/\/api.w.org\/{rel}","templated":true}]}}