{"id":548,"date":"2020-02-18T00:21:06","date_gmt":"2020-02-18T05:21:06","guid":{"rendered":"http:\/\/www.aynisoft.com\/corporacion\/?page_id=548"},"modified":"2021-03-31T13:04:38","modified_gmt":"2021-03-31T18:04:38","slug":"inicio","status":"publish","type":"page","link":"https:\/\/www.aynisoft.com\/corporacion\/","title":{"rendered":"Inicio"},"content":{"rendered":"<p>[et_pb_section fb_built=\u00bb1&#8243; next_background_color=\u00bb#ffffff\u00bb _builder_version=\u00bb4.3.2&#8243; background_image=\u00bbhttps:\/\/www.aynisoft.com\/corporacion\/wp-content\/uploads\/2020\/02\/aynisoft_slider.jpg\u00bb custom_padding=\u00bb0px|||||\u00bb bottom_divider_style=\u00bbwave2&#8243;][et_pb_row custom_padding_last_edited=\u00bbon|phone\u00bb _builder_version=\u00bb4.3.2&#8243; custom_margin_tablet=\u00bb\u00bb custom_margin_phone=\u00bb\u00bb custom_margin_last_edited=\u00bbon|phone\u00bb custom_padding=\u00bb150px||150px||true|false\u00bb custom_padding_tablet=\u00bb\u00bb custom_padding_phone=\u00bb90px||90px||true|false\u00bb][et_pb_column type=\u00bb4_4&#8243; _builder_version=\u00bb4.3.2&#8243;][et_pb_text content_tablet=\u00bb<\/p>\n<h2>Si su negocio no est\u00e1 en internet, <span style=%22color: #ffff00;%22>su negocio no existe<\/span><\/h2>\n<p>\u00bb content_phone=\u00bb<\/p>\n<h2>Si su negocio no est\u00e1 en internet, <span style=%22color: #ffff00;%22>su negocio no existe<\/span><\/h2>\n<p>\u00bb content_last_edited=\u00bbon|tablet\u00bb _builder_version=\u00bb4.3.2&#8243; header_2_font=\u00bbSquada One|700||on|||||\u00bb header_2_text_align=\u00bbcenter\u00bb header_2_text_color=\u00bb#ffffff\u00bb header_2_font_size=\u00bb48px\u00bb header_2_line_height=\u00bb1.8em\u00bb background_color=\u00bb#2ea3f2&#8243; header_2_font_tablet=\u00bb\u00bb header_2_font_phone=\u00bb\u00bb header_2_font_last_edited=\u00bbon|desktop\u00bb header_2_font_size_tablet=\u00bb\u00bb header_2_font_size_phone=\u00bb40px\u00bb header_2_font_size_last_edited=\u00bbon|phone\u00bb background_last_edited=\u00bbon|phone\u00bb header_2_text_shadow_style=\u00bbpreset1&#8243; box_shadow_style=\u00bbpreset2&#8243;]<\/p>\n<h2>Si su negocio no est\u00e1 en internet, <span style=\"color: #ffff00;\">su negocio no existe<\/span><\/h2>\n<p>[\/et_pb_text][et_pb_text _builder_version=\u00bb4.7.4&#8243; text_font=\u00bbAllerta||||||||\u00bb text_text_color=\u00bb#ffffff\u00bb text_font_size=\u00bb24px\u00bb text_line_height=\u00bb1.8em\u00bb header_3_font=\u00bbAllerta|700|||||||\u00bb header_3_text_color=\u00bb#ffffff\u00bb header_3_font_size=\u00bb24px\u00bb header_3_line_height=\u00bb1.7em\u00bb text_orientation=\u00bbcenter\u00bb text_text_shadow_style=\u00bbpreset1&#8243; header_3_text_shadow_style=\u00bbpreset1&#8243;]<\/p>\n<h3>Venta de servicios de\u00a0<strong>Dominios<\/strong> y <strong>Hosting<\/strong> en Ica y todo el Per\u00fa.<\/h3>\n<p>[\/et_pb_text][et_pb_button button_url=\u00bbhttps:\/\/www.aynisoft.com\/corporacion\/contact\/\u00bb button_text=\u00bbContrata tu Plan aqu\u00ed\u00bb button_alignment=\u00bbcenter\u00bb _builder_version=\u00bb4.3.2&#8243; custom_button=\u00bbon\u00bb button_text_color=\u00bb#ffffff\u00bb button_bg_color=\u00bb#e02b20&#8243; button_border_width=\u00bb0px\u00bb button_border_radius=\u00bb10px\u00bb button_font=\u00bb|||on|||||\u00bb custom_padding=\u00bb15px||15px||true|false\u00bb][\/et_pb_button][\/et_pb_column][\/et_pb_row][\/et_pb_section][et_pb_section fb_built=\u00bb1&#8243; _builder_version=\u00bb4.3.2&#8243;][et_pb_row _builder_version=\u00bb4.3.2&#8243;][et_pb_column type=\u00bb4_4&#8243; _builder_version=\u00bb4.3.2&#8243;][et_pb_text _builder_version=\u00bb4.4.2&#8243; text_font_size=\u00bb16px\u00bb header_2_font=\u00bbAllerta|700||on|||||\u00bb header_2_text_align=\u00bbcenter\u00bb header_2_text_color=\u00bb#000000&#8243; header_2_font_size=\u00bb32px\u00bb header_2_line_height=\u00bb1.7em\u00bb text_orientation=\u00bbcenter\u00bb]<\/p>\n<h2>Bienvenidos a Aynisoft SAC<\/h2>\n<p>Aynisoft SAC ofrece una variedad de servicios (dominios, hosting empresarial, hosting corporativo, servidores VPS, servidores Cloud, Certificados SSL y m\u00e1s) para todo tipo de necesidad. Nuestra filosofia es ofrecer servicios que garanticen el rendimiento sin igual a todos nuestros usuarios al mejor precio posible. Es por eso que todos nuestros servidores estan limitados en la cantidad de cuentas que puedan ofrecer y as\u00ed evitar que se sobre cargue y colapsen los servicios por exceso de usuarios.<\/p>\n<p>\u00bfEstas cansado de que su servicio de hosting se interrumpa? \u00bfQu\u00e9 a ciertas horas se ponga muy lenta? y \u00bfQue sus p\u00e1ginas con sistemas como WordPress, OsCommerce, Joomla, Drupal o Moodle, cargan lento?, cambiate a uno de nuestros servicios y no se arrepentira. Sepa como nuestros planes marcan la diferencia y que le podemos ofrecer.<\/p>\n<p>[\/et_pb_text][\/et_pb_column][\/et_pb_row][et_pb_row _builder_version=\u00bb4.4.2&#8243; custom_padding=\u00bb||2px|||\u00bb][et_pb_column type=\u00bb4_4&#8243; _builder_version=\u00bb4.4.2&#8243;][et_pb_text _builder_version=\u00bb4.4.2&#8243; header_font=\u00bb|700|||||||\u00bb header_2_font=\u00bbAllerta|700||on|||||\u00bb header_2_text_align=\u00bbcenter\u00bb header_2_text_color=\u00bb#000000&#8243; header_2_font_size=\u00bb32px\u00bb header_2_line_height=\u00bb1.7em\u00bb]<\/p>\n<h2>Noticias de Interes<\/h2>\n<p>[\/et_pb_text][\/et_pb_column][\/et_pb_row][et_pb_row _builder_version=\u00bb4.4.2&#8243;][et_pb_column type=\u00bb4_4&#8243; _builder_version=\u00bb4.4.2&#8243;][et_pb_blog fullwidth=\u00bboff\u00bb posts_number=\u00bb3&#8243; include_categories=\u00bb27&#8243; show_more=\u00bbon\u00bb show_author=\u00bboff\u00bb use_overlay=\u00bbon\u00bb hover_overlay_color=\u00bbrgba(12,113,195,0.5)\u00bb _builder_version=\u00bb4.4.2&#8243; header_font=\u00bbAllerta|700|||||||\u00bb header_line_height=\u00bb1.7em\u00bb read_more_font=\u00bbAllerta||||||||\u00bb border_radii=\u00bbon|1px|1px|1px|1px\u00bb box_shadow_style=\u00bbpreset1&#8243;][\/et_pb_blog][\/et_pb_column][\/et_pb_row][et_pb_row column_structure=\u00bb2_5,3_5&#8243; _builder_version=\u00bb4.3.2&#8243;][et_pb_column type=\u00bb2_5&#8243; _builder_version=\u00bb4.3.2&#8243;][et_pb_text _builder_version=\u00bb4.3.2&#8243; header_2_font=\u00bbAllerta|700||on|||||\u00bb header_2_text_align=\u00bbcenter\u00bb header_3_font=\u00bbAllerta|700||on|||||\u00bb header_3_text_color=\u00bb#e02b20&#8243; text_orientation=\u00bbcenter\u00bb]<\/p>\n<h3>\u00c1rea para clientes<\/h3>\n<p>Si ya eres cliente nuestro, ingresa tu direcci\u00f3n de correo electr\u00f3nico y la contrase\u00f1a para que puedas ingresar a administrar tu cuenta de servicios adquiridos.<\/p>\n<p>[\/et_pb_text][et_pb_code _builder_version=\u00bb4.3.2&#8243;]<\/p>\n<style type=\"text\/css\"><!-- [et_pb_line_break_holder] -->form input {<!-- [et_pb_line_break_holder] -->    position: relative;<!-- [et_pb_line_break_holder] -->    vertical-align: top;<!-- [et_pb_line_break_holder] -->    border: 1px solid #ddd;<!-- [et_pb_line_break_holder] -->    display: -moz-inline-stack;<!-- [et_pb_line_break_holder] -->    display: inline-block;<!-- [et_pb_line_break_holder] -->    color: #626262;<!-- [et_pb_line_break_holder] -->    outline: 0;<!-- [et_pb_line_break_holder] -->    background-color: #fff;<!-- [et_pb_line_break_holder] -->    height: 40px;<!-- [et_pb_line_break_holder] -->    width: 100%;<!-- [et_pb_line_break_holder] -->    border-radius: 5px;<!-- [et_pb_line_break_holder] -->    font-size: 18px;<!-- [et_pb_line_break_holder] -->}<!-- [et_pb_line_break_holder] -->  input[type=submit]<!-- [et_pb_line_break_holder] -->  {<!-- [et_pb_line_break_holder] -->  background-color: #008f39;<!-- [et_pb_line_break_holder] -->  border: none;<!-- [et_pb_line_break_holder] -->  color: white;<!-- [et_pb_line_break_holder] -->  width: 50%;<!-- [et_pb_line_break_holder] -->  padding: 32;<!-- [et_pb_line_break_holder] -->  text-decoration: none;<!-- [et_pb_line_break_holder] -->  margin: 4px 2px;<!-- [et_pb_line_break_holder] -->  cursor: pointer;<!-- [et_pb_line_break_holder] -->}<!-- [et_pb_line_break_holder] --><\/style>\n<p><!-- [et_pb_line_break_holder] --><center><!-- [et_pb_line_break_holder] --><\/p>\n<form method=\"post\" action=\"https:\/\/www.webhostperu.net\/clientes\/dologin.php\"><!-- [et_pb_line_break_holder] --><b>USUARIO:<\/b> <input type=\"text\" name=\"username\" size=\"50\" \/><!\u2013- [et_pb_br_holder] -\u2013><!-- [et_pb_line_break_holder] --><b>CONTRASE\u00d1A:<\/b> <input type=\"password\" name=\"password\" size=\"20\"  autocomplete=\"off\" \/><!\u2013- [et_pb_br_holder] -\u2013><!-- [et_pb_line_break_holder] --><center><input type=\"submit\" value=\"Login\" \/><!-- [et_pb_line_break_holder] --><\/form>\n<p><\/center>[\/et_pb_code][\/et_pb_column][et_pb_column type=\u00bb3_5&#8243; _builder_version=\u00bb4.3.2&#8243; background_color=\u00bb#2ea3f2&#8243; custom_padding=\u00bb40px|20px|40px|20px|true|true\u00bb][et_pb_text _builder_version=\u00bb4.3.2&#8243; text_text_color=\u00bb#ffffff\u00bb text_font_size=\u00bb16px\u00bb header_text_color=\u00bb#ffffff\u00bb header_3_font=\u00bbAllerta|||on|||||\u00bb header_3_text_color=\u00bb#ffffff\u00bb text_orientation=\u00bbcenter\u00bb]<\/p>\n<h3>Comencemos <strong>ahora mismo<\/strong><\/h3>\n<p>Llamenos al:<br \/> (+51) 956 623 350 \/ (+51) 956 384 097<\/p>\n<p>Escr\u00edbanos:<br \/> informes@aynisoft.com<\/p>\n<p>[\/et_pb_text][et_pb_button button_url=\u00bbhttps:\/\/www.aynisoft.com\/corporacion\/contact\/\u00bb button_text=\u00bbSolicite una cotizaci\u00f3n\u00bb button_alignment=\u00bbcenter\u00bb _builder_version=\u00bb4.3.2&#8243; custom_button=\u00bbon\u00bb button_text_color=\u00bb#2ea3f2&#8243; button_bg_color=\u00bb#ffffff\u00bb button_border_color=\u00bbrgba(0,0,0,0)\u00bb button_border_radius=\u00bb10px\u00bb button_font=\u00bbAllerta|700||on|||||\u00bb button_icon=\u00bb%%24%%\u00bb button_icon_color=\u00bb#2ea3f2&#8243;][\/et_pb_button][\/et_pb_column][\/et_pb_row][\/et_pb_section]<\/p>\n","protected":false},"excerpt":{"rendered":"<p>Si su negocio no est\u00e1 en internet, su negocio no existeVenta de servicios de\u00a0Dominios y Hosting en Ica y todo el Per\u00fa.Bienvenidos a Aynisoft SAC Aynisoft SAC ofrece una variedad de servicios (dominios, hosting empresarial, hosting corporativo, servidores VPS, servidores Cloud, Certificados SSL y m\u00e1s) para todo tipo de necesidad. Nuestra filosofia es ofrecer servicios [&hellip;]<\/p>\n","protected":false},"author":1,"featured_media":0,"parent":0,"menu_order":0,"comment_status":"closed","ping_status":"closed","template":"","meta":{"_et_pb_use_builder":"on","_et_pb_old_content":"","_et_gb_content_width":"","_joinchat":[],"footnotes":""},"class_list":["post-548","page","type-page","status-publish","hentry"],"yoast_head":"<!-- This site is optimized with the Yoast SEO plugin v27.3 - https:\/\/yoast.com\/product\/yoast-seo-wordpress\/ -->\n<title>Inicio - AYNISOFT SAC<\/title>\n<meta name=\"robots\" content=\"index, follow, max-snippet:-1, max-image-preview:large, max-video-preview:-1\" \/>\n<link rel=\"canonical\" href=\"https:\/\/www.aynisoft.com\/corporacion\/\" \/>\n<meta property=\"og:locale\" content=\"es_ES\" \/>\n<meta property=\"og:type\" content=\"article\" \/>\n<meta property=\"og:title\" content=\"Inicio - AYNISOFT SAC\" \/>\n<meta property=\"og:description\" content=\"Si su negocio no est\u00e1 en internet, su negocio no existeVenta de servicios de\u00a0Dominios y Hosting en Ica y todo el Per\u00fa.Bienvenidos a Aynisoft SAC Aynisoft SAC ofrece una variedad de servicios (dominios, hosting empresarial, hosting corporativo, servidores VPS, servidores Cloud, Certificados SSL y m\u00e1s) para todo tipo de necesidad. Nuestra filosofia es ofrecer servicios [&hellip;]\" \/>\n<meta property=\"og:url\" content=\"https:\/\/www.aynisoft.com\/corporacion\/\" \/>\n<meta property=\"og:site_name\" content=\"AYNISOFT SAC\" \/>\n<meta property=\"article:publisher\" content=\"https:\/\/www.facebook.com\/aynisoft\" \/>\n<meta property=\"article:modified_time\" content=\"2021-03-31T18:04:38+00:00\" \/>\n<meta name=\"twitter:card\" content=\"summary_large_image\" \/>\n<meta name=\"twitter:site\" content=\"@aynisoft\" \/>\n<meta name=\"twitter:label1\" content=\"Tiempo de lectura\" \/>\n\t<meta name=\"twitter:data1\" content=\"4 minutos\" \/>\n<script type=\"application\/ld+json\" class=\"yoast-schema-graph\">{\"@context\":\"https:\\\/\\\/schema.org\",\"@graph\":[{\"@type\":\"WebPage\",\"@id\":\"https:\\\/\\\/www.aynisoft.com\\\/corporacion\\\/\",\"url\":\"https:\\\/\\\/www.aynisoft.com\\\/corporacion\\\/\",\"name\":\"Inicio - AYNISOFT SAC\",\"isPartOf\":{\"@id\":\"https:\\\/\\\/www.aynisoft.com\\\/corporacion\\\/#website\"},\"datePublished\":\"2020-02-18T05:21:06+00:00\",\"dateModified\":\"2021-03-31T18:04:38+00:00\",\"breadcrumb\":{\"@id\":\"https:\\\/\\\/www.aynisoft.com\\\/corporacion\\\/#breadcrumb\"},\"inLanguage\":\"es\",\"potentialAction\":[{\"@type\":\"ReadAction\",\"target\":[\"https:\\\/\\\/www.aynisoft.com\\\/corporacion\\\/\"]}]},{\"@type\":\"BreadcrumbList\",\"@id\":\"https:\\\/\\\/www.aynisoft.com\\\/corporacion\\\/#breadcrumb\",\"itemListElement\":[{\"@type\":\"ListItem\",\"position\":1,\"name\":\"Portada\",\"item\":\"https:\\\/\\\/www.aynisoft.com\\\/corporacion\\\/\"},{\"@type\":\"ListItem\",\"position\":2,\"name\":\"Inicio\"}]},{\"@type\":\"WebSite\",\"@id\":\"https:\\\/\\\/www.aynisoft.com\\\/corporacion\\\/#website\",\"url\":\"https:\\\/\\\/www.aynisoft.com\\\/corporacion\\\/\",\"name\":\"AYNISOFT SAC\",\"description\":\"Soluciones Inform\u00e1ticas\",\"publisher\":{\"@id\":\"https:\\\/\\\/www.aynisoft.com\\\/corporacion\\\/#organization\"},\"potentialAction\":[{\"@type\":\"SearchAction\",\"target\":{\"@type\":\"EntryPoint\",\"urlTemplate\":\"https:\\\/\\\/www.aynisoft.com\\\/corporacion\\\/?s={search_term_string}\"},\"query-input\":{\"@type\":\"PropertyValueSpecification\",\"valueRequired\":true,\"valueName\":\"search_term_string\"}}],\"inLanguage\":\"es\"},{\"@type\":\"Organization\",\"@id\":\"https:\\\/\\\/www.aynisoft.com\\\/corporacion\\\/#organization\",\"name\":\"AYNISOFT SAC\",\"url\":\"https:\\\/\\\/www.aynisoft.com\\\/corporacion\\\/\",\"logo\":{\"@type\":\"ImageObject\",\"inLanguage\":\"es\",\"@id\":\"https:\\\/\\\/www.aynisoft.com\\\/corporacion\\\/#\\\/schema\\\/logo\\\/image\\\/\",\"url\":\"https:\\\/\\\/www.aynisoft.com\\\/corporacion\\\/wp-content\\\/uploads\\\/2020\\\/02\\\/aynisoft_icono.png\",\"contentUrl\":\"https:\\\/\\\/www.aynisoft.com\\\/corporacion\\\/wp-content\\\/uploads\\\/2020\\\/02\\\/aynisoft_icono.png\",\"width\":512,\"height\":512,\"caption\":\"AYNISOFT SAC\"},\"image\":{\"@id\":\"https:\\\/\\\/www.aynisoft.com\\\/corporacion\\\/#\\\/schema\\\/logo\\\/image\\\/\"},\"sameAs\":[\"https:\\\/\\\/www.facebook.com\\\/aynisoft\",\"https:\\\/\\\/x.com\\\/aynisoft\"]}]}<\/script>\n<!-- \/ Yoast SEO plugin. -->","yoast_head_json":{"title":"Inicio - AYNISOFT SAC","robots":{"index":"index","follow":"follow","max-snippet":"max-snippet:-1","max-image-preview":"max-image-preview:large","max-video-preview":"max-video-preview:-1"},"canonical":"https:\/\/www.aynisoft.com\/corporacion\/","og_locale":"es_ES","og_type":"article","og_title":"Inicio - AYNISOFT SAC","og_description":"Si su negocio no est\u00e1 en internet, su negocio no existeVenta de servicios de\u00a0Dominios y Hosting en Ica y todo el Per\u00fa.Bienvenidos a Aynisoft SAC Aynisoft SAC ofrece una variedad de servicios (dominios, hosting empresarial, hosting corporativo, servidores VPS, servidores Cloud, Certificados SSL y m\u00e1s) para todo tipo de necesidad. Nuestra filosofia es ofrecer servicios [&hellip;]","og_url":"https:\/\/www.aynisoft.com\/corporacion\/","og_site_name":"AYNISOFT SAC","article_publisher":"https:\/\/www.facebook.com\/aynisoft","article_modified_time":"2021-03-31T18:04:38+00:00","twitter_card":"summary_large_image","twitter_site":"@aynisoft","twitter_misc":{"Tiempo de lectura":"4 minutos"},"schema":{"@context":"https:\/\/schema.org","@graph":[{"@type":"WebPage","@id":"https:\/\/www.aynisoft.com\/corporacion\/","url":"https:\/\/www.aynisoft.com\/corporacion\/","name":"Inicio - AYNISOFT SAC","isPartOf":{"@id":"https:\/\/www.aynisoft.com\/corporacion\/#website"},"datePublished":"2020-02-18T05:21:06+00:00","dateModified":"2021-03-31T18:04:38+00:00","breadcrumb":{"@id":"https:\/\/www.aynisoft.com\/corporacion\/#breadcrumb"},"inLanguage":"es","potentialAction":[{"@type":"ReadAction","target":["https:\/\/www.aynisoft.com\/corporacion\/"]}]},{"@type":"BreadcrumbList","@id":"https:\/\/www.aynisoft.com\/corporacion\/#breadcrumb","itemListElement":[{"@type":"ListItem","position":1,"name":"Portada","item":"https:\/\/www.aynisoft.com\/corporacion\/"},{"@type":"ListItem","position":2,"name":"Inicio"}]},{"@type":"WebSite","@id":"https:\/\/www.aynisoft.com\/corporacion\/#website","url":"https:\/\/www.aynisoft.com\/corporacion\/","name":"AYNISOFT SAC","description":"Soluciones Inform\u00e1ticas","publisher":{"@id":"https:\/\/www.aynisoft.com\/corporacion\/#organization"},"potentialAction":[{"@type":"SearchAction","target":{"@type":"EntryPoint","urlTemplate":"https:\/\/www.aynisoft.com\/corporacion\/?s={search_term_string}"},"query-input":{"@type":"PropertyValueSpecification","valueRequired":true,"valueName":"search_term_string"}}],"inLanguage":"es"},{"@type":"Organization","@id":"https:\/\/www.aynisoft.com\/corporacion\/#organization","name":"AYNISOFT SAC","url":"https:\/\/www.aynisoft.com\/corporacion\/","logo":{"@type":"ImageObject","inLanguage":"es","@id":"https:\/\/www.aynisoft.com\/corporacion\/#\/schema\/logo\/image\/","url":"https:\/\/www.aynisoft.com\/corporacion\/wp-content\/uploads\/2020\/02\/aynisoft_icono.png","contentUrl":"https:\/\/www.aynisoft.com\/corporacion\/wp-content\/uploads\/2020\/02\/aynisoft_icono.png","width":512,"height":512,"caption":"AYNISOFT SAC"},"image":{"@id":"https:\/\/www.aynisoft.com\/corporacion\/#\/schema\/logo\/image\/"},"sameAs":["https:\/\/www.facebook.com\/aynisoft","https:\/\/x.com\/aynisoft"]}]}},"_links":{"self":[{"href":"https:\/\/www.aynisoft.com\/corporacion\/wp-json\/wp\/v2\/pages\/548","targetHints":{"allow":["GET"]}}],"collection":[{"href":"https:\/\/www.aynisoft.com\/corporacion\/wp-json\/wp\/v2\/pages"}],"about":[{"href":"https:\/\/www.aynisoft.com\/corporacion\/wp-json\/wp\/v2\/types\/page"}],"author":[{"embeddable":true,"href":"https:\/\/www.aynisoft.com\/corporacion\/wp-json\/wp\/v2\/users\/1"}],"replies":[{"embeddable":true,"href":"https:\/\/www.aynisoft.com\/corporacion\/wp-json\/wp\/v2\/comments?post=548"}],"version-history":[{"count":33,"href":"https:\/\/www.aynisoft.com\/corporacion\/wp-json\/wp\/v2\/pages\/548\/revisions"}],"predecessor-version":[{"id":894,"href":"https:\/\/www.aynisoft.com\/corporacion\/wp-json\/wp\/v2\/pages\/548\/revisions\/894"}],"wp:attachment":[{"href":"https:\/\/www.aynisoft.com\/corporacion\/wp-json\/wp\/v2\/media?parent=548"}],"curies":[{"name":"wp","href":"https:\/\/api.w.org\/{rel}","templated":true}]}}