{"id":639,"date":"2020-02-22T10:26:48","date_gmt":"2020-02-22T15:26:48","guid":{"rendered":"https:\/\/www.aynisoft.com\/corporacion\/?page_id=639"},"modified":"2025-09-10T01:43:24","modified_gmt":"2025-09-10T06:43:24","slug":"corporativo","status":"publish","type":"page","link":"https:\/\/www.aynisoft.com\/corporacion\/corporativo\/","title":{"rendered":"Corporativo"},"content":{"rendered":"<p>[et_pb_section fb_built=\u00bb1&#8243; next_background_color=\u00bb#ffffff\u00bb _builder_version=\u00bb4.16&#8243; background_image=\u00bbhttps:\/\/www.aynisoft.com\/corporacion\/wp-content\/uploads\/2020\/02\/aynisoft_pages.jpg\u00bb bottom_divider_style=\u00bbwave2&#8243; global_colors_info=\u00bb{}\u00bb][et_pb_row _builder_version=\u00bb4.16&#8243; global_colors_info=\u00bb{}\u00bb][et_pb_column type=\u00bb4_4&#8243; _builder_version=\u00bb4.16&#8243; global_colors_info=\u00bb{}\u00bb][et_pb_text _builder_version=\u00bb4.16&#8243; header_2_font=\u00bbSquada One|700||on|||||\u00bb header_2_text_align=\u00bbcenter\u00bb header_2_text_color=\u00bb#ffffff\u00bb header_2_font_size=\u00bb48px\u00bb header_2_line_height=\u00bb1.7em\u00bb header_2_text_shadow_style=\u00bbpreset1&#8243; global_colors_info=\u00bb{}\u00bb]<\/p>\n<h2>Web Hosting Corporativo<\/h2>\n<p>[\/et_pb_text][\/et_pb_column][\/et_pb_row][\/et_pb_section][et_pb_section fb_built=\u00bb1&#8243; _builder_version=\u00bb4.16&#8243; global_colors_info=\u00bb{}\u00bb][et_pb_row _builder_version=\u00bb4.16&#8243; global_colors_info=\u00bb{}\u00bb][et_pb_column type=\u00bb4_4&#8243; _builder_version=\u00bb4.16&#8243; global_colors_info=\u00bb{}\u00bb][et_pb_text _builder_version=\u00bb4.16&#8243; global_colors_info=\u00bb{}\u00bb]<\/p>\n<p>Los planes para Corporativos de <strong>Aynisoft SAC<\/strong> estan dise\u00f1ados para clientes que deseen contar con hosting profesional de alta disponibilidad, rapidez, \u00faltima tecnolog\u00eda y soporte t\u00e9cnico real Especializado. Seleccione a continuaci\u00f3n el plan de hosting que se acerque m\u00e1s a sus necesidades.<\/p>\n<p>[\/et_pb_text][\/et_pb_column][\/et_pb_row][et_pb_row _builder_version=\u00bb4.16&#8243; global_colors_info=\u00bb{}\u00bb][et_pb_column type=\u00bb4_4&#8243; _builder_version=\u00bb4.16&#8243; global_colors_info=\u00bb{}\u00bb][et_pb_pricing_tables featured_table_header_text_color=\u00bb#ffffff\u00bb header_background_color=\u00bb#2ea3f2&#8243; featured_table_currency_frequency_text_color=\u00bb#000000&#8243; _builder_version=\u00bb4.27.4&#8243; currency_frequency_text_color=\u00bb#000000&#8243; body_text_color=\u00bb#000000&#8243; header_font=\u00bbAllerta|700||on|||||\u00bb header_text_align=\u00bbcenter\u00bb header_font_size=\u00bb24px\u00bb header_line_height=\u00bb1.7em\u00bb body_font_size=\u00bb16px\u00bb price_font=\u00bbAbel|700|||||||\u00bb currency_frequency_font=\u00bb|700|||||||\u00bb hover_enabled=\u00bb0&#8243; global_colors_info=\u00bb{}\u00bb sticky_enabled=\u00bb0&#8243;][et_pb_pricing_table title=\u00bbPlan Corporativo\u00bb currency=\u00bbS\/ \u00bb per=\u00bbA\u00f1o\u00bb sum=\u00bb467&#8243; button_url=\u00bbhttps:\/\/www.webhostperu.net\/clientes\/cart.php?a=add&#038;pid=11&#8243; url_new_window=\u00bbon\u00bb button_text=\u00bbContratar Plan\u00bb _builder_version=\u00bb4.27.4&#8243; body_line_height=\u00bb1em\u00bb custom_button=\u00bbon\u00bb button_text_color=\u00bb#ffffff\u00bb button_bg_color=\u00bb#2ea3f2&#8243; button_border_width=\u00bb0px\u00bb button_border_radius=\u00bb15px\u00bb button_font=\u00bbAllerta|700||on|||||\u00bb button_use_icon=\u00bbon\u00bb button_icon=\u00bb&#x39;||divi||400&#8243; hover_enabled=\u00bb0&#8243; global_colors_info=\u00bb{}\u00bb sticky_transition=\u00bbon\u00bb sticky_enabled=\u00bb0&#8243;]<\/p>\n<p>Espacio en Disco: <strong>8000 MB<\/strong><br \/>Transferencia mensual: <strong>80 GB<\/strong><br \/>Base de Datos MySQL: <strong>Ilimitadas<\/strong><br \/>Panel de control: <strong>cPanel<\/strong><br \/>Cuentas FTP: <strong>Ilimitadas<\/strong><br \/>Cuentas de Email: <strong>Ilimitadas<\/strong><br \/>Envio de correos por hora: <strong>300<\/strong><br \/>UPTIME: <strong>99.9%<\/strong><br \/>Soporte telef\u00f3nico: <strong>24 x 7 x 365<\/strong><\/p>\n<p>[\/et_pb_pricing_table][et_pb_pricing_table featured=\u00bbon\u00bb title=\u00bbPlan Premium\u00bb currency=\u00bbS\/ \u00bb per=\u00bbA\u00f1o\u00bb sum=\u00bb759&#8243; button_url=\u00bbhttps:\/\/www.webhostperu.net\/clientes\/cart.php?a=add&#038;pid=12&#8243; url_new_window=\u00bbon\u00bb button_text=\u00bbContratar Plan\u00bb _builder_version=\u00bb4.27.4&#8243; body_line_height=\u00bb1em\u00bb custom_button=\u00bbon\u00bb button_text_color=\u00bb#ffffff\u00bb button_bg_color=\u00bb#2ea3f2&#8243; button_border_width=\u00bb0px\u00bb button_border_radius=\u00bb15px\u00bb button_font=\u00bbAllerta|700||on|||||\u00bb button_use_icon=\u00bbon\u00bb button_icon=\u00bb&#x39;||divi||400&#8243; hover_enabled=\u00bb0&#8243; global_colors_info=\u00bb{}\u00bb sticky_transition=\u00bbon\u00bb sticky_enabled=\u00bb0&#8243;]<\/p>\n<p>Espacio en Disco: <strong>15000 MB<\/strong><br \/>Transferencia mensual: <strong>150 GB<\/strong><br \/>Base de Datos MySQL: <strong>Ilimitadas<\/strong><br \/>Panel de control: <strong>cPanel<\/strong><br \/>Cuentas FTP: <strong>Ilimitadas<\/strong><br \/>Cuentas de Email: <strong>Ilimitadas<\/strong><br \/>Envio de correos por hora: <strong>400<\/strong><br \/>UPTIME: <strong>99.9%<\/strong><br \/>Soporte telef\u00f3nico: <strong>24 x 7 x 365<\/strong><\/p>\n<p>[\/et_pb_pricing_table][et_pb_pricing_table title=\u00bbPlan Platinum\u00bb currency=\u00bbS\/ \u00bb per=\u00bbA\u00f1o\u00bb sum=\u00bb1400&#8243; button_url=\u00bbhttps:\/\/www.webhostperu.net\/clientes\/cart.php?a=add&#038;pid=28&#8243; url_new_window=\u00bbon\u00bb button_text=\u00bbContratar Plan\u00bb _builder_version=\u00bb4.27.4&#8243; body_line_height=\u00bb1em\u00bb custom_button=\u00bbon\u00bb button_text_color=\u00bb#ffffff\u00bb button_bg_color=\u00bb#2ea3f2&#8243; button_border_width=\u00bb0px\u00bb button_border_radius=\u00bb15px\u00bb button_font=\u00bbAllerta|700||on|||||\u00bb button_use_icon=\u00bbon\u00bb button_icon=\u00bb&#x39;||divi||400&#8243; hover_enabled=\u00bb0&#8243; global_colors_info=\u00bb{}\u00bb sticky_transition=\u00bbon\u00bb sticky_enabled=\u00bb0&#8243;]<\/p>\n<p>Espacio en Disco: <strong>40000 MB<\/strong><br \/>Transferencia mensual: <strong>400 GB<\/strong><br \/>Base de Datos MySQL: <strong>Ilimitadas<\/strong><br \/>Panel de control: <strong>cPanel<\/strong><br \/>Cuentas FTP: <strong>Ilimitadas<\/strong><br \/>Cuentas de Email: <strong>Ilimitadas<\/strong><br \/>Envio de correos por hora: <strong>400<\/strong><br \/>UPTIME: <strong>99.9%<\/strong><br \/>Soporte telef\u00f3nico: <strong>24 x 7 x 365<\/strong><\/p>\n<p>[\/et_pb_pricing_table][\/et_pb_pricing_tables][\/et_pb_column][\/et_pb_row][et_pb_row column_structure=\u00bb1_2,1_2&#8243; _builder_version=\u00bb4.16&#8243; global_colors_info=\u00bb{}\u00bb][et_pb_column type=\u00bb1_2&#8243; _builder_version=\u00bb4.16&#8243; global_colors_info=\u00bb{}\u00bb][et_pb_blurb title=\u00bbTODOS LOS PLANES INCLUYEN:\u00bb use_icon=\u00bbon\u00bb _builder_version=\u00bb4.16&#8243; header_level=\u00bbh3&#8243; header_font=\u00bbAllerta|700||on|||||\u00bb header_text_color=\u00bb#2ea3f2&#8243; global_colors_info=\u00bb{}\u00bb]<\/p>\n<ul>\n<li>SOFTWARE ANTISPAM: Spamassessine<\/li>\n<li>ANTIVIRUS: Amavis<\/li>\n<li>BACKUPS: Se copia toda la carpeta home del usuario autom\u00e1ticamente cada 03 d\u00edas y se mantiene una copia mensual y otra semanal. Todo esto se hace autom\u00e1ticamente.<\/li>\n<li>CENTRO DE AYUDA: El procedimiento de soporte es a trav\u00e9s de soporte@aynisoft.com y el tiempo de respuesta es de 2 horas. Tambi\u00e9n mediante nuestra web de atenci\u00f3n al cliente:<span>\u00a0<\/span><a href=\"https:\/\/www.webhostperu.net\/clientes\/\" target=\"_blank\" rel=\"noopener noreferrer\">https:\/\/www.webhostperu.net\/clientes\/<\/a><\/li>\n<\/ul>\n<p>[\/et_pb_blurb][\/et_pb_column][et_pb_column type=\u00bb1_2&#8243; _builder_version=\u00bb4.16&#8243; global_colors_info=\u00bb{}\u00bb][et_pb_blurb title=\u00bbFORMA DE PAGO:\u00bb use_icon=\u00bbon\u00bb _builder_version=\u00bb4.16&#8243; header_level=\u00bbh3&#8243; header_font=\u00bbAllerta|700||on|||||\u00bb header_text_color=\u00bb#2ea3f2&#8243; global_colors_info=\u00bb{}\u00bb]<\/p>\n<ul>\n<li><span>DEP\u00d3SITO \u00f3 TRANSFERENCIA BANCARIA a la Cta. Cte. de AYNISOFT SAC en el Banco de Cr\u00e9dito del Per\u00fa n\u00famero: 380-1570773-0-75 (C\u00f3digo Interbancario: 00238000157077307548).\u00a0<\/span><strong>Una vez realizado el dep\u00f3sito o transferencia por favor enviar copia scaneada del voucher del banco o copia del mail de la transferencia a la siguiente direcci\u00f3n:<span>\u00a0<\/span><a href=\"mailto:informes@aynisoft.com\" target=\"_blank\" rel=\"noopener noreferrer\">informes@aynisoft.com<\/a><span>\u00a0<\/span>para que su orden sea activada.<\/strong><\/li>\n<\/ul>\n<p>[\/et_pb_blurb][\/et_pb_column][\/et_pb_row][\/et_pb_section]<\/p>\n","protected":false},"excerpt":{"rendered":"<p>Web Hosting CorporativoLos planes para Corporativos de Aynisoft SAC estan dise\u00f1ados para clientes que deseen contar con hosting profesional de alta disponibilidad, rapidez, \u00faltima tecnolog\u00eda y soporte t\u00e9cnico real Especializado. Seleccione a continuaci\u00f3n el plan de hosting que se acerque m\u00e1s a sus necesidades.Espacio en Disco: 8000 MBTransferencia mensual: 80 GBBase de Datos MySQL: IlimitadasPanel [&hellip;]<\/p>\n","protected":false},"author":1,"featured_media":0,"parent":0,"menu_order":0,"comment_status":"closed","ping_status":"closed","template":"","meta":{"_et_pb_use_builder":"on","_et_pb_old_content":"","_et_gb_content_width":"","_joinchat":[],"footnotes":""},"class_list":["post-639","page","type-page","status-publish","hentry"],"yoast_head":"<!-- This site is optimized with the Yoast SEO plugin v27.3 - https:\/\/yoast.com\/product\/yoast-seo-wordpress\/ -->\n<title>Corporativo - AYNISOFT SAC<\/title>\n<meta name=\"robots\" content=\"index, follow, max-snippet:-1, max-image-preview:large, max-video-preview:-1\" \/>\n<link rel=\"canonical\" href=\"https:\/\/www.aynisoft.com\/corporacion\/corporativo\/\" \/>\n<meta property=\"og:locale\" content=\"es_ES\" \/>\n<meta property=\"og:type\" content=\"article\" \/>\n<meta property=\"og:title\" content=\"Corporativo - AYNISOFT SAC\" \/>\n<meta property=\"og:description\" content=\"Web Hosting CorporativoLos planes para Corporativos de Aynisoft SAC estan dise\u00f1ados para clientes que deseen contar con hosting profesional de alta disponibilidad, rapidez, \u00faltima tecnolog\u00eda y soporte t\u00e9cnico real Especializado. Seleccione a continuaci\u00f3n el plan de hosting que se acerque m\u00e1s a sus necesidades.Espacio en Disco: 8000 MBTransferencia mensual: 80 GBBase de Datos MySQL: IlimitadasPanel [&hellip;]\" \/>\n<meta property=\"og:url\" content=\"https:\/\/www.aynisoft.com\/corporacion\/corporativo\/\" \/>\n<meta property=\"og:site_name\" content=\"AYNISOFT SAC\" \/>\n<meta property=\"article:publisher\" content=\"https:\/\/www.facebook.com\/aynisoft\" \/>\n<meta property=\"article:modified_time\" content=\"2025-09-10T06:43:24+00:00\" \/>\n<meta name=\"twitter:card\" content=\"summary_large_image\" \/>\n<meta name=\"twitter:site\" content=\"@aynisoft\" \/>\n<meta name=\"twitter:label1\" content=\"Tiempo de lectura\" \/>\n\t<meta name=\"twitter:data1\" content=\"4 minutos\" \/>\n<script type=\"application\/ld+json\" class=\"yoast-schema-graph\">{\"@context\":\"https:\\\/\\\/schema.org\",\"@graph\":[{\"@type\":\"WebPage\",\"@id\":\"https:\\\/\\\/www.aynisoft.com\\\/corporacion\\\/corporativo\\\/\",\"url\":\"https:\\\/\\\/www.aynisoft.com\\\/corporacion\\\/corporativo\\\/\",\"name\":\"Corporativo - AYNISOFT SAC\",\"isPartOf\":{\"@id\":\"https:\\\/\\\/www.aynisoft.com\\\/corporacion\\\/#website\"},\"datePublished\":\"2020-02-22T15:26:48+00:00\",\"dateModified\":\"2025-09-10T06:43:24+00:00\",\"breadcrumb\":{\"@id\":\"https:\\\/\\\/www.aynisoft.com\\\/corporacion\\\/corporativo\\\/#breadcrumb\"},\"inLanguage\":\"es\",\"potentialAction\":[{\"@type\":\"ReadAction\",\"target\":[\"https:\\\/\\\/www.aynisoft.com\\\/corporacion\\\/corporativo\\\/\"]}]},{\"@type\":\"BreadcrumbList\",\"@id\":\"https:\\\/\\\/www.aynisoft.com\\\/corporacion\\\/corporativo\\\/#breadcrumb\",\"itemListElement\":[{\"@type\":\"ListItem\",\"position\":1,\"name\":\"Portada\",\"item\":\"https:\\\/\\\/www.aynisoft.com\\\/corporacion\\\/\"},{\"@type\":\"ListItem\",\"position\":2,\"name\":\"Corporativo\"}]},{\"@type\":\"WebSite\",\"@id\":\"https:\\\/\\\/www.aynisoft.com\\\/corporacion\\\/#website\",\"url\":\"https:\\\/\\\/www.aynisoft.com\\\/corporacion\\\/\",\"name\":\"AYNISOFT SAC\",\"description\":\"Soluciones Inform\u00e1ticas\",\"publisher\":{\"@id\":\"https:\\\/\\\/www.aynisoft.com\\\/corporacion\\\/#organization\"},\"potentialAction\":[{\"@type\":\"SearchAction\",\"target\":{\"@type\":\"EntryPoint\",\"urlTemplate\":\"https:\\\/\\\/www.aynisoft.com\\\/corporacion\\\/?s={search_term_string}\"},\"query-input\":{\"@type\":\"PropertyValueSpecification\",\"valueRequired\":true,\"valueName\":\"search_term_string\"}}],\"inLanguage\":\"es\"},{\"@type\":\"Organization\",\"@id\":\"https:\\\/\\\/www.aynisoft.com\\\/corporacion\\\/#organization\",\"name\":\"AYNISOFT SAC\",\"url\":\"https:\\\/\\\/www.aynisoft.com\\\/corporacion\\\/\",\"logo\":{\"@type\":\"ImageObject\",\"inLanguage\":\"es\",\"@id\":\"https:\\\/\\\/www.aynisoft.com\\\/corporacion\\\/#\\\/schema\\\/logo\\\/image\\\/\",\"url\":\"https:\\\/\\\/www.aynisoft.com\\\/corporacion\\\/wp-content\\\/uploads\\\/2020\\\/02\\\/aynisoft_icono.png\",\"contentUrl\":\"https:\\\/\\\/www.aynisoft.com\\\/corporacion\\\/wp-content\\\/uploads\\\/2020\\\/02\\\/aynisoft_icono.png\",\"width\":512,\"height\":512,\"caption\":\"AYNISOFT SAC\"},\"image\":{\"@id\":\"https:\\\/\\\/www.aynisoft.com\\\/corporacion\\\/#\\\/schema\\\/logo\\\/image\\\/\"},\"sameAs\":[\"https:\\\/\\\/www.facebook.com\\\/aynisoft\",\"https:\\\/\\\/x.com\\\/aynisoft\"]}]}<\/script>\n<!-- \/ Yoast SEO plugin. -->","yoast_head_json":{"title":"Corporativo - AYNISOFT SAC","robots":{"index":"index","follow":"follow","max-snippet":"max-snippet:-1","max-image-preview":"max-image-preview:large","max-video-preview":"max-video-preview:-1"},"canonical":"https:\/\/www.aynisoft.com\/corporacion\/corporativo\/","og_locale":"es_ES","og_type":"article","og_title":"Corporativo - AYNISOFT SAC","og_description":"Web Hosting CorporativoLos planes para Corporativos de Aynisoft SAC estan dise\u00f1ados para clientes que deseen contar con hosting profesional de alta disponibilidad, rapidez, \u00faltima tecnolog\u00eda y soporte t\u00e9cnico real Especializado. Seleccione a continuaci\u00f3n el plan de hosting que se acerque m\u00e1s a sus necesidades.Espacio en Disco: 8000 MBTransferencia mensual: 80 GBBase de Datos MySQL: IlimitadasPanel [&hellip;]","og_url":"https:\/\/www.aynisoft.com\/corporacion\/corporativo\/","og_site_name":"AYNISOFT SAC","article_publisher":"https:\/\/www.facebook.com\/aynisoft","article_modified_time":"2025-09-10T06:43:24+00:00","twitter_card":"summary_large_image","twitter_site":"@aynisoft","twitter_misc":{"Tiempo de lectura":"4 minutos"},"schema":{"@context":"https:\/\/schema.org","@graph":[{"@type":"WebPage","@id":"https:\/\/www.aynisoft.com\/corporacion\/corporativo\/","url":"https:\/\/www.aynisoft.com\/corporacion\/corporativo\/","name":"Corporativo - AYNISOFT SAC","isPartOf":{"@id":"https:\/\/www.aynisoft.com\/corporacion\/#website"},"datePublished":"2020-02-22T15:26:48+00:00","dateModified":"2025-09-10T06:43:24+00:00","breadcrumb":{"@id":"https:\/\/www.aynisoft.com\/corporacion\/corporativo\/#breadcrumb"},"inLanguage":"es","potentialAction":[{"@type":"ReadAction","target":["https:\/\/www.aynisoft.com\/corporacion\/corporativo\/"]}]},{"@type":"BreadcrumbList","@id":"https:\/\/www.aynisoft.com\/corporacion\/corporativo\/#breadcrumb","itemListElement":[{"@type":"ListItem","position":1,"name":"Portada","item":"https:\/\/www.aynisoft.com\/corporacion\/"},{"@type":"ListItem","position":2,"name":"Corporativo"}]},{"@type":"WebSite","@id":"https:\/\/www.aynisoft.com\/corporacion\/#website","url":"https:\/\/www.aynisoft.com\/corporacion\/","name":"AYNISOFT SAC","description":"Soluciones Inform\u00e1ticas","publisher":{"@id":"https:\/\/www.aynisoft.com\/corporacion\/#organization"},"potentialAction":[{"@type":"SearchAction","target":{"@type":"EntryPoint","urlTemplate":"https:\/\/www.aynisoft.com\/corporacion\/?s={search_term_string}"},"query-input":{"@type":"PropertyValueSpecification","valueRequired":true,"valueName":"search_term_string"}}],"inLanguage":"es"},{"@type":"Organization","@id":"https:\/\/www.aynisoft.com\/corporacion\/#organization","name":"AYNISOFT SAC","url":"https:\/\/www.aynisoft.com\/corporacion\/","logo":{"@type":"ImageObject","inLanguage":"es","@id":"https:\/\/www.aynisoft.com\/corporacion\/#\/schema\/logo\/image\/","url":"https:\/\/www.aynisoft.com\/corporacion\/wp-content\/uploads\/2020\/02\/aynisoft_icono.png","contentUrl":"https:\/\/www.aynisoft.com\/corporacion\/wp-content\/uploads\/2020\/02\/aynisoft_icono.png","width":512,"height":512,"caption":"AYNISOFT SAC"},"image":{"@id":"https:\/\/www.aynisoft.com\/corporacion\/#\/schema\/logo\/image\/"},"sameAs":["https:\/\/www.facebook.com\/aynisoft","https:\/\/x.com\/aynisoft"]}]}},"_links":{"self":[{"href":"https:\/\/www.aynisoft.com\/corporacion\/wp-json\/wp\/v2\/pages\/639","targetHints":{"allow":["GET"]}}],"collection":[{"href":"https:\/\/www.aynisoft.com\/corporacion\/wp-json\/wp\/v2\/pages"}],"about":[{"href":"https:\/\/www.aynisoft.com\/corporacion\/wp-json\/wp\/v2\/types\/page"}],"author":[{"embeddable":true,"href":"https:\/\/www.aynisoft.com\/corporacion\/wp-json\/wp\/v2\/users\/1"}],"replies":[{"embeddable":true,"href":"https:\/\/www.aynisoft.com\/corporacion\/wp-json\/wp\/v2\/comments?post=639"}],"version-history":[{"count":8,"href":"https:\/\/www.aynisoft.com\/corporacion\/wp-json\/wp\/v2\/pages\/639\/revisions"}],"predecessor-version":[{"id":933,"href":"https:\/\/www.aynisoft.com\/corporacion\/wp-json\/wp\/v2\/pages\/639\/revisions\/933"}],"wp:attachment":[{"href":"https:\/\/www.aynisoft.com\/corporacion\/wp-json\/wp\/v2\/media?parent=639"}],"curies":[{"name":"wp","href":"https:\/\/api.w.org\/{rel}","templated":true}]}}