{"id":719,"date":"2020-02-24T12:06:00","date_gmt":"2020-02-24T17:06:00","guid":{"rendered":"https:\/\/www.aynisoft.com\/corporacion\/?page_id=719"},"modified":"2022-08-05T10:26:56","modified_gmt":"2022-08-05T15:26:56","slug":"servidores-vps","status":"publish","type":"page","link":"https:\/\/www.aynisoft.com\/corporacion\/servidores-vps\/","title":{"rendered":"Servidores VPS"},"content":{"rendered":"<p>[et_pb_section fb_built=\u00bb1&#8243; next_background_color=\u00bb#ffffff\u00bb _builder_version=\u00bb4.16&#8243; background_image=\u00bbhttps:\/\/www.aynisoft.com\/corporacion\/wp-content\/uploads\/2020\/02\/aynisoft_pages.jpg\u00bb bottom_divider_style=\u00bbwave2&#8243; global_colors_info=\u00bb{}\u00bb][et_pb_row _builder_version=\u00bb4.16&#8243; global_colors_info=\u00bb{}\u00bb][et_pb_column type=\u00bb4_4&#8243; _builder_version=\u00bb4.16&#8243; global_colors_info=\u00bb{}\u00bb][et_pb_text _builder_version=\u00bb4.16&#8243; header_2_font=\u00bbSquada One|700||on|||||\u00bb header_2_text_align=\u00bbcenter\u00bb header_2_text_color=\u00bb#ffffff\u00bb header_2_font_size=\u00bb48px\u00bb header_2_line_height=\u00bb1.7em\u00bb header_2_text_shadow_style=\u00bbpreset1&#8243; global_colors_info=\u00bb{}\u00bb]<\/p>\n<h2>Servidores VPS<\/h2>\n<p>[\/et_pb_text][\/et_pb_column][\/et_pb_row][\/et_pb_section][et_pb_section fb_built=\u00bb1&#8243; _builder_version=\u00bb4.16&#8243; global_colors_info=\u00bb{}\u00bb][et_pb_row _builder_version=\u00bb4.16&#8243; global_colors_info=\u00bb{}\u00bb][et_pb_column type=\u00bb4_4&#8243; _builder_version=\u00bb4.16&#8243; global_colors_info=\u00bb{}\u00bb][et_pb_text _builder_version=\u00bb4.16&#8243; global_colors_info=\u00bb{}\u00bb]<\/p>\n<p>Si su proyecto requiere mayores recursos, disponibilidad y flexibilidad de lo que le ofrece un alojamiento compartido o un servidor virtual, entonces necesita un servidor dedicado. Su servidor dedicado no se comparte con ning\u00fan otro usuario o empresa, teniendo as\u00ed, hardware dedicado exclusivamente para sus proyectos, y recursos plenamente garantizados y escalables.<\/p>\n<p><span>Teniendo un servidor dedicado dotar\u00e1 a sus sitios de un nivel m\u00e1s alto de flexibilidad, seguridad, velocidad y uptime. Tendr\u00e1 la posibilidad de ir mucho m\u00e1s all\u00e1 de las limitaciones de un recurso como el que encontrar\u00eda en una ambiente compartido o virtual.<\/span><\/p>\n<p>&nbsp;<\/p>\n<h3 style=\"text-align: center;\"><span style=\"color: #ff0000;\"><strong>IMPORTANTE:<\/strong>\u00a0Los precios no incluyen IGV.<\/span><\/h3>\n<p>[\/et_pb_text][\/et_pb_column][\/et_pb_row][et_pb_row _builder_version=\u00bb4.16&#8243; global_colors_info=\u00bb{}\u00bb][et_pb_column type=\u00bb4_4&#8243; _builder_version=\u00bb4.16&#8243; global_colors_info=\u00bb{}\u00bb][et_pb_pricing_tables featured_table_header_text_color=\u00bb#ffffff\u00bb header_background_color=\u00bb#8300e9&#8243; _builder_version=\u00bb4.16&#8243; currency_frequency_text_color=\u00bb#000000&#8243; price_text_color=\u00bb#8300e9&#8243; subheader_text_color=\u00bb#edf000&#8243; body_text_color=\u00bb#000000&#8243; header_font=\u00bbAllerta|700||on|||||\u00bb header_line_height=\u00bb1.7em\u00bb body_font_size=\u00bb16px\u00bb body_line_height=\u00bb1em\u00bb price_font=\u00bbAbel|700|||||||\u00bb currency_frequency_font=\u00bb|700|||||||\u00bb custom_button=\u00bbon\u00bb button_text_color=\u00bb#ffffff\u00bb button_bg_color=\u00bb#8300e9&#8243; button_border_radius=\u00bb15px\u00bb button_font=\u00bbAllerta|700||on|||||\u00bb button_icon=\u00bb&#x39;||divi||400&#8243; header_text_shadow_style=\u00bbpreset1&#8243; global_colors_info=\u00bb{}\u00bb][et_pb_pricing_table title=\u00bbLinux VPS B\u00e1SICO \u00bb currency=\u00bbS\/ \u00bb per=\u00bbMes\u00bb sum=\u00bb149*\u00bb button_url=\u00bbhttps:\/\/www.webhostperu.net\/clientes\/cart.php?a=add&#038;pid=19&#8243; url_new_window=\u00bbon\u00bb button_text=\u00bbContratar Plan\u00bb _builder_version=\u00bb4.16&#8243; hover_enabled=\u00bb0&#8243; global_colors_info=\u00bb{}\u00bb sticky_transition=\u00bbon\u00bb button_icon_default=\u00bb&#x39;||divi||400&#8243; sticky_enabled=\u00bb0&#8243;]<\/p>\n<p><strong>2 Core<\/strong> CPU Procesador<br \/> <strong>2 GB<\/strong> RAM garantizada<br \/> <strong>50 GB RAID-10 SSD<\/strong> Espacio de Almacenamiento<br \/> <strong>2 TB<\/strong> Ancho de Banda Premium<br \/> <strong>2 IP<\/strong> Direcciones<br \/> <strong>DirectAdmin<\/strong> o <strong>cPanel\/WHM<\/strong><br \/> * <span style=\"color: #ff0000;\">Pagando por un a\u00f1o<\/span><\/p>\n<p>[\/et_pb_pricing_table][et_pb_pricing_table featured=\u00bbon\u00bb title=\u00bbLinux VPS STANDARD\u00bb currency=\u00bbS\/ \u00bb per=\u00bbMes\u00bb sum=\u00bb247*\u00bb button_url=\u00bbhttps:\/\/www.webhostperu.net\/clientes\/cart.php?a=add&#038;pid=20&#8243; url_new_window=\u00bbon\u00bb button_text=\u00bbContratar Plan\u00bb _builder_version=\u00bb4.16&#8243; global_colors_info=\u00bb{}\u00bb sticky_transition=\u00bbon\u00bb button_icon_default=\u00bb&#x39;||divi||400&#8243;]<\/p>\n<p><strong>2 Core<\/strong> CPU Procesador<br \/> <strong>4 GB<\/strong> RAM garantizada<br \/> <strong>100 GB RAID-10 SSD<\/strong> Espacio de Almacenamiento<br \/> <strong>3 TB<\/strong> Ancho de Banda Premium<br \/> <strong>2 IP<\/strong> Direcciones<br \/> <strong>DirectAdmin<\/strong> o <strong>cPanel\/WHM<\/strong><br \/> <span style=\"color: #ff0000;\">* Pagando por un a\u00f1o<\/span><\/p>\n<p>[\/et_pb_pricing_table][et_pb_pricing_table title=\u00bbLinux VPS PROFESIONAL\u00bb currency=\u00bbS\/ \u00bb per=\u00bbMes\u00bb sum=\u00bb313*\u00bb button_url=\u00bbhttps:\/\/www.webhostperu.net\/clientes\/cart.php?a=add&#038;pid=21&#8243; url_new_window=\u00bbon\u00bb button_text=\u00bbContratar Plan\u00bb _builder_version=\u00bb4.16&#8243; global_colors_info=\u00bb{}\u00bb sticky_transition=\u00bbon\u00bb button_icon_default=\u00bb&#x39;||divi||400&#8243;]<\/p>\n<p><strong>4 Core<\/strong> CPU Procesador<br \/> <strong>6 GB<\/strong> RAM garantizada<br \/> <strong>150 GB RAID-10 SSD<\/strong> Espacio de Almacenamiento<br \/> <strong>4 TB<\/strong> Ancho de Banda Premium<br \/> <strong>2 IP<\/strong> Direcciones<br \/> <strong>DirectAdmin<\/strong> o <strong>cPanel\/WHM<\/strong><br \/> <span style=\"color: #ff0000;\">* Pagando por un a\u00f1o<\/span><\/p>\n<p>[\/et_pb_pricing_table][\/et_pb_pricing_tables][\/et_pb_column][\/et_pb_row][et_pb_row _builder_version=\u00bb4.16&#8243; global_colors_info=\u00bb{}\u00bb][et_pb_column type=\u00bb4_4&#8243; _builder_version=\u00bb4.16&#8243; global_colors_info=\u00bb{}\u00bb][et_pb_text _builder_version=\u00bb4.16&#8243; header_3_font=\u00bbAllerta|700||on|||||\u00bb header_3_text_color=\u00bb#8300e9&#8243; header_3_text_shadow_style=\u00bbpreset1&#8243; global_colors_info=\u00bb{}\u00bb]<\/p>\n<h3>FORMA DE PAGO<\/h3>\n<p><span>DEP\u00d3SITO \u00f3 TRANSFERENCIA BANCARIA a la Cta. Cte. de AYNISOFT SAC en el Banco de Cr\u00e9dito del Per\u00fa n\u00famero: 380-1570773-0-75 (C\u00f3digo Interbancario: 00238000157077307548).\u00a0<\/span><strong>Una vez realizado el dep\u00f3sito o transferencia por favor enviar copia scaneada del voucher del banco o copia del mail de la transferencia a la siguiente direcci\u00f3n:<span>\u00a0<\/span><a href=\"mailto:informes@aynisoft.com\" target=\"_blank\" rel=\"noopener noreferrer\">informes@aynisoft.com<\/a><span>\u00a0<\/span>para que su orden sea activada.<\/strong><\/p>\n<p>[\/et_pb_text][\/et_pb_column][\/et_pb_row][\/et_pb_section]<\/p>\n","protected":false},"excerpt":{"rendered":"<p>Servidores VPSSi su proyecto requiere mayores recursos, disponibilidad y flexibilidad de lo que le ofrece un alojamiento compartido o un servidor virtual, entonces necesita un servidor dedicado. Su servidor dedicado no se comparte con ning\u00fan otro usuario o empresa, teniendo as\u00ed, hardware dedicado exclusivamente para sus proyectos, y recursos plenamente garantizados y escalables. Teniendo un [&hellip;]<\/p>\n","protected":false},"author":1,"featured_media":0,"parent":0,"menu_order":0,"comment_status":"closed","ping_status":"closed","template":"","meta":{"_et_pb_use_builder":"on","_et_pb_old_content":"<!-- wp:divi\/placeholder \/-->","_et_gb_content_width":"","_joinchat":[],"footnotes":""},"class_list":["post-719","page","type-page","status-publish","hentry"],"yoast_head":"<!-- This site is optimized with the Yoast SEO plugin v27.3 - https:\/\/yoast.com\/product\/yoast-seo-wordpress\/ -->\n<title>Servidores VPS - AYNISOFT SAC<\/title>\n<meta name=\"robots\" content=\"index, follow, max-snippet:-1, max-image-preview:large, max-video-preview:-1\" \/>\n<link rel=\"canonical\" href=\"https:\/\/www.aynisoft.com\/corporacion\/servidores-vps\/\" \/>\n<meta property=\"og:locale\" content=\"es_ES\" \/>\n<meta property=\"og:type\" content=\"article\" \/>\n<meta property=\"og:title\" content=\"Servidores VPS - AYNISOFT SAC\" \/>\n<meta property=\"og:description\" content=\"Servidores VPSSi su proyecto requiere mayores recursos, disponibilidad y flexibilidad de lo que le ofrece un alojamiento compartido o un servidor virtual, entonces necesita un servidor dedicado. Su servidor dedicado no se comparte con ning\u00fan otro usuario o empresa, teniendo as\u00ed, hardware dedicado exclusivamente para sus proyectos, y recursos plenamente garantizados y escalables. Teniendo un [&hellip;]\" \/>\n<meta property=\"og:url\" content=\"https:\/\/www.aynisoft.com\/corporacion\/servidores-vps\/\" \/>\n<meta property=\"og:site_name\" content=\"AYNISOFT SAC\" \/>\n<meta property=\"article:publisher\" content=\"https:\/\/www.facebook.com\/aynisoft\" \/>\n<meta property=\"article:modified_time\" content=\"2022-08-05T15:26:56+00:00\" \/>\n<meta name=\"twitter:card\" content=\"summary_large_image\" \/>\n<meta name=\"twitter:site\" content=\"@aynisoft\" \/>\n<meta name=\"twitter:label1\" content=\"Tiempo de lectura\" \/>\n\t<meta name=\"twitter:data1\" content=\"4 minutos\" \/>\n<script type=\"application\/ld+json\" class=\"yoast-schema-graph\">{\"@context\":\"https:\\\/\\\/schema.org\",\"@graph\":[{\"@type\":\"WebPage\",\"@id\":\"https:\\\/\\\/www.aynisoft.com\\\/corporacion\\\/servidores-vps\\\/\",\"url\":\"https:\\\/\\\/www.aynisoft.com\\\/corporacion\\\/servidores-vps\\\/\",\"name\":\"Servidores VPS - AYNISOFT SAC\",\"isPartOf\":{\"@id\":\"https:\\\/\\\/www.aynisoft.com\\\/corporacion\\\/#website\"},\"datePublished\":\"2020-02-24T17:06:00+00:00\",\"dateModified\":\"2022-08-05T15:26:56+00:00\",\"breadcrumb\":{\"@id\":\"https:\\\/\\\/www.aynisoft.com\\\/corporacion\\\/servidores-vps\\\/#breadcrumb\"},\"inLanguage\":\"es\",\"potentialAction\":[{\"@type\":\"ReadAction\",\"target\":[\"https:\\\/\\\/www.aynisoft.com\\\/corporacion\\\/servidores-vps\\\/\"]}]},{\"@type\":\"BreadcrumbList\",\"@id\":\"https:\\\/\\\/www.aynisoft.com\\\/corporacion\\\/servidores-vps\\\/#breadcrumb\",\"itemListElement\":[{\"@type\":\"ListItem\",\"position\":1,\"name\":\"Portada\",\"item\":\"https:\\\/\\\/www.aynisoft.com\\\/corporacion\\\/\"},{\"@type\":\"ListItem\",\"position\":2,\"name\":\"Servidores VPS\"}]},{\"@type\":\"WebSite\",\"@id\":\"https:\\\/\\\/www.aynisoft.com\\\/corporacion\\\/#website\",\"url\":\"https:\\\/\\\/www.aynisoft.com\\\/corporacion\\\/\",\"name\":\"AYNISOFT SAC\",\"description\":\"Soluciones Inform\u00e1ticas\",\"publisher\":{\"@id\":\"https:\\\/\\\/www.aynisoft.com\\\/corporacion\\\/#organization\"},\"potentialAction\":[{\"@type\":\"SearchAction\",\"target\":{\"@type\":\"EntryPoint\",\"urlTemplate\":\"https:\\\/\\\/www.aynisoft.com\\\/corporacion\\\/?s={search_term_string}\"},\"query-input\":{\"@type\":\"PropertyValueSpecification\",\"valueRequired\":true,\"valueName\":\"search_term_string\"}}],\"inLanguage\":\"es\"},{\"@type\":\"Organization\",\"@id\":\"https:\\\/\\\/www.aynisoft.com\\\/corporacion\\\/#organization\",\"name\":\"AYNISOFT SAC\",\"url\":\"https:\\\/\\\/www.aynisoft.com\\\/corporacion\\\/\",\"logo\":{\"@type\":\"ImageObject\",\"inLanguage\":\"es\",\"@id\":\"https:\\\/\\\/www.aynisoft.com\\\/corporacion\\\/#\\\/schema\\\/logo\\\/image\\\/\",\"url\":\"https:\\\/\\\/www.aynisoft.com\\\/corporacion\\\/wp-content\\\/uploads\\\/2020\\\/02\\\/aynisoft_icono.png\",\"contentUrl\":\"https:\\\/\\\/www.aynisoft.com\\\/corporacion\\\/wp-content\\\/uploads\\\/2020\\\/02\\\/aynisoft_icono.png\",\"width\":512,\"height\":512,\"caption\":\"AYNISOFT SAC\"},\"image\":{\"@id\":\"https:\\\/\\\/www.aynisoft.com\\\/corporacion\\\/#\\\/schema\\\/logo\\\/image\\\/\"},\"sameAs\":[\"https:\\\/\\\/www.facebook.com\\\/aynisoft\",\"https:\\\/\\\/x.com\\\/aynisoft\"]}]}<\/script>\n<!-- \/ Yoast SEO plugin. -->","yoast_head_json":{"title":"Servidores VPS - AYNISOFT SAC","robots":{"index":"index","follow":"follow","max-snippet":"max-snippet:-1","max-image-preview":"max-image-preview:large","max-video-preview":"max-video-preview:-1"},"canonical":"https:\/\/www.aynisoft.com\/corporacion\/servidores-vps\/","og_locale":"es_ES","og_type":"article","og_title":"Servidores VPS - AYNISOFT SAC","og_description":"Servidores VPSSi su proyecto requiere mayores recursos, disponibilidad y flexibilidad de lo que le ofrece un alojamiento compartido o un servidor virtual, entonces necesita un servidor dedicado. Su servidor dedicado no se comparte con ning\u00fan otro usuario o empresa, teniendo as\u00ed, hardware dedicado exclusivamente para sus proyectos, y recursos plenamente garantizados y escalables. Teniendo un [&hellip;]","og_url":"https:\/\/www.aynisoft.com\/corporacion\/servidores-vps\/","og_site_name":"AYNISOFT SAC","article_publisher":"https:\/\/www.facebook.com\/aynisoft","article_modified_time":"2022-08-05T15:26:56+00:00","twitter_card":"summary_large_image","twitter_site":"@aynisoft","twitter_misc":{"Tiempo de lectura":"4 minutos"},"schema":{"@context":"https:\/\/schema.org","@graph":[{"@type":"WebPage","@id":"https:\/\/www.aynisoft.com\/corporacion\/servidores-vps\/","url":"https:\/\/www.aynisoft.com\/corporacion\/servidores-vps\/","name":"Servidores VPS - AYNISOFT SAC","isPartOf":{"@id":"https:\/\/www.aynisoft.com\/corporacion\/#website"},"datePublished":"2020-02-24T17:06:00+00:00","dateModified":"2022-08-05T15:26:56+00:00","breadcrumb":{"@id":"https:\/\/www.aynisoft.com\/corporacion\/servidores-vps\/#breadcrumb"},"inLanguage":"es","potentialAction":[{"@type":"ReadAction","target":["https:\/\/www.aynisoft.com\/corporacion\/servidores-vps\/"]}]},{"@type":"BreadcrumbList","@id":"https:\/\/www.aynisoft.com\/corporacion\/servidores-vps\/#breadcrumb","itemListElement":[{"@type":"ListItem","position":1,"name":"Portada","item":"https:\/\/www.aynisoft.com\/corporacion\/"},{"@type":"ListItem","position":2,"name":"Servidores VPS"}]},{"@type":"WebSite","@id":"https:\/\/www.aynisoft.com\/corporacion\/#website","url":"https:\/\/www.aynisoft.com\/corporacion\/","name":"AYNISOFT SAC","description":"Soluciones Inform\u00e1ticas","publisher":{"@id":"https:\/\/www.aynisoft.com\/corporacion\/#organization"},"potentialAction":[{"@type":"SearchAction","target":{"@type":"EntryPoint","urlTemplate":"https:\/\/www.aynisoft.com\/corporacion\/?s={search_term_string}"},"query-input":{"@type":"PropertyValueSpecification","valueRequired":true,"valueName":"search_term_string"}}],"inLanguage":"es"},{"@type":"Organization","@id":"https:\/\/www.aynisoft.com\/corporacion\/#organization","name":"AYNISOFT SAC","url":"https:\/\/www.aynisoft.com\/corporacion\/","logo":{"@type":"ImageObject","inLanguage":"es","@id":"https:\/\/www.aynisoft.com\/corporacion\/#\/schema\/logo\/image\/","url":"https:\/\/www.aynisoft.com\/corporacion\/wp-content\/uploads\/2020\/02\/aynisoft_icono.png","contentUrl":"https:\/\/www.aynisoft.com\/corporacion\/wp-content\/uploads\/2020\/02\/aynisoft_icono.png","width":512,"height":512,"caption":"AYNISOFT SAC"},"image":{"@id":"https:\/\/www.aynisoft.com\/corporacion\/#\/schema\/logo\/image\/"},"sameAs":["https:\/\/www.facebook.com\/aynisoft","https:\/\/x.com\/aynisoft"]}]}},"_links":{"self":[{"href":"https:\/\/www.aynisoft.com\/corporacion\/wp-json\/wp\/v2\/pages\/719","targetHints":{"allow":["GET"]}}],"collection":[{"href":"https:\/\/www.aynisoft.com\/corporacion\/wp-json\/wp\/v2\/pages"}],"about":[{"href":"https:\/\/www.aynisoft.com\/corporacion\/wp-json\/wp\/v2\/types\/page"}],"author":[{"embeddable":true,"href":"https:\/\/www.aynisoft.com\/corporacion\/wp-json\/wp\/v2\/users\/1"}],"replies":[{"embeddable":true,"href":"https:\/\/www.aynisoft.com\/corporacion\/wp-json\/wp\/v2\/comments?post=719"}],"version-history":[{"count":14,"href":"https:\/\/www.aynisoft.com\/corporacion\/wp-json\/wp\/v2\/pages\/719\/revisions"}],"predecessor-version":[{"id":919,"href":"https:\/\/www.aynisoft.com\/corporacion\/wp-json\/wp\/v2\/pages\/719\/revisions\/919"}],"wp:attachment":[{"href":"https:\/\/www.aynisoft.com\/corporacion\/wp-json\/wp\/v2\/media?parent=719"}],"curies":[{"name":"wp","href":"https:\/\/api.w.org\/{rel}","templated":true}]}}