{"id":722,"date":"2020-02-24T12:06:36","date_gmt":"2020-02-24T17:06:36","guid":{"rendered":"https:\/\/www.aynisoft.com\/corporacion\/?page_id=722"},"modified":"2021-06-25T10:56:32","modified_gmt":"2021-06-25T15:56:32","slug":"servidores-cloud","status":"publish","type":"page","link":"https:\/\/www.aynisoft.com\/corporacion\/servidores-cloud\/","title":{"rendered":"Servidores Cloud"},"content":{"rendered":"<p>[et_pb_section fb_built=\u00bb1&#8243; next_background_color=\u00bb#ffffff\u00bb _builder_version=\u00bb4.3.2&#8243; background_image=\u00bbhttps:\/\/www.aynisoft.com\/corporacion\/wp-content\/uploads\/2020\/02\/aynisoft_pages.jpg\u00bb bottom_divider_style=\u00bbwave2&#8243;][et_pb_row _builder_version=\u00bb4.3.2&#8243;][et_pb_column type=\u00bb4_4&#8243; _builder_version=\u00bb4.3.2&#8243;][et_pb_text _builder_version=\u00bb4.3.2&#8243; header_2_font=\u00bbSquada One|700||on|||||\u00bb header_2_text_align=\u00bbcenter\u00bb header_2_text_color=\u00bb#ffffff\u00bb header_2_font_size=\u00bb48px\u00bb header_2_line_height=\u00bb1.7em\u00bb header_2_text_shadow_style=\u00bbpreset1&#8243;]<\/p>\n<h2>Servidores Cloud<\/h2>\n<p>[\/et_pb_text][\/et_pb_column][\/et_pb_row][\/et_pb_section][et_pb_section fb_built=\u00bb1&#8243; _builder_version=\u00bb4.3.2&#8243;][et_pb_row _builder_version=\u00bb4.3.2&#8243;][et_pb_column type=\u00bb4_4&#8243; _builder_version=\u00bb4.3.2&#8243;][et_pb_text _builder_version=\u00bb4.3.2&#8243;]<\/p>\n<p>Es un nuevo concepto en almacenamiento web que le permite contar con soluciones flexibles y escalables, de acuerdo al crecimiento de su proyecto, sin necesidad de realizar grandes desembolsos iniciales de dinero y sin migraciones ni barreras.<\/p>\n<p>Con la tecnolog\u00eda Cloud, podr\u00e1 tener m\u00e1xima disponibilidad en l\u00ednea, en todo momento, lugar y dispositivo, contando con una nueva tecnolog\u00eda de punta, que le permitir\u00e1 administrar de mejor manera sus recursos, optimizando el funcionamiento de su sitio web y haciendo m\u00e1s f\u00e1cil el crecimiento de sus proyectos.<\/p>\n<p>&nbsp;<\/p>\n<h3 style=\"text-align: center;\"><span style=\"color: #ff0000;\"><strong>IMPORTANTE:<\/strong>\u00a0Los precios no incluyen IGV.<\/span><\/h3>\n<p>[\/et_pb_text][\/et_pb_column][\/et_pb_row][et_pb_row _builder_version=\u00bb4.3.2&#8243;][et_pb_column type=\u00bb4_4&#8243; _builder_version=\u00bb4.3.2&#8243;][et_pb_pricing_tables header_background_color=\u00bb#0c71c3&#8243; _builder_version=\u00bb4.4.2&#8243; currency_frequency_text_color=\u00bb#000000&#8243; price_text_color=\u00bb#0c71c3&#8243; subheader_text_color=\u00bb#ffffff\u00bb body_text_color=\u00bb#000000&#8243; header_font=\u00bbAllerta|700||on|||||\u00bb header_line_height=\u00bb1.7em\u00bb body_font_size=\u00bb16px\u00bb body_line_height=\u00bb1em\u00bb price_font=\u00bbAbel|700|||||||\u00bb currency_frequency_font=\u00bb|700|||||||\u00bb custom_button=\u00bbon\u00bb button_text_color=\u00bb#ffffff\u00bb button_bg_color=\u00bb#0c71c3&#8243; button_border_radius=\u00bb15px\u00bb button_font=\u00bbAllerta|700||on|||||\u00bb button_icon=\u00bb%%24%%\u00bb header_text_shadow_style=\u00bbpreset1&#8243;][et_pb_pricing_table title=\u00bbCloud 1&#8243; currency=\u00bbS\/ \u00bb per=\u00bbMes\u00bb sum=\u00bb26&#8243; button_url=\u00bbhttps:\/\/www.webhostperu.net\/clientes\/cart.php?a=confproduct&#038;i=0&#8243; url_new_window=\u00bbon\u00bb button_text=\u00bbContratar Plan\u00bb _builder_version=\u00bb4.4.2&#8243; subheader_text_color=\u00bb#ffffff\u00bb sticky_transition=\u00bbon\u00bb button_icon_default=\u00bb%%24%%\u00bb]<\/p>\n<p>CPU <strong>1 Core<\/strong><br \/> Memoria RAM <strong>512 MB<\/strong><br \/> <strong>20 GB<\/strong> disco SSD<br \/> <strong>1 TB<\/strong> de transferencia Mensual<\/p>\n<p>[\/et_pb_pricing_table][et_pb_pricing_table featured=\u00bbon\u00bb title=\u00bbCloud 2&#8243; currency=\u00bbS\/ \u00bb per=\u00bbMes\u00bb sum=\u00bb70&#8243; button_url=\u00bbhttps:\/\/www.webhostperu.net\/clientes\/cart.php?a=confproduct&#038;i=1&#8243; url_new_window=\u00bbon\u00bb button_text=\u00bbContratar Plan\u00bb _builder_version=\u00bb4.4.2&#8243; sticky_transition=\u00bbon\u00bb button_icon_default=\u00bb%%24%%\u00bb]<\/p>\n<p>CPU <strong>1 Core<\/strong><br \/> Memoria RAM <strong>1 GB<\/strong><br \/> <strong>30 GB<\/strong> disco SSD<br \/> <strong>2 TB<\/strong> de transferencia Mensual<\/p>\n<p>[\/et_pb_pricing_table][et_pb_pricing_table title=\u00bbCloud 3&#8243; currency=\u00bbS\/ \u00bb per=\u00bbMes\u00bb sum=\u00bb100&#8243; button_url=\u00bbhttps:\/\/www.webhostperu.net\/clientes\/cart.php?a=confproduct&#038;i=2&#8243; url_new_window=\u00bbon\u00bb button_text=\u00bbContratar Plan\u00bb _builder_version=\u00bb4.4.2&#8243; sticky_transition=\u00bbon\u00bb button_icon_default=\u00bb%%24%%\u00bb]<\/p>\n<p>CPU <strong>2 Core<\/strong><br \/> Memoria RAM <strong>2 GB<\/strong><br \/> <strong>40 GB<\/strong> disco SSD<br \/> <strong>3 TB<\/strong> de transferencia Mensual<\/p>\n<p>[\/et_pb_pricing_table][\/et_pb_pricing_tables][et_pb_pricing_tables header_background_color=\u00bb#0c71c3&#8243; _builder_version=\u00bb4.4.2&#8243; currency_frequency_text_color=\u00bb#000000&#8243; price_text_color=\u00bb#0c71c3&#8243; subheader_text_color=\u00bb#ffffff\u00bb body_text_color=\u00bb#000000&#8243; header_font=\u00bbAllerta|700||on|||||\u00bb header_line_height=\u00bb1.7em\u00bb body_font_size=\u00bb16px\u00bb body_line_height=\u00bb1em\u00bb price_font=\u00bbAbel|700|||||||\u00bb currency_frequency_font=\u00bb|700|||||||\u00bb custom_button=\u00bbon\u00bb button_text_color=\u00bb#ffffff\u00bb button_bg_color=\u00bb#0c71c3&#8243; button_border_radius=\u00bb15px\u00bb button_font=\u00bbAllerta|700||on|||||\u00bb button_icon=\u00bb%%24%%\u00bb header_text_shadow_style=\u00bbpreset1&#8243;][et_pb_pricing_table title=\u00bbCloud 4&#8243; currency=\u00bbS\/ \u00bb per=\u00bbMes\u00bb sum=\u00bb190&#8243; button_url=\u00bbhttps:\/\/www.webhostperu.net\/clientes\/cart.php?a=confproduct&#038;i=3&#8243; url_new_window=\u00bbon\u00bb button_text=\u00bbContratar Plan\u00bb _builder_version=\u00bb4.4.2&#8243; sticky_transition=\u00bbon\u00bb button_icon_default=\u00bb%%24%%\u00bb]<\/p>\n<p>CPU <strong>2 Core<\/strong><br \/> Memoria RAM <strong>4 GB<\/strong><br \/> <strong>60 GB<\/strong> disco SSD<br \/> <strong>4 TB<\/strong> de transferencia Mensual<\/p>\n<p>[\/et_pb_pricing_table][et_pb_pricing_table featured=\u00bbon\u00bb title=\u00bbCloud 5&#8243; currency=\u00bbS\/ \u00bb per=\u00bbMes\u00bb sum=\u00bb500&#8243; button_url=\u00bbhttps:\/\/www.webhostperu.net\/clientes\/cart.php?a=confproduct&#038;i=4&#8243; url_new_window=\u00bbon\u00bb button_text=\u00bbContratar Plan\u00bb _builder_version=\u00bb4.4.2&#8243; sticky_transition=\u00bbon\u00bb button_icon_default=\u00bb%%24%%\u00bb]<\/p>\n<p>CPU <strong>4 Core<\/strong><br \/> Memoria RAM <strong>8 GB<\/strong><br \/> <strong>80 GB<\/strong> disco SSD<br \/> <strong>5 TB<\/strong> de transferencia Mensual<\/p>\n<p>[\/et_pb_pricing_table][et_pb_pricing_table title=\u00bbObject Storage\u00bb currency=\u00bbS\/ \u00bb per=\u00bbMes\u00bb sum=\u00bb25&#8243; button_url=\u00bbhttps:\/\/www.webhostperu.net\/clientes\/cart.php?a=confproduct&#038;i=5&#8243; url_new_window=\u00bbon\u00bb button_text=\u00bbContratar Plan\u00bb _builder_version=\u00bb4.4.2&#8243; sticky_transition=\u00bbon\u00bb button_icon_default=\u00bb%%24%%\u00bb]<\/p>\n<p><strong>250 GB<\/strong> Almacenamiento de objetos compatible con S3 simple y escalable con una red de entrega de contenido (CDN) incorporada para almacenar, servir, realizar copias de seguridad y archivar cualquier cantidad de contenido web, im\u00e1genes, medios y archivos est\u00e1ticos para sus aplicaciones web.<\/p>\n<p>[\/et_pb_pricing_table][\/et_pb_pricing_tables][\/et_pb_column][\/et_pb_row][et_pb_row _builder_version=\u00bb4.3.2&#8243;][et_pb_column type=\u00bb4_4&#8243; _builder_version=\u00bb4.3.2&#8243;][et_pb_text _builder_version=\u00bb4.3.2&#8243; header_3_font=\u00bbAllerta|700|||||||\u00bb header_3_text_color=\u00bb#0c71c3&#8243; header_3_text_shadow_style=\u00bbpreset1&#8243;]<\/p>\n<h3>FORMA DE PAGO<\/h3>\n<p><span>DEP\u00d3SITO \u00f3 TRANSFERENCIA BANCARIA a la Cta. Cte. de AYNISOFT SAC en el Banco de Cr\u00e9dito del Per\u00fa n\u00famero: 380-1570773-0-75 (C\u00f3digo Interbancario: 00238000157077307548).\u00a0<\/span><strong>Una vez realizado el dep\u00f3sito o transferencia por favor enviar copia scaneada del voucher del banco o copia del mail de la transferencia a la siguiente direcci\u00f3n:<span>\u00a0<\/span><a href=\"mailto:informes@aynisoft.com\" target=\"_blank\" rel=\"noopener noreferrer\">informes@aynisoft.com<\/a><span>\u00a0<\/span>para que su orden sea activada.<\/strong><\/p>\n<p>[\/et_pb_text][\/et_pb_column][\/et_pb_row][\/et_pb_section]<\/p>\n","protected":false},"excerpt":{"rendered":"<p>Servidores CloudEs un nuevo concepto en almacenamiento web que le permite contar con soluciones flexibles y escalables, de acuerdo al crecimiento de su proyecto, sin necesidad de realizar grandes desembolsos iniciales de dinero y sin migraciones ni barreras. Con la tecnolog\u00eda Cloud, podr\u00e1 tener m\u00e1xima disponibilidad en l\u00ednea, en todo momento, lugar y dispositivo, contando [&hellip;]<\/p>\n","protected":false},"author":1,"featured_media":0,"parent":0,"menu_order":0,"comment_status":"closed","ping_status":"closed","template":"","meta":{"_et_pb_use_builder":"on","_et_pb_old_content":"<!-- wp:divi\/placeholder \/-->","_et_gb_content_width":"","_joinchat":[],"footnotes":""},"class_list":["post-722","page","type-page","status-publish","hentry"],"yoast_head":"<!-- This site is optimized with the Yoast SEO plugin v27.3 - https:\/\/yoast.com\/product\/yoast-seo-wordpress\/ -->\n<title>Servidores Cloud - AYNISOFT SAC<\/title>\n<meta name=\"robots\" content=\"index, follow, max-snippet:-1, max-image-preview:large, max-video-preview:-1\" \/>\n<link rel=\"canonical\" href=\"https:\/\/www.aynisoft.com\/corporacion\/servidores-cloud\/\" \/>\n<meta property=\"og:locale\" content=\"es_ES\" \/>\n<meta property=\"og:type\" content=\"article\" \/>\n<meta property=\"og:title\" content=\"Servidores Cloud - AYNISOFT SAC\" \/>\n<meta property=\"og:description\" content=\"Servidores CloudEs un nuevo concepto en almacenamiento web que le permite contar con soluciones flexibles y escalables, de acuerdo al crecimiento de su proyecto, sin necesidad de realizar grandes desembolsos iniciales de dinero y sin migraciones ni barreras. Con la tecnolog\u00eda Cloud, podr\u00e1 tener m\u00e1xima disponibilidad en l\u00ednea, en todo momento, lugar y dispositivo, contando [&hellip;]\" \/>\n<meta property=\"og:url\" content=\"https:\/\/www.aynisoft.com\/corporacion\/servidores-cloud\/\" \/>\n<meta property=\"og:site_name\" content=\"AYNISOFT SAC\" \/>\n<meta property=\"article:publisher\" content=\"https:\/\/www.facebook.com\/aynisoft\" \/>\n<meta property=\"article:modified_time\" content=\"2021-06-25T15:56:32+00:00\" \/>\n<meta name=\"twitter:card\" content=\"summary_large_image\" \/>\n<meta name=\"twitter:site\" content=\"@aynisoft\" \/>\n<meta name=\"twitter:label1\" content=\"Tiempo de lectura\" \/>\n\t<meta name=\"twitter:data1\" content=\"4 minutos\" \/>\n<script type=\"application\/ld+json\" class=\"yoast-schema-graph\">{\"@context\":\"https:\\\/\\\/schema.org\",\"@graph\":[{\"@type\":\"WebPage\",\"@id\":\"https:\\\/\\\/www.aynisoft.com\\\/corporacion\\\/servidores-cloud\\\/\",\"url\":\"https:\\\/\\\/www.aynisoft.com\\\/corporacion\\\/servidores-cloud\\\/\",\"name\":\"Servidores Cloud - AYNISOFT SAC\",\"isPartOf\":{\"@id\":\"https:\\\/\\\/www.aynisoft.com\\\/corporacion\\\/#website\"},\"datePublished\":\"2020-02-24T17:06:36+00:00\",\"dateModified\":\"2021-06-25T15:56:32+00:00\",\"breadcrumb\":{\"@id\":\"https:\\\/\\\/www.aynisoft.com\\\/corporacion\\\/servidores-cloud\\\/#breadcrumb\"},\"inLanguage\":\"es\",\"potentialAction\":[{\"@type\":\"ReadAction\",\"target\":[\"https:\\\/\\\/www.aynisoft.com\\\/corporacion\\\/servidores-cloud\\\/\"]}]},{\"@type\":\"BreadcrumbList\",\"@id\":\"https:\\\/\\\/www.aynisoft.com\\\/corporacion\\\/servidores-cloud\\\/#breadcrumb\",\"itemListElement\":[{\"@type\":\"ListItem\",\"position\":1,\"name\":\"Portada\",\"item\":\"https:\\\/\\\/www.aynisoft.com\\\/corporacion\\\/\"},{\"@type\":\"ListItem\",\"position\":2,\"name\":\"Servidores Cloud\"}]},{\"@type\":\"WebSite\",\"@id\":\"https:\\\/\\\/www.aynisoft.com\\\/corporacion\\\/#website\",\"url\":\"https:\\\/\\\/www.aynisoft.com\\\/corporacion\\\/\",\"name\":\"AYNISOFT SAC\",\"description\":\"Soluciones Inform\u00e1ticas\",\"publisher\":{\"@id\":\"https:\\\/\\\/www.aynisoft.com\\\/corporacion\\\/#organization\"},\"potentialAction\":[{\"@type\":\"SearchAction\",\"target\":{\"@type\":\"EntryPoint\",\"urlTemplate\":\"https:\\\/\\\/www.aynisoft.com\\\/corporacion\\\/?s={search_term_string}\"},\"query-input\":{\"@type\":\"PropertyValueSpecification\",\"valueRequired\":true,\"valueName\":\"search_term_string\"}}],\"inLanguage\":\"es\"},{\"@type\":\"Organization\",\"@id\":\"https:\\\/\\\/www.aynisoft.com\\\/corporacion\\\/#organization\",\"name\":\"AYNISOFT SAC\",\"url\":\"https:\\\/\\\/www.aynisoft.com\\\/corporacion\\\/\",\"logo\":{\"@type\":\"ImageObject\",\"inLanguage\":\"es\",\"@id\":\"https:\\\/\\\/www.aynisoft.com\\\/corporacion\\\/#\\\/schema\\\/logo\\\/image\\\/\",\"url\":\"https:\\\/\\\/www.aynisoft.com\\\/corporacion\\\/wp-content\\\/uploads\\\/2020\\\/02\\\/aynisoft_icono.png\",\"contentUrl\":\"https:\\\/\\\/www.aynisoft.com\\\/corporacion\\\/wp-content\\\/uploads\\\/2020\\\/02\\\/aynisoft_icono.png\",\"width\":512,\"height\":512,\"caption\":\"AYNISOFT SAC\"},\"image\":{\"@id\":\"https:\\\/\\\/www.aynisoft.com\\\/corporacion\\\/#\\\/schema\\\/logo\\\/image\\\/\"},\"sameAs\":[\"https:\\\/\\\/www.facebook.com\\\/aynisoft\",\"https:\\\/\\\/x.com\\\/aynisoft\"]}]}<\/script>\n<!-- \/ Yoast SEO plugin. -->","yoast_head_json":{"title":"Servidores Cloud - AYNISOFT SAC","robots":{"index":"index","follow":"follow","max-snippet":"max-snippet:-1","max-image-preview":"max-image-preview:large","max-video-preview":"max-video-preview:-1"},"canonical":"https:\/\/www.aynisoft.com\/corporacion\/servidores-cloud\/","og_locale":"es_ES","og_type":"article","og_title":"Servidores Cloud - AYNISOFT SAC","og_description":"Servidores CloudEs un nuevo concepto en almacenamiento web que le permite contar con soluciones flexibles y escalables, de acuerdo al crecimiento de su proyecto, sin necesidad de realizar grandes desembolsos iniciales de dinero y sin migraciones ni barreras. Con la tecnolog\u00eda Cloud, podr\u00e1 tener m\u00e1xima disponibilidad en l\u00ednea, en todo momento, lugar y dispositivo, contando [&hellip;]","og_url":"https:\/\/www.aynisoft.com\/corporacion\/servidores-cloud\/","og_site_name":"AYNISOFT SAC","article_publisher":"https:\/\/www.facebook.com\/aynisoft","article_modified_time":"2021-06-25T15:56:32+00:00","twitter_card":"summary_large_image","twitter_site":"@aynisoft","twitter_misc":{"Tiempo de lectura":"4 minutos"},"schema":{"@context":"https:\/\/schema.org","@graph":[{"@type":"WebPage","@id":"https:\/\/www.aynisoft.com\/corporacion\/servidores-cloud\/","url":"https:\/\/www.aynisoft.com\/corporacion\/servidores-cloud\/","name":"Servidores Cloud - AYNISOFT SAC","isPartOf":{"@id":"https:\/\/www.aynisoft.com\/corporacion\/#website"},"datePublished":"2020-02-24T17:06:36+00:00","dateModified":"2021-06-25T15:56:32+00:00","breadcrumb":{"@id":"https:\/\/www.aynisoft.com\/corporacion\/servidores-cloud\/#breadcrumb"},"inLanguage":"es","potentialAction":[{"@type":"ReadAction","target":["https:\/\/www.aynisoft.com\/corporacion\/servidores-cloud\/"]}]},{"@type":"BreadcrumbList","@id":"https:\/\/www.aynisoft.com\/corporacion\/servidores-cloud\/#breadcrumb","itemListElement":[{"@type":"ListItem","position":1,"name":"Portada","item":"https:\/\/www.aynisoft.com\/corporacion\/"},{"@type":"ListItem","position":2,"name":"Servidores Cloud"}]},{"@type":"WebSite","@id":"https:\/\/www.aynisoft.com\/corporacion\/#website","url":"https:\/\/www.aynisoft.com\/corporacion\/","name":"AYNISOFT SAC","description":"Soluciones Inform\u00e1ticas","publisher":{"@id":"https:\/\/www.aynisoft.com\/corporacion\/#organization"},"potentialAction":[{"@type":"SearchAction","target":{"@type":"EntryPoint","urlTemplate":"https:\/\/www.aynisoft.com\/corporacion\/?s={search_term_string}"},"query-input":{"@type":"PropertyValueSpecification","valueRequired":true,"valueName":"search_term_string"}}],"inLanguage":"es"},{"@type":"Organization","@id":"https:\/\/www.aynisoft.com\/corporacion\/#organization","name":"AYNISOFT SAC","url":"https:\/\/www.aynisoft.com\/corporacion\/","logo":{"@type":"ImageObject","inLanguage":"es","@id":"https:\/\/www.aynisoft.com\/corporacion\/#\/schema\/logo\/image\/","url":"https:\/\/www.aynisoft.com\/corporacion\/wp-content\/uploads\/2020\/02\/aynisoft_icono.png","contentUrl":"https:\/\/www.aynisoft.com\/corporacion\/wp-content\/uploads\/2020\/02\/aynisoft_icono.png","width":512,"height":512,"caption":"AYNISOFT SAC"},"image":{"@id":"https:\/\/www.aynisoft.com\/corporacion\/#\/schema\/logo\/image\/"},"sameAs":["https:\/\/www.facebook.com\/aynisoft","https:\/\/x.com\/aynisoft"]}]}},"_links":{"self":[{"href":"https:\/\/www.aynisoft.com\/corporacion\/wp-json\/wp\/v2\/pages\/722","targetHints":{"allow":["GET"]}}],"collection":[{"href":"https:\/\/www.aynisoft.com\/corporacion\/wp-json\/wp\/v2\/pages"}],"about":[{"href":"https:\/\/www.aynisoft.com\/corporacion\/wp-json\/wp\/v2\/types\/page"}],"author":[{"embeddable":true,"href":"https:\/\/www.aynisoft.com\/corporacion\/wp-json\/wp\/v2\/users\/1"}],"replies":[{"embeddable":true,"href":"https:\/\/www.aynisoft.com\/corporacion\/wp-json\/wp\/v2\/comments?post=722"}],"version-history":[{"count":8,"href":"https:\/\/www.aynisoft.com\/corporacion\/wp-json\/wp\/v2\/pages\/722\/revisions"}],"predecessor-version":[{"id":902,"href":"https:\/\/www.aynisoft.com\/corporacion\/wp-json\/wp\/v2\/pages\/722\/revisions\/902"}],"wp:attachment":[{"href":"https:\/\/www.aynisoft.com\/corporacion\/wp-json\/wp\/v2\/media?parent=722"}],"curies":[{"name":"wp","href":"https:\/\/api.w.org\/{rel}","templated":true}]}}