{"id":910,"date":"2022-01-26T18:52:49","date_gmt":"2022-01-26T23:52:49","guid":{"rendered":"https:\/\/www.aynisoft.com\/corporacion\/?page_id=910"},"modified":"2024-04-17T18:13:34","modified_gmt":"2024-04-17T23:13:34","slug":"terminos-y-condiciones","status":"publish","type":"page","link":"https:\/\/www.aynisoft.com\/corporacion\/terminos-y-condiciones\/","title":{"rendered":"T\u00e9rminos y Condiciones"},"content":{"rendered":"<p>[et_pb_section fb_built=\u00bb1&#8243; next_background_color=\u00bb#ffffff\u00bb admin_label=\u00bbsection\u00bb _builder_version=\u00bb4.16&#8243; background_image=\u00bbhttps:\/\/www.aynisoft.com\/corporacion\/wp-content\/uploads\/2020\/02\/aynisoft_pages.jpg\u00bb bottom_divider_style=\u00bbwave2&#8243; locked=\u00bboff\u00bb global_colors_info=\u00bb{}\u00bb][et_pb_row _builder_version=\u00bb4.16&#8243; global_colors_info=\u00bb{}\u00bb][et_pb_column type=\u00bb4_4&#8243; _builder_version=\u00bb4.16&#8243; global_colors_info=\u00bb{}\u00bb][et_pb_text _builder_version=\u00bb4.16&#8243; header_2_font=\u00bbSquada One|700||on|||||\u00bb header_2_text_align=\u00bbcenter\u00bb header_2_text_color=\u00bb#ffffff\u00bb header_2_font_size=\u00bb48px\u00bb header_2_line_height=\u00bb1.8em\u00bb header_2_text_shadow_style=\u00bbpreset1&#8243; global_colors_info=\u00bb{}\u00bb]<\/p>\n<h2>T\u00e9rminos y Condiciones del Servicio<\/h2>\n<p>[\/et_pb_text][\/et_pb_column][\/et_pb_row][\/et_pb_section][et_pb_section fb_built=\u00bb1&#8243; _builder_version=\u00bb4.16&#8243; _module_preset=\u00bbdefault\u00bb global_colors_info=\u00bb{}\u00bb][et_pb_row _builder_version=\u00bb4.24.3&#8243; _module_preset=\u00bbdefault\u00bb][et_pb_column _builder_version=\u00bb4.24.3&#8243; _module_preset=\u00bbdefault\u00bb type=\u00bb4_4&#8243;][et_pb_text _builder_version=\u00bb4.24.3&#8243; _module_preset=\u00bbdefault\u00bb hover_enabled=\u00bb0&#8243; sticky_enabled=\u00bb0&#8243;]<\/p>\n<p>A sola contrataci\u00f3n por parte de toda persona u organizaci\u00f3n de los servicios ofrecidos por Aynisoft implica la plena aceptaci\u00f3n de las siguientes condiciones:<\/p>\n<p>[\/et_pb_text][\/et_pb_column][\/et_pb_row][et_pb_row _builder_version=\u00bb4.24.3&#8243; _module_preset=\u00bbdefault\u00bb][et_pb_column _builder_version=\u00bb4.24.3&#8243; _module_preset=\u00bbdefault\u00bb type=\u00bb4_4&#8243;][et_pb_accordion _builder_version=\u00bb4.24.3&#8243; _module_preset=\u00bbdefault\u00bb hover_enabled=\u00bb0&#8243; sticky_enabled=\u00bb0&#8243;][et_pb_accordion_item title=\u00bbContenido\u00bb _builder_version=\u00bb4.24.3&#8243; _module_preset=\u00bbdefault\u00bb open=\u00bbon\u00bb open_toggle_text_color=\u00bb#0C71C3&#8243; toggle_level=\u00bbh3&#8243; toggle_font=\u00bb|700|||||||\u00bb hover_enabled=\u00bb0&#8243; sticky_enabled=\u00bb0&#8243;]<\/p>\n<p>Los servicios contratados con Aynisoft S.A.C. deben ser utilizados exclusivamente con fines l\u00edcitos. Queda estrictamente prohibido el uso de cualquiera de los servicios contratados con fines que violen cualquier ley local, provincial, nacional o internacional o simplemente afecten la moral y las buenas costumbres o sean ofensivos para cualquier persona o grupo de personas.<\/p>\n<p>Mientras utilice los servicios contratados con Aynisoft, el usuario no podr\u00e1:<\/p>\n<ul>\n<li>Divulgar o transmitir informaci\u00f3n ilegal, abusiva, difamatoria, racista, ofensiva, o cualquier otro tipo de informaci\u00f3n susceptible de objeci\u00f3n, ya sea mediante fotograf\u00edas, textos, banners publicitarios o enlaces a p\u00e1ginas externas.<\/li>\n<li>Publicar, transmitir, reproducir, distribuir o explotar cualquier informaci\u00f3n o software que contenga virus o cualquier otro componente da\u00f1ino.<\/li>\n<li>Publicar, transmitir, reproducir, distribuir o explotar software u otro material que no sea original (pirateado).<\/li>\n<li>Publicar, transmitir, reproducir, distribuir o explotar material que pueda infringir derechos de propiedad intelectual.<\/li>\n<li>Publicar sitios que tengan como objetivo la obtenci\u00f3n ilegal de claves de acceso a cuentas de email o cuentas bancarias.<\/li>\n<li>Publicar o facilitar material o recursos sobre hacking, cracking, o cualquier otra informaci\u00f3n que Aynisoft considere inapropiada.<\/li>\n<li>Publicar, transmitir, reproducir, distribuir o explotar material que contenga pornograf\u00eda infantil o cualquier mercadotecnia relacionada.<\/li>\n<\/ul>\n<p>Cualquier uso del servicio para fines il\u00edcitos autorizar\u00e1 a Aynisoft a suspender los servicios contratados sin previo aviso.<\/p>\n<p>El abonado es el receptor y responsable de los datos personales que pudiera insertar como contenidos en su p\u00e1gina web, con las responsabilidades y obligaciones que establece la Ley N\u00ba 29733 \u2013 Ley de Protecci\u00f3n de Datos.<\/p>\n<p>El contratante autoriza a Aynisoft S.A.C. a transferir, almacenar y procesar sus Datos Personales a Servidores a nivel internacional (\u201cflujo transfronterizo\u201d) de acuerdo a las disposiciones establecidas en la Ley N\u00ba 29733 \u2013 Ley de Protecci\u00f3n de Datos y su Reglamento.<\/p>\n<p>El abonado declara haber sido informado por Aynisoft S.A.C. que los Servidores se encuentran ubicados en USA.<\/p>\n<p>El abonado es el \u00fanico responsable en la inscripci\u00f3n de los bancos de datos personales y las comunicaciones referidas al \u201cflujo transfronterizo\u201d al Registro Nacional de Protecci\u00f3n de Datos Personales.<\/p>\n<p>Aynisoft S.A.C. no comparte, no permite accesos, no suministra, no administra o no informa respecto de los datos personales que pudiera obtener o ser suministrado por el abonado hacia anunciantes o terceros. Por ello, no se responsabiliza por el manejo de la informaci\u00f3n que realice el abonado en la p\u00e1gina web o la informaci\u00f3n que sea obtenida por terceros, con o sin su consentimiento, ni por la seguridad de los datos que el abonado suministre voluntariamente a terceros.<\/p>\n<p>[\/et_pb_accordion_item][et_pb_accordion_item title=\u00bbDistribuci\u00f3n de archivos\u00bb _builder_version=\u00bb4.24.3&#8243; _module_preset=\u00bbdefault\u00bb open=\u00bbon\u00bb open_toggle_text_color=\u00bb#0C71C3&#8243; toggle_level=\u00bbh3&#8243; toggle_font=\u00bb|700|||||||\u00bb hover_enabled=\u00bb0&#8243; sticky_enabled=\u00bb0&#8243;]<\/p>\n<p>Los sitios web cuyo prop\u00f3sito es la distribuci\u00f3n de archivos (galer\u00edas de fotos, MP3, librer\u00edas de programas para bajar, etc.) ser\u00e1n considerados caso por caso. Un sitio se podr\u00e1 considerar as\u00ed, cuando m\u00e1s del 20% de su contenido, est\u00e9 dedicado a archivos para distribuci\u00f3n.<\/p>\n<p>Aynisoft se reserva el derecho a denegar o cancelar los servicios contratados por el usuario si su sitio o sitios son considerados dentro de esta categor\u00eda.<\/p>\n<p>Queda terminantemente prohibido el uso del servicio para la instalaci\u00f3n de un nodo de bitorrent.<\/p>\n<p>[\/et_pb_accordion_item][et_pb_accordion_item title=\u00bbDenegaci\u00f3n del servicio\u00bb _builder_version=\u00bb4.24.3&#8243; _module_preset=\u00bbdefault\u00bb open=\u00bbon\u00bb open_toggle_text_color=\u00bb#0C71C3&#8243; toggle_level=\u00bbh3&#8243; toggle_font=\u00bb|700|||||||\u00bb hover_enabled=\u00bb0&#8243; sticky_enabled=\u00bb0&#8243;]<\/p>\n<p>Aynisoft S.A.C. se reserva el derecho a denegar o cancelar los servicios contratados por el usuario con o sin notificaci\u00f3n previa si el mismo incurre en cualquier conducta o actividad que resulte violatoria de alguno de los t\u00e9rminos y condiciones estipulados en el presente contrato, como as\u00ed tambi\u00e9n cualquier otra violaci\u00f3n a leyes regionales, nacionales y\/o internacionales vigentes, o por cualquier otro motivo que se considere suficiente raz\u00f3n, responsabiliz\u00e1ndose el usuario del servicio de las consecuencias que pudieren resultar de la cancelaci\u00f3n del mismo.<\/p>\n<p>Aynisoft S.A.C. se reserva el derecho de aceptar o rechazar las solicitudes de servicio ya que la activaci\u00f3n de un servicio supone el acceso sobre una red de uso privado y propiedad de la empresa.<\/p>\n<p>[\/et_pb_accordion_item][et_pb_accordion_item title=\u00bbResponsabilidades del usuario\u00bb _builder_version=\u00bb4.24.3&#8243; _module_preset=\u00bbdefault\u00bb open=\u00bbon\u00bb open_toggle_text_color=\u00bb#0C71C3&#8243; toggle_level=\u00bbh3&#8243; toggle_font=\u00bb|700|||||||\u00bb hover_enabled=\u00bb0&#8243; sticky_enabled=\u00bb0&#8243;]<\/p>\n<p>El usuario ser\u00e1 absolutamente responsable por los contenidos incorporados en sus sitios, y por las consecuencias que estos contenidos puedan traer al servidor, al dominio, a Aynisoft S.A.C. y\/o a terceras personas, debi\u00e9ndose hacer cargo y responsable de los costos surgidos de las acciones requeridas para la suspensi\u00f3n de las causas del da\u00f1o y cualquier otro costo o indemnizaci\u00f3n fijada por la justicia en caso de intervenir.<\/p>\n<p>Aynisoft S.A.C. considera como usuario y \u00fanico responsable al titular del servicio. En el caso de que el usuario contrate servicios de reventa, ser\u00e1 el titular el \u00fanico responsable por todos los sitios o dominios que trabajen a trav\u00e9s de su cuenta en los equipos y redes de Aynisoft y por sus consecuencias, desconociendo el accionar o posible responsabilidad de terceras personas.<\/p>\n<p>[\/et_pb_accordion_item][et_pb_accordion_item title=\u00bbAbuso de los recursos\u00bb _builder_version=\u00bb4.24.3&#8243; _module_preset=\u00bbdefault\u00bb open=\u00bbon\u00bb open_toggle_text_color=\u00bb#0C71C3&#8243; toggle_level=\u00bbh3&#8243; toggle_font=\u00bb|700|||||||\u00bb hover_enabled=\u00bb0&#8243; sticky_enabled=\u00bb0&#8243;]<\/p>\n<p>El usuario debe asegurar que la utilizaci\u00f3n del servicio que brinda Aynisoft S.A.C. no genere problemas sobre el funcionamiento del servidor, trayendo aparejado problemas en el rendimiento de los equipos de la red de Aynisoft S.A.C. y conflictos a terceros.<\/p>\n<p>Aynisoft S.A.C. se reserva el derecho a denegar, cancelar o suspender moment\u00e1neamente o en forma definitiva los servicios contratados por el usuario con o sin notificaci\u00f3n previa si el sitio o los sitios de este, afectan al normal funcionamiento de los servidores y perjudicando directamente a la empresa como a terceros.<\/p>\n<p>Aynisoft S.A.C. se reserva el derecho de imponer restricciones a los procesos de CPU, y\/o l\u00edmites a la capacidad de proceso de la cuenta del Cliente, para prevenir la interrupci\u00f3n del servicio a otros clientes.<\/p>\n<p>No puede usar ninguna de nuestras cuentas (a Excepcion de VPS y Servidores Dedicados) para almacenar informaci\u00f3n de otras cuentas, hacer backups, guardar backups de DVD, MP3 o cualquier otro archivo mayor a 150 MB, y pueden contener hasta un l\u00edmite de 150000 archivos.<\/p>\n<p>[\/et_pb_accordion_item][et_pb_accordion_item title=\u00bbPerdida de datos\u00bb _builder_version=\u00bb4.24.3&#8243; _module_preset=\u00bbdefault\u00bb open=\u00bbon\u00bb open_toggle_text_color=\u00bb#0C71C3&#8243; toggle_level=\u00bbh3&#8243; toggle_font=\u00bb|700|||||||\u00bb hover_enabled=\u00bb0&#8243; sticky_enabled=\u00bb0&#8243;]<\/p>\n<p>Aynisoft S.A.C. no puede garantizar al 100% la continuidad del servicio, por lo que no se hace responsable por la p\u00e9rdida de datos en el servidor causada por usuarios, fallos en nuestro sistema o actualizaciones en nuestros servidores. Es responsabilidad del usuario el mantener una copia de seguridad (backup) del sitio. As\u00ed tambi\u00e9n es responsabilidad del usuario mantener bajo resguardo los mails del sistema webmail y las claves de acceso al sitio y dem\u00e1s sistemas instalados en su cuenta.<\/p>\n<p>Por motivo de manejo de espacio, Aynisoft S.A.C. no guarda registros hist\u00f3ricos de su log o backups por m\u00e1s de 3 meses de antig\u00fcedad, por lo que es responsabilidad del cliente hacer sus backups, para lo cual Aynisoft S.A.C. pone a disposici\u00f3n herramientas de backups en la cuenta Cpanel del abonado.<\/p>\n<p>[\/et_pb_accordion_item][et_pb_accordion_item title=\u00bbEnvio de emails\u00bb _builder_version=\u00bb4.24.3&#8243; _module_preset=\u00bbdefault\u00bb open=\u00bbon\u00bb open_toggle_text_color=\u00bb#0C71C3&#8243; toggle_level=\u00bbh3&#8243; toggle_font=\u00bb|700|||||||\u00bb hover_enabled=\u00bb0&#8243; sticky_enabled=\u00bb0&#8243;]<\/p>\n<p>Aynisoft S.A.C. mantiene una pol\u00edtica de cero-tolerancia respecto al email no solicitado y esto llevar\u00e1 a la terminaci\u00f3n inmediata de su cuenta de Hosting.<\/p>\n<p>Por lo complejo de los sistemas de mitigaci\u00f3n de SPAM Aynisoft no puede garantizar que todos los correos electr\u00f3nicos enviados puedan llegar a su destino, por lo cual, Aynisoft S.A.C. no se hace responsable por posible filtraci\u00f3n o bloqueo de los proveedores de email que resulten en la no llegada de sus correos, pero si se compromete a hacer su mayor esfuerzo para que los servicios de correo electr\u00f3nico cumplan su funci\u00f3n de trasmitir los correos eficientemente.<\/p>\n<p>Los usuarios de nuestros Planes de Hosting Empresarial no pueden enviar m\u00e1s de 250 correos por hora por. Los usuarios de nuestros Planes Corporativos no pueden enviar m\u00e1s de 500 correos por hora. Los correos enviados por encima de esas cantidades ser\u00e1n descartados por nuestro servidor. Otras cuentas como los VPS o los servidores Dedicados estas exentos de este limite.<\/p>\n<p>[\/et_pb_accordion_item][et_pb_accordion_item title=\u00bbCorreo no deseado (SPAM)\u00bb _builder_version=\u00bb4.24.3&#8243; _module_preset=\u00bbdefault\u00bb open=\u00bbon\u00bb open_toggle_text_color=\u00bb#0C71C3&#8243; toggle_level=\u00bbh3&#8243; toggle_font=\u00bb|700|||||||\u00bb hover_enabled=\u00bb0&#8243; sticky_enabled=\u00bb0&#8243;]<\/p>\n<p>Queda expresamente prohibido todo tipo de env\u00edos masivos de e-mails no solicitados y\/o que afecten derechos de terceros. Cualquier usuario que incurriera en actos de este tipo, ser\u00e1 inmediatamente suspendido, perdiendo el usuario todo derecho de reclamar a la empresa por dicha acci\u00f3n. La aceptaci\u00f3n de estos t\u00e9rminos y condiciones compromete al usuario al cumplimiento de la pol\u00edtica Anti-Spam de Aynisoft. En caso del no cumplimiento de la misma, hace responsable al usuario, de los da\u00f1os y perjuicios ocasionados y autoriza a Aynisoft a compartir cualquier informaci\u00f3n con las autoridades legales que lo requieran.<\/p>\n<p>[\/et_pb_accordion_item][et_pb_accordion_item title=\u00bbAlta y baja del servicio\u00bb _builder_version=\u00bb4.24.3&#8243; _module_preset=\u00bbdefault\u00bb open=\u00bbon\u00bb open_toggle_text_color=\u00bb#0C71C3&#8243; toggle_level=\u00bbh3&#8243; toggle_font=\u00bb|700|||||||\u00bb hover_enabled=\u00bb0&#8243; sticky_enabled=\u00bb0&#8243;]<\/p>\n<p>Al alta del servicio se realizar\u00e1 autom\u00e1ticamente una vez que el cliente haya realizado en pago por adelantado del servicio.<\/p>\n<p>La publicaci\u00f3n de su dominio se har\u00e1 en un plazo m\u00e1ximo de 48 horas una vez se haya cancelado el servicio, este tiempo est\u00e1 en funci\u00f3n a la demora en la propagaci\u00f3n del nombre del dominio en los servidores DNS.<\/p>\n<p>El pago por servicios contratados ser\u00e1 efectuado por adelantado por un per\u00edodo de 01 a\u00f1o, siendo la fecha de corte los d\u00edas 5 de cada mes.<\/p>\n<p>Aynisoft se reserva el derecho de suspensi\u00f3n del servicio por falta de pago. A partir del momento de la suspensi\u00f3n Aynisoft puede determinar la eliminaci\u00f3n de toda la informaci\u00f3n alojada en el servidor por el usuario cuando lo considere oportuno sin hacerse responsable por la p\u00e9rdida del contenido incluido en la cuenta impaga, ni por las consecuencias que dicha eliminaci\u00f3n pueda traer aparejada.<\/p>\n<p>[\/et_pb_accordion_item][et_pb_accordion_item title=\u00bbModificaciones de los servicios prestados\u00bb _builder_version=\u00bb4.24.3&#8243; _module_preset=\u00bbdefault\u00bb open=\u00bbon\u00bb open_toggle_text_color=\u00bb#0C71C3&#8243; toggle_level=\u00bbh3&#8243; toggle_font=\u00bb|700|||||||\u00bb hover_enabled=\u00bb0&#8243; sticky_enabled=\u00bb0&#8243;]<\/p>\n<p>Aynisoft se reserva el derecho a introducir modificaciones en las caracter\u00edsticas y precios de los planes y\/o servicios ofrecidos. Toda notificaci\u00f3n que afecte a las caracter\u00edsticas t\u00e9cnicas de los servicios ofertados tendr\u00e1 lugar directamente a trav\u00e9s de nuestro sitio web (http:\/\/www.aynisoft.com).<\/p>\n<p>Aunque Aynisoft se reserva el derecho de modificar el precio de los servicios en cualquier momento, los precios pactados con la contrataci\u00f3n de un servicio est\u00e1n garantizados por el per\u00edodo contratado.<\/p>\n<p>Las condiciones y normas aqu\u00ed enunciadas podr\u00e1n ser modificadas por parte de Aynisoft, cuando lo considere oportuno.<\/p>\n<p>[\/et_pb_accordion_item][\/et_pb_accordion][\/et_pb_column][\/et_pb_row][\/et_pb_section]<\/p>\n","protected":false},"excerpt":{"rendered":"<p>T\u00e9rminos y Condiciones del ServicioA sola contrataci\u00f3n por parte de toda persona u organizaci\u00f3n de los servicios ofrecidos por Aynisoft implica la plena aceptaci\u00f3n de las siguientes condiciones:Los servicios contratados con Aynisoft S.A.C. deben ser utilizados exclusivamente con fines l\u00edcitos. Queda estrictamente prohibido el uso de cualquiera de los servicios contratados con fines que violen [&hellip;]<\/p>\n","protected":false},"author":1,"featured_media":0,"parent":0,"menu_order":0,"comment_status":"closed","ping_status":"closed","template":"","meta":{"_et_pb_use_builder":"on","_et_pb_old_content":"<!-- wp:divi\/placeholder \/-->","_et_gb_content_width":"","_joinchat":[],"footnotes":""},"class_list":["post-910","page","type-page","status-publish","hentry"],"yoast_head":"<!-- This site is optimized with the Yoast SEO plugin v27.3 - https:\/\/yoast.com\/product\/yoast-seo-wordpress\/ -->\n<title>T\u00e9rminos y Condiciones - AYNISOFT SAC<\/title>\n<meta name=\"robots\" content=\"index, follow, max-snippet:-1, max-image-preview:large, max-video-preview:-1\" \/>\n<link rel=\"canonical\" href=\"https:\/\/www.aynisoft.com\/corporacion\/terminos-y-condiciones\/\" \/>\n<meta property=\"og:locale\" content=\"es_ES\" \/>\n<meta property=\"og:type\" content=\"article\" \/>\n<meta property=\"og:title\" content=\"T\u00e9rminos y Condiciones - AYNISOFT SAC\" \/>\n<meta property=\"og:description\" content=\"T\u00e9rminos y Condiciones del ServicioA sola contrataci\u00f3n por parte de toda persona u organizaci\u00f3n de los servicios ofrecidos por Aynisoft implica la plena aceptaci\u00f3n de las siguientes condiciones:Los servicios contratados con Aynisoft S.A.C. deben ser utilizados exclusivamente con fines l\u00edcitos. Queda estrictamente prohibido el uso de cualquiera de los servicios contratados con fines que violen [&hellip;]\" \/>\n<meta property=\"og:url\" content=\"https:\/\/www.aynisoft.com\/corporacion\/terminos-y-condiciones\/\" \/>\n<meta property=\"og:site_name\" content=\"AYNISOFT SAC\" \/>\n<meta property=\"article:publisher\" content=\"https:\/\/www.facebook.com\/aynisoft\" \/>\n<meta property=\"article:modified_time\" content=\"2024-04-17T23:13:34+00:00\" \/>\n<meta name=\"twitter:card\" content=\"summary_large_image\" \/>\n<meta name=\"twitter:site\" content=\"@aynisoft\" \/>\n<script type=\"application\/ld+json\" class=\"yoast-schema-graph\">{\"@context\":\"https:\\\/\\\/schema.org\",\"@graph\":[{\"@type\":\"WebPage\",\"@id\":\"https:\\\/\\\/www.aynisoft.com\\\/corporacion\\\/terminos-y-condiciones\\\/\",\"url\":\"https:\\\/\\\/www.aynisoft.com\\\/corporacion\\\/terminos-y-condiciones\\\/\",\"name\":\"T\u00e9rminos y Condiciones - AYNISOFT SAC\",\"isPartOf\":{\"@id\":\"https:\\\/\\\/www.aynisoft.com\\\/corporacion\\\/#website\"},\"datePublished\":\"2022-01-26T23:52:49+00:00\",\"dateModified\":\"2024-04-17T23:13:34+00:00\",\"breadcrumb\":{\"@id\":\"https:\\\/\\\/www.aynisoft.com\\\/corporacion\\\/terminos-y-condiciones\\\/#breadcrumb\"},\"inLanguage\":\"es\",\"potentialAction\":[{\"@type\":\"ReadAction\",\"target\":[\"https:\\\/\\\/www.aynisoft.com\\\/corporacion\\\/terminos-y-condiciones\\\/\"]}]},{\"@type\":\"BreadcrumbList\",\"@id\":\"https:\\\/\\\/www.aynisoft.com\\\/corporacion\\\/terminos-y-condiciones\\\/#breadcrumb\",\"itemListElement\":[{\"@type\":\"ListItem\",\"position\":1,\"name\":\"Portada\",\"item\":\"https:\\\/\\\/www.aynisoft.com\\\/corporacion\\\/\"},{\"@type\":\"ListItem\",\"position\":2,\"name\":\"T\u00e9rminos y Condiciones\"}]},{\"@type\":\"WebSite\",\"@id\":\"https:\\\/\\\/www.aynisoft.com\\\/corporacion\\\/#website\",\"url\":\"https:\\\/\\\/www.aynisoft.com\\\/corporacion\\\/\",\"name\":\"AYNISOFT SAC\",\"description\":\"Soluciones Inform\u00e1ticas\",\"publisher\":{\"@id\":\"https:\\\/\\\/www.aynisoft.com\\\/corporacion\\\/#organization\"},\"potentialAction\":[{\"@type\":\"SearchAction\",\"target\":{\"@type\":\"EntryPoint\",\"urlTemplate\":\"https:\\\/\\\/www.aynisoft.com\\\/corporacion\\\/?s={search_term_string}\"},\"query-input\":{\"@type\":\"PropertyValueSpecification\",\"valueRequired\":true,\"valueName\":\"search_term_string\"}}],\"inLanguage\":\"es\"},{\"@type\":\"Organization\",\"@id\":\"https:\\\/\\\/www.aynisoft.com\\\/corporacion\\\/#organization\",\"name\":\"AYNISOFT SAC\",\"url\":\"https:\\\/\\\/www.aynisoft.com\\\/corporacion\\\/\",\"logo\":{\"@type\":\"ImageObject\",\"inLanguage\":\"es\",\"@id\":\"https:\\\/\\\/www.aynisoft.com\\\/corporacion\\\/#\\\/schema\\\/logo\\\/image\\\/\",\"url\":\"https:\\\/\\\/www.aynisoft.com\\\/corporacion\\\/wp-content\\\/uploads\\\/2020\\\/02\\\/aynisoft_icono.png\",\"contentUrl\":\"https:\\\/\\\/www.aynisoft.com\\\/corporacion\\\/wp-content\\\/uploads\\\/2020\\\/02\\\/aynisoft_icono.png\",\"width\":512,\"height\":512,\"caption\":\"AYNISOFT SAC\"},\"image\":{\"@id\":\"https:\\\/\\\/www.aynisoft.com\\\/corporacion\\\/#\\\/schema\\\/logo\\\/image\\\/\"},\"sameAs\":[\"https:\\\/\\\/www.facebook.com\\\/aynisoft\",\"https:\\\/\\\/x.com\\\/aynisoft\"]}]}<\/script>\n<!-- \/ Yoast SEO plugin. -->","yoast_head_json":{"title":"T\u00e9rminos y Condiciones - AYNISOFT SAC","robots":{"index":"index","follow":"follow","max-snippet":"max-snippet:-1","max-image-preview":"max-image-preview:large","max-video-preview":"max-video-preview:-1"},"canonical":"https:\/\/www.aynisoft.com\/corporacion\/terminos-y-condiciones\/","og_locale":"es_ES","og_type":"article","og_title":"T\u00e9rminos y Condiciones - AYNISOFT SAC","og_description":"T\u00e9rminos y Condiciones del ServicioA sola contrataci\u00f3n por parte de toda persona u organizaci\u00f3n de los servicios ofrecidos por Aynisoft implica la plena aceptaci\u00f3n de las siguientes condiciones:Los servicios contratados con Aynisoft S.A.C. deben ser utilizados exclusivamente con fines l\u00edcitos. Queda estrictamente prohibido el uso de cualquiera de los servicios contratados con fines que violen [&hellip;]","og_url":"https:\/\/www.aynisoft.com\/corporacion\/terminos-y-condiciones\/","og_site_name":"AYNISOFT SAC","article_publisher":"https:\/\/www.facebook.com\/aynisoft","article_modified_time":"2024-04-17T23:13:34+00:00","twitter_card":"summary_large_image","twitter_site":"@aynisoft","schema":{"@context":"https:\/\/schema.org","@graph":[{"@type":"WebPage","@id":"https:\/\/www.aynisoft.com\/corporacion\/terminos-y-condiciones\/","url":"https:\/\/www.aynisoft.com\/corporacion\/terminos-y-condiciones\/","name":"T\u00e9rminos y Condiciones - AYNISOFT SAC","isPartOf":{"@id":"https:\/\/www.aynisoft.com\/corporacion\/#website"},"datePublished":"2022-01-26T23:52:49+00:00","dateModified":"2024-04-17T23:13:34+00:00","breadcrumb":{"@id":"https:\/\/www.aynisoft.com\/corporacion\/terminos-y-condiciones\/#breadcrumb"},"inLanguage":"es","potentialAction":[{"@type":"ReadAction","target":["https:\/\/www.aynisoft.com\/corporacion\/terminos-y-condiciones\/"]}]},{"@type":"BreadcrumbList","@id":"https:\/\/www.aynisoft.com\/corporacion\/terminos-y-condiciones\/#breadcrumb","itemListElement":[{"@type":"ListItem","position":1,"name":"Portada","item":"https:\/\/www.aynisoft.com\/corporacion\/"},{"@type":"ListItem","position":2,"name":"T\u00e9rminos y Condiciones"}]},{"@type":"WebSite","@id":"https:\/\/www.aynisoft.com\/corporacion\/#website","url":"https:\/\/www.aynisoft.com\/corporacion\/","name":"AYNISOFT SAC","description":"Soluciones Inform\u00e1ticas","publisher":{"@id":"https:\/\/www.aynisoft.com\/corporacion\/#organization"},"potentialAction":[{"@type":"SearchAction","target":{"@type":"EntryPoint","urlTemplate":"https:\/\/www.aynisoft.com\/corporacion\/?s={search_term_string}"},"query-input":{"@type":"PropertyValueSpecification","valueRequired":true,"valueName":"search_term_string"}}],"inLanguage":"es"},{"@type":"Organization","@id":"https:\/\/www.aynisoft.com\/corporacion\/#organization","name":"AYNISOFT SAC","url":"https:\/\/www.aynisoft.com\/corporacion\/","logo":{"@type":"ImageObject","inLanguage":"es","@id":"https:\/\/www.aynisoft.com\/corporacion\/#\/schema\/logo\/image\/","url":"https:\/\/www.aynisoft.com\/corporacion\/wp-content\/uploads\/2020\/02\/aynisoft_icono.png","contentUrl":"https:\/\/www.aynisoft.com\/corporacion\/wp-content\/uploads\/2020\/02\/aynisoft_icono.png","width":512,"height":512,"caption":"AYNISOFT SAC"},"image":{"@id":"https:\/\/www.aynisoft.com\/corporacion\/#\/schema\/logo\/image\/"},"sameAs":["https:\/\/www.facebook.com\/aynisoft","https:\/\/x.com\/aynisoft"]}]}},"_links":{"self":[{"href":"https:\/\/www.aynisoft.com\/corporacion\/wp-json\/wp\/v2\/pages\/910","targetHints":{"allow":["GET"]}}],"collection":[{"href":"https:\/\/www.aynisoft.com\/corporacion\/wp-json\/wp\/v2\/pages"}],"about":[{"href":"https:\/\/www.aynisoft.com\/corporacion\/wp-json\/wp\/v2\/types\/page"}],"author":[{"embeddable":true,"href":"https:\/\/www.aynisoft.com\/corporacion\/wp-json\/wp\/v2\/users\/1"}],"replies":[{"embeddable":true,"href":"https:\/\/www.aynisoft.com\/corporacion\/wp-json\/wp\/v2\/comments?post=910"}],"version-history":[{"count":5,"href":"https:\/\/www.aynisoft.com\/corporacion\/wp-json\/wp\/v2\/pages\/910\/revisions"}],"predecessor-version":[{"id":925,"href":"https:\/\/www.aynisoft.com\/corporacion\/wp-json\/wp\/v2\/pages\/910\/revisions\/925"}],"wp:attachment":[{"href":"https:\/\/www.aynisoft.com\/corporacion\/wp-json\/wp\/v2\/media?parent=910"}],"curies":[{"name":"wp","href":"https:\/\/api.w.org\/{rel}","templated":true}]}}